{"id":17709,"date":"2017-03-21T00:25:21","date_gmt":"2017-03-21T00:25:21","guid":{"rendered":"https:\/\/adners.de\/?page_id=17709"},"modified":"2025-01-15T16:23:39","modified_gmt":"2025-01-15T15:23:39","slug":"das-wohfuehl-hotel","status":"publish","type":"page","link":"https:\/\/adners.de\/?page_id=17709","title":{"rendered":"Hotelzimmer"},"content":{"rendered":"<section><div class=\"container\"><div class=\"row\"><div class=\"wpb_column hcode-column-container hcode-column-1 sm-no-margin-top xs-no-margin-top  col-xs-mobile-fullwidth\" data-front-class=\"hcode-column-1 sm-no-margin-top xs-no-margin-top col-xs-mobile-fullwidth front-column-class\"><div class=\"vc-column-innner-wrapper\"><h2 class=\"section-title hcode-heading-1 sm-no-margin xs-no-margin black-text\">Ihr Wohf\u00fchl-Hotel<\/h2><h4 class=\"section-title hcode-heading-2 sm-no-margin xs-no-margin black-text\">Unsere Zimmer im Hotel<\/h4><p>Hier wollen wir Ihnen einen kleinen Einblick in das Innere unserer Zimmer gew\u00e4hren.<br \/>\nWir haben gro\u00dfen Wert auf eine individuelle und gem\u00fctliche Einrichtung gelegt.<\/p>\n<p><span style=\"text-decoration: underline;\"><strong>Unser Zimmer sind unterteilt in die folgenden Zimmerkategorien:<\/strong><\/span><\/p>\n<p>Doppelzimmer der Kat. A \/ A Comfort+ und Kat. B,<br \/>\nAppartements und Appartements Comfort+.<br \/>\nDie Zimmer sind alle mit Dusche\/WC, W-Lan, Flachbild Fernseher und Telefon ausgestattet.<\/p>\n<h4><strong><u>Comfort Doppelzimmer der Kat. A<\/u><\/strong><u>+<\/u><\/h4>\n<p><em>Jedes Zimmer ist individuell mit hochwertigen M\u00f6beln in warmen Holzt\u00f6nen gestaltet.<br \/>\nDas Panorama \u00fcber dem King-Size-Bett (180x200cm) in Komforth\u00f6he l\u00e4sst Sie vom sch\u00f6nen Erzgebirge tr\u00e4umen.<br \/>\n<\/em><em>Das Zimmer ist weiter ausgestattet mit einen Tisch mit bequemen Sitzgelegenheiten und einen Schreibtisch.<br \/>\nIhr Badezimmer mit ebenerdiger Wellnessdusche l\u00e4dt Sie zum Entspannen ein.<br \/>\nDiese Zimmer sind 20 bis 25qm gro\u00df.<br \/>\n<\/em><\/p>\n<p><span style=\"color: #000000; background-color: #ff9900;\"><strong>Wenn Sie auf das Bild klicken k\u00f6nnen Sie einen virtuellen Rundgang durch ein Comfort Zimmer der Kat. A plus machen, <\/strong><\/span><br \/>\n<span style=\"color: #000000; background-color: #ff9900;\"><strong>in Verbindung mit einem weiteren kleineren Zimmer wird es zum Comfort Appartement A plus.<\/strong><\/span><\/p>\n<p><a href=\"https:\/\/www.google.com\/maps\/place\/Adners+Gasthof+und+Hotel\/@50.4753206,12.7667638,3a,75y,1.65h,80.33t\/data=!3m7!1e1!3m5!1sAF1QipOBRbbmKpGSxRata1mj4CMLZKNUcvDffD8g2wMc!2e10!6shttps:%2F%2Flh3.googleusercontent.com%2Fp%2FAF1QipOBRbbmKpGSxRata1mj4CMLZKNUcvDffD8g2wMc%3Dw900-h600-k-no-pi9.674368719808896-ya352.99501051768345-ro0-fo100!7i12000!8i6000!4m12!3m11!1s0x47a0b9e1884eba23:0xbfb8d9ca87d170b0!5m2!4m1!1i2!8m2!3d50.475318!4d12.766667!10e5!14m1!1BCgIgARICGAI!16s%2Fg%2F1tdn7n_2?entry=ttu&amp;g_ep=EgoyMDI1MDExMC4wIKXMDSoASAFQAw%3D%3D\"><img src=\"https:\/\/adners.de\/files\/flyer_aktuell\/DZ A+.jpg\" alt=\"Comfort Doppelzimmer A +\" width=\"1280\" height=\"406\" \/><\/a><\/p>\n<h4><strong><u>Comfort Appartement<\/u><\/strong><u>+<br \/>\n<\/u><\/h4>\n<p><em>Jedes Zimmer ist individuell mit hochwertigen M\u00f6beln in warmen Holzt\u00f6nen gestaltet.<br \/>\nDas Panorama \u00fcber dem King-Size-Bett (180x200cm)\u00a0 in Komforth\u00f6he l\u00e4sst Sie vom sch\u00f6nen Erzgebirge tr\u00e4umen.<br \/>\n<\/em><em>Das Zimmer ist weiter ausgestattet mit einen Tisch mit bequemen Sitzgelegenheiten und einen Schreibtisch.<br \/>\nIhr Badezimmer mit ebenerdiger Wellnessdusche l\u00e4dt Sie zum Entspannen ein.<br \/>\nIm Comfort Appartement+ erwarten Sie 2 Zimmer mit je einem eigenen Bad.<br \/>\nDiese nutzen einen kleinen gemeinsamen Vorraum.<br \/>\nDiese Zimmer sind 30 bis 35qm gro\u00df.<br \/>\n<span style=\"background-color: #ff9900;\"><strong>Wenn Sie auf das Bild klicken k\u00f6nnen Sie einen virtuellen Rundgang durch ein Comfort Appartement A plus machen, <\/strong><\/span><br \/>\n<span style=\"background-color: #ff9900;\"><strong>ohne das weitere kleinere Zimmer ist es ein Comfort Zimmer der Kat. A Comfort plus<br \/>\n<\/strong><\/span><\/em><a href=\"https:\/\/www.google.com\/maps\/place\/Adners+Gasthof+und+Hotel\/@50.4753206,12.7667638,3a,75y,1.65h,80.33t\/data=!3m7!1e1!3m5!1sAF1QipOBRbbmKpGSxRata1mj4CMLZKNUcvDffD8g2wMc!2e10!6shttps:%2F%2Flh3.googleusercontent.com%2Fp%2FAF1QipOBRbbmKpGSxRata1mj4CMLZKNUcvDffD8g2wMc%3Dw900-h600-k-no-pi9.674368719808896-ya352.99501051768345-ro0-fo100!7i12000!8i6000!4m12!3m11!1s0x47a0b9e1884eba23:0xbfb8d9ca87d170b0!5m2!4m1!1i2!8m2!3d50.475318!4d12.766667!10e5!14m1!1BCgIgARICGAI!16s%2Fg%2F1tdn7n_2?entry=ttu&amp;g_ep=EgoyMDI1MDExMC4wIKXMDSoASAFQAw%3D%3D\"><img src=\"https:\/\/adners.de\/files\/flyer_aktuell\/APP +.jpg\" alt=\"Comfort Appartement +\" width=\"1280\" height=\"406\" \/><\/a><\/p>\n<p>&nbsp;<\/p>\n<h4><span style=\"text-decoration: underline;\"><strong>Zimmer Kategorie A<\/strong><\/span><\/h4>\n<p><em>Jedes Zimmer ist individuell mit hochwertigen M\u00f6beln in warmen Holzt\u00f6nen gestaltet.<\/em><br \/>\n<em>Ein King-Size-Bett (180x200cm) in Komforth\u00f6he l\u00e4sst Sie vom sch\u00f6nen Erzgebirge tr\u00e4umen.<\/em><br \/>\n<em>Das Zimmer ist weiter ausgestattet mit einen Tisch mit bequemen Sitzgelegenheiten.<\/em><br \/>\n<em>Ihr Badezimmer verf\u00fcgt \u00fcber einen Waschtisch, Dusche und WC.<\/em><br \/>\n<em>Diese Zimmer sind 20 bis 25qm gro\u00df.<br \/>\n<span style=\"background-color: #ff9900;\"><strong>Wenn Sie auf die erseten beiden Bilder klicken k\u00f6nnen Sie einen virtuellen Rundgang<br \/>\ndurch ein Zimmer der Kat. A m<span style=\"background-color: #ff9900;\">achen<\/span><\/strong><\/span><strong><span style=\"background-color: #ff9900;\">.<\/span><br \/>\n<\/strong><\/em><\/p>\n<p><a href=\"https:\/\/www.google.com\/maps\/place\/Adners+Gasthof+und+Hotel\/@50.4753243,12.7667305,3a,75y,79.96h,79.6t\/data=!3m7!1e1!3m5!1sAF1QipNJ8GyQE408xrG8JG3sbiY0R6cZsE3CzKjBbR_o!2e10!6shttps:%2F%2Flh3.googleusercontent.com%2Fp%2FAF1QipNJ8GyQE408xrG8JG3sbiY0R6cZsE3CzKjBbR_o%3Dw900-h600-k-no-pi10.404806308168531-ya69.8809101746088-ro0-fo100!7i12000!8i6000!4m12!3m11!1s0x47a0b9e1884eba23:0xbfb8d9ca87d170b0!5m2!4m1!1i2!8m2!3d50.475318!4d12.766667!10e5!14m1!1BCgIgARICGAI!16s%2Fg%2F1tdn7n_2?entry=ttu&amp;g_ep=EgoyMDI1MDExMC4wIKXMDSoASAFQAw%3D%3D\"><img class=\"\" src=\"https:\/\/adners.de\/files\/flyer_aktuell\/DoppelzimmerA10web.jpg\" alt=\"Doppelzimmer A\" width=\"450\" height=\"203\" \/><\/a> \u00a0\u00a0 <a href=\"https:\/\/www.google.com\/maps\/place\/Adners+Gasthof+und+Hotel\/@50.4753243,12.7667305,3a,75y,79.96h,79.6t\/data=!3m7!1e1!3m5!1sAF1QipNJ8GyQE408xrG8JG3sbiY0R6cZsE3CzKjBbR_o!2e10!6shttps:%2F%2Flh3.googleusercontent.com%2Fp%2FAF1QipNJ8GyQE408xrG8JG3sbiY0R6cZsE3CzKjBbR_o%3Dw900-h600-k-no-pi10.404806308168531-ya69.8809101746088-ro0-fo100!7i12000!8i6000!4m12!3m11!1s0x47a0b9e1884eba23:0xbfb8d9ca87d170b0!5m2!4m1!1i2!8m2!3d50.475318!4d12.766667!10e5!14m1!1BCgIgARICGAI!16s%2Fg%2F1tdn7n_2?entry=ttu&amp;g_ep=EgoyMDI1MDExMC4wIKXMDSoASAFQAw%3D%3D\"><img class=\"\" src=\"https:\/\/adners.de\/files\/flyer_aktuell\/DoppelzimmerA11web.jpg\" alt=\"Doppelzimmer A\" width=\"450\" height=\"203\" \/><\/a><\/p>\n<h4 style=\"text-align: left;\"><\/h4>\n<h4><img class=\"alignleft\" src=\"https:\/\/adners.de\/files\/flyer_aktuell\/DoppelzimmerA20web.jpg\" alt=\"Doppelzimmer A\" width=\"450\" height=\"203\" \/><img class=\"alignleft\" src=\"https:\/\/adners.de\/files\/flyer_aktuell\/DoppelzimmerA21web.jpg\" alt=\"Doppelzimmer A\" width=\"450\" height=\"203\" \/><\/h4>\n<h4><\/h4>\n<p>&nbsp;<\/p>\n<p>&nbsp;<\/p>\n<p>&nbsp;<\/p>\n<p>&nbsp;<\/p>\n<p>&nbsp;<\/p>\n<p>&nbsp;<\/p>\n<p><img class=\"alignleft\" src=\"https:\/\/adners.de\/files\/flyer_aktuell\/DoppelzimmerA50web.jpg\" alt=\"Doppelzimmer A\" width=\"450\" height=\"203\" \/><img class=\"alignleft\" src=\"https:\/\/adners.de\/files\/flyer_aktuell\/DoppelzimmerA51web.jpg\" alt=\"Doppelzimmer A\" width=\"319\" height=\"203\" \/><\/p>\n<h4><\/h4>\n<p>&nbsp;<\/p>\n<p>&nbsp;<\/p>\n<p>&nbsp;<\/p>\n<p>&nbsp;<\/p>\n<p>&nbsp;<\/p>\n<p>&nbsp;<\/p>\n<p><img class=\"alignleft\" src=\"https:\/\/adners.de\/files\/flyer_aktuell\/DoppelzimmerA101web.jpg\" alt=\"Doppelzimmer A\" width=\"450\" height=\"203\" \/><img class=\"alignleft\" src=\"https:\/\/adners.de\/files\/flyer_aktuell\/DoppelzimmerA102web.jpg\" alt=\"Doppelzimmer A\" width=\"451\" height=\"203\" \/><\/p>\n<h4><\/h4>\n<p>&nbsp;<\/p>\n<p>&nbsp;<\/p>\n<h4><\/h4>\n<h4><\/h4>\n<h4><\/h4>\n<p>&nbsp;<\/p>\n<p>&nbsp;<\/p>\n<p>&nbsp;<\/p>\n<h4><span style=\"text-decoration: underline;\"><strong>Zimmer Kategorie B<\/strong><\/span><\/h4>\n<p><em>Jedes Zimmer ist individuell mit hochwertigen M\u00f6beln in warmen Holzt\u00f6nen gestaltet.<\/em><br \/>\n<em>Ein Queen-Size-Bett (160x200cm) in Komforth\u00f6he l\u00e4sst Sie vom sch\u00f6nen Erzgebirge tr\u00e4umen.<\/em><br \/>\n<em>Das Zimmer ist weiter ausgestattet mit einen Schreibtisch\/ Tisch und bequemen Sitzgelegenheiten. <\/em><br \/>\n<em>Ihr Badezimmer verf\u00fcgt \u00fcber einen Waschtisch, Dusche und WC.<\/em><br \/>\n<em>Diese Zimmer sind 16-18qm gro\u00df.<\/em><\/p>\n<h4><img class=\"\" src=\"https:\/\/adners.de\/files\/flyer_aktuell\/DoppelzimmerB1web.jpg\" alt=\"Doppelzimmer B\" width=\"360\" height=\"162\" \/><img class=\"\" src=\"https:\/\/adners.de\/files\/flyer_aktuell\/DoppelzimmerB2web.jpg\" alt=\"Doppelzimmer B\" width=\"243\" height=\"162\" \/><img class=\"\" src=\"https:\/\/adners.de\/files\/flyer_aktuell\/DoppelzimmerB3web.jpg\" alt=\"Doppelzimmer B\" width=\"360\" height=\"162\" \/><\/h4>\n<p>&nbsp;<\/p>\n<h4><span style=\"text-decoration: underline;\"><strong>Appartement<\/strong><\/span><\/h4>\n<p><em>Jedes Appartement ist individuell mit hochwertigen M\u00f6beln in warmen Holzt\u00f6nen gestaltet.<\/em><br \/>\n<em>Sie verf\u00fcgen \u00fcber zwei getrennte Schlafr\u00e4ume in denen <\/em><br \/>\n<em>ein King-Size-Bett (180x200cm) und zwei Einzelbetten (80x200cm) in Komforth\u00f6he <\/em><br \/>\n<em>Sie vom sch\u00f6nen Erzgebirge tr\u00e4umen lassen.<\/em><br \/>\n<em>Sie finden au\u00dferdem einen Tisch mit bequemen Sitzgelegenheiten und Ihr<\/em><br \/>\n<em> Badezimmer verf\u00fcgt \u00fcber einen Waschtisch, Dusche und WC.<\/em><br \/>\n<em>Sie sind Ideal f\u00fcr Familien mit Kind oder Kindern oder<\/em><br \/>\n<em>befreundete Familien oder getrennt Schlafende.<\/em><br \/>\n<em>Diese Zimmer sind ca. 30-35qm gro\u00df.<\/em><\/p>\n<p><img class=\"\" src=\"https:\/\/adners.de\/files\/flyer_aktuell\/Appartement3web.jpg\" alt=\"Appartement\" width=\"356\" height=\"160\" \/><img class=\"\" src=\"https:\/\/adners.de\/files\/flyer_aktuell\/Appartement2web.jpg\" alt=\"Appartement\" width=\"355\" height=\"160\" \/><\/p>\n<h4>Die B\u00e4der der Zimmerkategorien A und B<\/h4>\n<p><img class=\"alignnone wp-image-18676 size-medium\" src=\"https:\/\/adners.de\/wp-content\/uploads\/2017\/12\/bad4-300x199.jpg\" alt=\"\" width=\"300\" height=\"199\" \/> \u00a0\u00a0 <img class=\"alignnone wp-image-18674 size-medium\" src=\"https:\/\/adners.de\/wp-content\/uploads\/2017\/12\/bad2-300x199.jpg\" alt=\"\" width=\"300\" height=\"199\" \/><\/p>\n<\/div><\/div><\/div><\/div><\/section>","protected":false},"excerpt":{"rendered":"<p>Ihr Wohf\u00fchl-HotelUnsere Zimmer im HotelHier wollen wir Ihnen einen kleinen Einblick in das Innere unserer Zimmer gew\u00e4hren. Wir haben gro\u00dfen Wert auf eine individuelle und gem\u00fctliche Einrichtung gelegt. Unser Zimmer sind unterteilt in die folgenden Zimmerkategorien: Doppelzimmer der Kat. A \/ A Comfort+ und Kat. B, Appartements und Appartements Comfort+. Die Zimmer sind alle mit [&hellip;]<\/p>\n","protected":false},"author":3,"featured_media":20188,"parent":0,"menu_order":0,"comment_status":"closed","ping_status":"closed","template":"","meta":[],"_links":{"self":[{"href":"https:\/\/adners.de\/index.php?rest_route=\/wp\/v2\/pages\/17709"}],"collection":[{"href":"https:\/\/adners.de\/index.php?rest_route=\/wp\/v2\/pages"}],"about":[{"href":"https:\/\/adners.de\/index.php?rest_route=\/wp\/v2\/types\/page"}],"author":[{"embeddable":true,"href":"https:\/\/adners.de\/index.php?rest_route=\/wp\/v2\/users\/3"}],"replies":[{"embeddable":true,"href":"https:\/\/adners.de\/index.php?rest_route=%2Fwp%2Fv2%2Fcomments&post=17709"}],"version-history":[{"count":68,"href":"https:\/\/adners.de\/index.php?rest_route=\/wp\/v2\/pages\/17709\/revisions"}],"predecessor-version":[{"id":20860,"href":"https:\/\/adners.de\/index.php?rest_route=\/wp\/v2\/pages\/17709\/revisions\/20860"}],"wp:featuredmedia":[{"embeddable":true,"href":"https:\/\/adners.de\/index.php?rest_route=\/wp\/v2\/media\/20188"}],"wp:attachment":[{"href":"https:\/\/adners.de\/index.php?rest_route=%2Fwp%2Fv2%2Fmedia&parent=17709"}],"curies":[{"name":"wp","href":"https:\/\/api.w.org\/{rel}","templated":true}]}}