{"id":17933,"date":"2017-03-27T20:33:32","date_gmt":"2017-03-27T20:33:32","guid":{"rendered":"https:\/\/adners.de\/?page_id=17933"},"modified":"2025-10-09T20:44:36","modified_gmt":"2025-10-09T18:44:36","slug":"restaurant","status":"publish","type":"page","link":"https:\/\/adners.de\/?page_id=17933","title":{"rendered":"Restaurant"},"content":{"rendered":"<section><div class=\"container\"><div class=\"row\"><div class=\"wpb_column hcode-column-container hcode-column-1 sm-no-margin xs-no-margin vc_col-sm-12 col-xs-mobile-fullwidth\" data-front-class=\"hcode-column-1 sm-no-margin xs-no-margin col-xs-mobile-fullwidth\"><div class=\"vc-column-innner-wrapper\"><h2 class=\"section-title hcode-heading-1 sm-no-margin xs-no-margin black-text\">Restaurant<\/h2><div class=\"blog-slider\"><div id=\"image-owl-slider\" class=\"owl-pagination-bottom owl-carousel owl-theme dot-pagination dark-pagination dark-navigation cursor-black\"><div class=\"item\"><a href=\"#\" target=\"_self\"><img width=\"400\" height=\"300\" src=\"https:\/\/adners.de\/wp-content\/uploads\/2018\/04\/Hotelrestaurant1.jpg\" class=\"attachment-full size-full\" alt=\"\" loading=\"lazy\" srcset=\"https:\/\/adners.de\/wp-content\/uploads\/2018\/04\/Hotelrestaurant1.jpg 400w, https:\/\/adners.de\/wp-content\/uploads\/2018\/04\/Hotelrestaurant1-300x225.jpg 300w\" sizes=\"(max-width: 400px) 100vw, 400px\" \/><\/a><\/div><div class=\"item\"><a href=\"#\" target=\"_self\"><img width=\"400\" height=\"300\" src=\"https:\/\/adners.de\/wp-content\/uploads\/2018\/04\/Hotelrestaurant2.jpg\" class=\"attachment-full size-full\" alt=\"\" loading=\"lazy\" srcset=\"https:\/\/adners.de\/wp-content\/uploads\/2018\/04\/Hotelrestaurant2.jpg 400w, https:\/\/adners.de\/wp-content\/uploads\/2018\/04\/Hotelrestaurant2-300x225.jpg 300w\" sizes=\"(max-width: 400px) 100vw, 400px\" \/><\/a><\/div><div class=\"item\"><a href=\"#\" target=\"_self\"><img width=\"401\" height=\"301\" src=\"https:\/\/adners.de\/wp-content\/uploads\/2018\/04\/Hotelrestaurant4.jpg\" class=\"attachment-full size-full\" alt=\"\" loading=\"lazy\" srcset=\"https:\/\/adners.de\/wp-content\/uploads\/2018\/04\/Hotelrestaurant4.jpg 401w, https:\/\/adners.de\/wp-content\/uploads\/2018\/04\/Hotelrestaurant4-300x225.jpg 300w\" sizes=\"(max-width: 401px) 100vw, 401px\" \/><\/a><\/div><div class=\"item\"><a href=\"#\" target=\"_self\"><img width=\"401\" height=\"301\" src=\"https:\/\/adners.de\/wp-content\/uploads\/2018\/04\/Hotelrestaurant3.jpg\" class=\"attachment-full size-full\" alt=\"\" loading=\"lazy\" srcset=\"https:\/\/adners.de\/wp-content\/uploads\/2018\/04\/Hotelrestaurant3.jpg 401w, https:\/\/adners.de\/wp-content\/uploads\/2018\/04\/Hotelrestaurant3-300x225.jpg 300w\" sizes=\"(max-width: 401px) 100vw, 401px\" \/><\/a><\/div><div class=\"item\"><a href=\"#\" target=\"_self\"><img width=\"400\" height=\"300\" src=\"https:\/\/adners.de\/wp-content\/uploads\/2018\/04\/Gaststube1.jpg\" class=\"attachment-full size-full\" alt=\"\" loading=\"lazy\" srcset=\"https:\/\/adners.de\/wp-content\/uploads\/2018\/04\/Gaststube1.jpg 400w, https:\/\/adners.de\/wp-content\/uploads\/2018\/04\/Gaststube1-300x225.jpg 300w\" sizes=\"(max-width: 400px) 100vw, 400px\" \/><\/a><\/div><div class=\"item\"><a href=\"#\" target=\"_self\"><img width=\"401\" height=\"301\" src=\"https:\/\/adners.de\/wp-content\/uploads\/2018\/04\/Gaststube2.jpg\" class=\"attachment-full size-full\" alt=\"\" loading=\"lazy\" srcset=\"https:\/\/adners.de\/wp-content\/uploads\/2018\/04\/Gaststube2.jpg 401w, https:\/\/adners.de\/wp-content\/uploads\/2018\/04\/Gaststube2-300x225.jpg 300w\" sizes=\"(max-width: 401px) 100vw, 401px\" \/><\/a><\/div><div class=\"item\"><a href=\"#\" target=\"_self\"><img width=\"400\" height=\"300\" src=\"https:\/\/adners.de\/wp-content\/uploads\/2018\/04\/Spargel_Schinken.jpg\" class=\"attachment-full size-full\" alt=\"\" loading=\"lazy\" srcset=\"https:\/\/adners.de\/wp-content\/uploads\/2018\/04\/Spargel_Schinken.jpg 400w, https:\/\/adners.de\/wp-content\/uploads\/2018\/04\/Spargel_Schinken-300x225.jpg 300w\" sizes=\"(max-width: 400px) 100vw, 400px\" \/><\/a><\/div><div class=\"item\"><a href=\"#\" target=\"_self\"><img width=\"400\" height=\"300\" src=\"https:\/\/adners.de\/wp-content\/uploads\/2018\/04\/Rindsroulade.jpg\" class=\"attachment-full size-full\" alt=\"\" loading=\"lazy\" srcset=\"https:\/\/adners.de\/wp-content\/uploads\/2018\/04\/Rindsroulade.jpg 400w, https:\/\/adners.de\/wp-content\/uploads\/2018\/04\/Rindsroulade-300x225.jpg 300w\" sizes=\"(max-width: 400px) 100vw, 400px\" \/><\/a><\/div><div class=\"item\"><a href=\"#\" target=\"_self\"><img width=\"400\" height=\"300\" src=\"https:\/\/adners.de\/wp-content\/uploads\/2018\/04\/Lachsfilet_Spaghetti.jpg\" class=\"attachment-full size-full\" alt=\"\" loading=\"lazy\" srcset=\"https:\/\/adners.de\/wp-content\/uploads\/2018\/04\/Lachsfilet_Spaghetti.jpg 400w, https:\/\/adners.de\/wp-content\/uploads\/2018\/04\/Lachsfilet_Spaghetti-300x225.jpg 300w\" sizes=\"(max-width: 400px) 100vw, 400px\" \/><\/a><\/div><div class=\"item\"><a href=\"#\" target=\"_self\"><img width=\"400\" height=\"300\" src=\"https:\/\/adners.de\/wp-content\/uploads\/2018\/04\/Schnitzel_Spargel.jpg\" class=\"attachment-full size-full\" alt=\"\" loading=\"lazy\" srcset=\"https:\/\/adners.de\/wp-content\/uploads\/2018\/04\/Schnitzel_Spargel.jpg 400w, https:\/\/adners.de\/wp-content\/uploads\/2018\/04\/Schnitzel_Spargel-300x225.jpg 300w\" sizes=\"(max-width: 400px) 100vw, 400px\" \/><\/a><\/div><div class=\"item\"><a href=\"#\" target=\"_self\"><img width=\"400\" height=\"300\" src=\"https:\/\/adners.de\/wp-content\/uploads\/2018\/04\/Hueftsteak.jpg\" class=\"attachment-full size-full\" alt=\"\" loading=\"lazy\" srcset=\"https:\/\/adners.de\/wp-content\/uploads\/2018\/04\/Hueftsteak.jpg 400w, https:\/\/adners.de\/wp-content\/uploads\/2018\/04\/Hueftsteak-300x225.jpg 300w\" sizes=\"(max-width: 400px) 100vw, 400px\" \/><\/a><\/div><\/div><\/div>        \t<script type=\"text\/javascript\"> jQuery(document).ready(function () { jQuery(\"#image-owl-slider\").owlCarousel({\tnav: false,dots: false,autoplay:true, autoplayTimeout: 3000,autoplayHoverPause: false,autoplaySpeed: 700, loop: false, responsive:{0:{ items: 1 },700:{ items: 2},991:{ items: 3 },1200:{ items: 3 },},navText: [\"<i class='fas fa-angle-left'><\/i>\", \"<i class='fas fa-angle-right'><\/i>\"] }); }); <\/script>\n        \t<div class=\"hcode-text-1\"><p style=\"text-align: center;\"><span style=\"font-size: 16pt;\"><strong>Liebe G\u00e4ste,<\/strong><\/span><br \/>\n<strong>lassen Sie sich von uns kulinarisch verw\u00f6hnen <\/strong><br \/>\n<strong>im Restaurant oder auf der Terrasse:-).<br \/>\n<\/strong><em>Alle Hotelg\u00e4ste die Halbpension gebucht haben, k\u00f6nnen sich zum Abendbrot aus der kompletten Speisekarte<\/em><br \/>\n<em>ein Hauptgericht oder eine Suppe und eine Vorspeise ausw\u00e4hlen.<\/em><br \/>\n<em>Das haben Sie sonst nirgends:-)!<\/em><strong><br \/>\n<\/strong><\/p>\n<\/div><h4 class=\"section-title  black-text\"><\/h4><div class=\"hcode-text-2 sm-margin-0auto xs-margin-0auto\"><div class=\"\" dir=\"auto\">\n<div id=\"jsc_c_15q\" class=\"ecm0bbzt hv4rvrfc ihqw7lf3 dati1w0a\" data-ad-comet-preview=\"message\" data-ad-preview=\"message\">\n<div class=\"j83agx80 cbu4d94t ew0dbk1b irj2b8pg\">\n<div class=\"qzhwtbm6 knvmm38d\">\n<div class=\"\" dir=\"auto\">\n<div id=\"jsc_c_15q\" class=\"ecm0bbzt hv4rvrfc ihqw7lf3 dati1w0a\" data-ad-comet-preview=\"message\" data-ad-preview=\"message\">\n<div class=\"j83agx80 cbu4d94t ew0dbk1b irj2b8pg\" style=\"text-align: center;\">\n<div class=\"qzhwtbm6 knvmm38d\">\n<p style=\"text-align: center;\"><span style=\"font-size: 18pt; color: #008000;\"><strong>Speisekarte und \u00d6ffnungszeiten<\/strong><\/span><\/p>\n<p><a href=\"https:\/\/adners.de\/files\/flyer_aktuell\/Speisekarte_Adners_Gasthof_und_Hotel_Breitenbrunn_Erzgebirge.pdf\" target=\"_blank\" rel=\"noopener\"><img class=\"aligncenter wp-image-19797\" src=\"https:\/\/adners.de\/files\/flyer_aktuell\/Speisekarte_Adners_Gasthof_und_Hotel_Breitenbrunn_Erzgebirge.jpg\" width=\"600\" height=\"228\" \/><\/a><\/p>\n<\/div>\n<p><strong><a href=\"https:\/\/adners.de\/files\/flyer_aktuell\/Speisekarte_Adners_Gasthof_und_Hotel_Breitenbrunn_Erzgebirge.pdf\" target=\"_blank\" rel=\"noopener\"><span style=\"background-color: #ffcc00;\">Link Speise- und Abholkarte als PDF oder oben auf das Bild klicken<\/span><\/a><\/strong><\/p>\n<\/div>\n<\/div>\n<\/div>\n<\/div>\n<\/div>\n<\/div>\n<\/div>\n<p style=\"text-align: center;\"><span style=\"font-size: 14pt; color: #008000;\"><strong><span style=\"background-color: #ff9900;\"><a style=\"background-color: #ff9900;\" href=\"https:\/\/adners.de\/files\/flyer_aktuell\/Adners_Gasthof_und_Hotel_Wochenspecial.pdf\"><span style=\"background-color: #ffcc00;\">Hier der Link zu unerem aktuellen Wochenspecial<\/span><\/a><\/span><br \/>\nUnsere \u00d6ffnungszeiten <\/strong><strong>im Restaurant<\/strong><\/span><\/p>\n<p style=\"text-align: center;\"><span style=\"color: #008000;\"><strong><b>Montag\u00a0\u00a0\u00a0\u00a0\u00a0\u00a0\u00a0\u00a0\u00a0\u00a0\u00a0\u00a0\u00a0\u00a0\u00a0\u00a0\u00a0\u00a0\u00a0\u00a0\u00a0\u00a0\u00a0\u00a0\u00a0\u00a0\u00a0\u00a0\u00a0\u00a0\u00a0\u00a0\u00a0\u00a0\u00a0\u00a0\u00a0\u00a0\u00a0\u00a0\u00a0\u00a0\u00a0\u00a0\u00a0\u00a0\u00a0\u00a0\u00a0\u00a0\u00a0\u00a0\u00a0\u00a0\u00a0\u00a0\u00a0\u00a0\u00a0\u00a0\u00a0\u00a0\u00a0\u00a0\u00a0\u00a0\u00a0\u00a0 von 15 - 22 Uhr<br \/>\nDienstag\u00a0\u00a0 (nur ge\u00f6ffnet f\u00fcr Hausg\u00e4ste) \u00a0\u00a0\u00a0 von 15 - 22 Uhr<br \/>\nMittwoch ( nur ge\u00f6ffnet f\u00fcr Hausg\u00e4ste) \u00a0\u00a0\u00a0 von 15 - 22 Uhr<br \/>\nGerne auch nach vorheriger Anfrage f\u00fcr Restaurantg\u00e4ste.<br \/>\nDonnerstag\u00a0\u00a0\u00a0\u00a0\u00a0\u00a0\u00a0\u00a0\u00a0\u00a0\u00a0\u00a0\u00a0\u00a0\u00a0\u00a0\u00a0\u00a0\u00a0\u00a0\u00a0\u00a0\u00a0\u00a0\u00a0\u00a0\u00a0\u00a0\u00a0\u00a0\u00a0\u00a0\u00a0\u00a0\u00a0\u00a0\u00a0\u00a0\u00a0\u00a0\u00a0\u00a0\u00a0\u00a0\u00a0\u00a0\u00a0\u00a0\u00a0\u00a0\u00a0\u00a0\u00a0\u00a0\u00a0\u00a0\u00a0\u00a0\u00a0 von 15 - 22 Uhr<br \/>\nFreitag\u00a0\u00a0\u00a0\u00a0\u00a0\u00a0\u00a0\u00a0\u00a0\u00a0\u00a0\u00a0\u00a0\u00a0\u00a0\u00a0\u00a0\u00a0\u00a0\u00a0\u00a0\u00a0\u00a0\u00a0\u00a0\u00a0\u00a0\u00a0\u00a0\u00a0\u00a0\u00a0\u00a0\u00a0\u00a0\u00a0\u00a0\u00a0\u00a0\u00a0\u00a0\u00a0\u00a0\u00a0\u00a0\u00a0\u00a0\u00a0\u00a0\u00a0\u00a0\u00a0\u00a0\u00a0\u00a0\u00a0\u00a0\u00a0\u00a0\u00a0\u00a0\u00a0\u00a0\u00a0\u00a0\u00a0\u00a0\u00a0 von 15 - 22 Uhr<br \/>\nWochenende \u00a0 \u00a0 \u00a0 \u00a0 \u00a0 \u00a0 \u00a0 \u00a0\u00a0 von 11 - 14 Uhr und von 15 - 22 Uhr<br \/>\noder nach Absprache!<\/b><\/strong><\/span><\/p>\n<p style=\"text-align: center;\"><em><span style=\"color: #008000;\"><strong><b>Aktueller Abhol- und Lieferservic<br \/>\n<\/b><\/strong>fast alle Gerichte aus der obigen Speisekarte<br \/>\nund \"Platten f\u00fcr Ihre Feier\"<strong><b><br \/>\n<\/b><\/strong><\/span><\/em><\/p>\n<p style=\"text-align: center;\"><em><span style=\"color: #008000;\"><strong><b>Montag\u00a0\u00a0\u00a0\u00a0\u00a0\u00a0\u00a0\u00a0\u00a0\u00a0\u00a0 von 12 - 13 Uhr und von 17 - 19 Uhr<br \/>\nDonnerstag\u00a0\u00a0\u00a0\u00a0\u00a0\u00a0\u00a0\u00a0\u00a0\u00a0\u00a0\u00a0\u00a0\u00a0\u00a0\u00a0\u00a0\u00a0\u00a0\u00a0\u00a0\u00a0\u00a0\u00a0\u00a0\u00a0\u00a0\u00a0\u00a0\u00a0\u00a0\u00a0\u00a0\u00a0\u00a0\u00a0\u00a0\u00a0\u00a0\u00a0\u00a0\u00a0 von 17 - 19 Uhr<br \/>\nFreitag\u00a0\u00a0\u00a0\u00a0\u00a0\u00a0\u00a0\u00a0\u00a0\u00a0\u00a0\u00a0 von 12 - 13 Uhr und von 17 - 19 Uhr<br \/>\nWochenende von 11 - 13 Uhr und von 17 - 19 Uhr<br \/>\n<\/b><\/strong><\/span><\/em><\/p>\n<h3 style=\"text-align: center;\"><em><strong><span style=\"font-size: 12pt;\"><a href=\"https:\/\/adners.de\/files\/flyer_aktuell\/Adners_Gasthof_und_Hotel_Abhol_und_Lieferkarte_Breitenbrunn_Erzgebirge.pdf\" target=\"_blank\" rel=\"noopener\"><span style=\"background-color: #ffcc00;\">Link Abholkarte \"Platten f\u00fcr Ihre Feier\" hier klicken<\/span><\/a><br \/>\n<\/span><\/strong><\/em><span style=\"font-size: 12pt; color: #008000;\"><strong>Wir bitten um Vorbestellung!<br \/>\n<a href=\"https:\/\/adners.de\/files\/flyer_aktuell\/Adners_Gasthof_und_Hotel_Abhol_und_Lieferkarte_Breitenbrunn_Erzgebirge.pdf\"><img class=\"\" src=\"https:\/\/adners.de\/files\/flyer_aktuell\/Adners_Gasthof_und_Hotel_Abhol_und_Lieferkarte_Breitenbrunn_Erzgebirge.jpg\" alt=\"\" width=\"307\" height=\"436\" \/><\/a><br \/>\n<\/strong><\/span><\/h3>\n<div class=\"\" dir=\"auto\">\n<div id=\"jsc_c_15q\" class=\"ecm0bbzt hv4rvrfc ihqw7lf3 dati1w0a\" data-ad-comet-preview=\"message\" data-ad-preview=\"message\">\n<div class=\"j83agx80 cbu4d94t ew0dbk1b irj2b8pg\">\n<div class=\"qzhwtbm6 knvmm38d\">\n<div class=\"\" dir=\"auto\">\n<div id=\"jsc_c_15q\" class=\"ecm0bbzt hv4rvrfc ihqw7lf3 dati1w0a\" data-ad-comet-preview=\"message\" data-ad-preview=\"message\">\n<div class=\"j83agx80 cbu4d94t ew0dbk1b irj2b8pg\">\n<p style=\"text-align: center;\"><span style=\"color: #008000;\">Wir stehen Ihnen f\u00fcr Anfragen, Bestellungen, Reservierungen oder R\u00fcckfragen<\/span><br \/>\n<span style=\"color: #008000;\"><strong>telefonisch unter<\/strong><strong>037756 1655, auch per WhatsApp <span class=\"d2edcug0 hpfvmrgz qv66sw1b c1et5uql rrkovp55 a8c37x1j keod5gw0 nxhoafnm aigsh9s9 d3f4x2em fe6kdd0r mau55g9w c8b282yb iv3no6db jq4qci2q a3bd9o3v knj5qynh oo9gr5id hzawbc8m\" dir=\"auto\">unter 0170 779 4478<\/span><\/strong><\/span><\/p>\n<p style=\"text-align: center;\"><span style=\"color: #008000;\">oder \u00a0<a style=\"color: #008000;\" href=\"mailto:info@adners.de\">info@adners.de<\/a> zur Verf\u00fcgung.<\/span><\/p>\n<p style=\"text-align: center;\"><span style=\"color: #008000;\"><strong><em>Wir freuen uns auf Ihren Besuch.<br \/>\nHerzlichst Ihre Familie Saupe und das gesamte Team von Adners Gasthof.<\/em><\/strong><\/span><\/p>\n<\/div>\n<\/div>\n<\/div>\n<\/div>\n<\/div>\n<\/div>\n<\/div>\n<\/div><\/div><\/div><\/div><\/div><\/section><section><div class=\"container\"><div class=\"row\"><div class=\"wpb_column hcode-column-container hcode-column-2 sm-margin-0auto xs-margin-0auto vc_col-sm-12 col-xs-mobile-fullwidth\" data-front-class=\"hcode-column-2 sm-margin-0auto xs-margin-0auto col-xs-mobile-fullwidth\"><div class=\"vc-column-innner-wrapper\"><h2 class=\"section-title hcode-heading-2 sm-margin-0auto xs-margin-0auto black-text\">Getr\u00e4nke und Cocktails<\/h2><div class=\"hcode-text-3 sm-no-margin xs-no-margin\"><h3><strong>Alkoholfreie Getr\u00e4nke<\/strong><\/h3>\n<h3><strong>S\u00e4fte<\/strong><\/h3>\n<h3><strong>Biere vom Fa\u00df<\/strong><\/h3>\n<h3><strong>Flaschenbier<\/strong><\/h3>\n<h3><strong>Warme Getr\u00e4nke<\/strong><\/h3>\n<h3><strong>Cocktails<\/strong><\/h3>\n<h3><strong>Alkoholfreie\u00a0Cocktails<\/strong><\/h3>\n<\/div><\/div><\/div><\/div><\/div><\/section>","protected":false},"excerpt":{"rendered":"<p>Restaurant Liebe G\u00e4ste, lassen Sie sich von uns kulinarisch verw\u00f6hnen im Restaurant oder auf der Terrasse:-). Alle Hotelg\u00e4ste die Halbpension gebucht haben, k\u00f6nnen sich zum Abendbrot aus der kompletten Speisekarte ein Hauptgericht oder eine Suppe und eine Vorspeise ausw\u00e4hlen. Das haben Sie sonst nirgends:-)! Speisekarte und \u00d6ffnungszeiten Link Speise- und Abholkarte als PDF oder oben [&hellip;]<\/p>\n","protected":false},"author":2,"featured_media":0,"parent":0,"menu_order":0,"comment_status":"closed","ping_status":"closed","template":"","meta":[],"_links":{"self":[{"href":"https:\/\/adners.de\/index.php?rest_route=\/wp\/v2\/pages\/17933"}],"collection":[{"href":"https:\/\/adners.de\/index.php?rest_route=\/wp\/v2\/pages"}],"about":[{"href":"https:\/\/adners.de\/index.php?rest_route=\/wp\/v2\/types\/page"}],"author":[{"embeddable":true,"href":"https:\/\/adners.de\/index.php?rest_route=\/wp\/v2\/users\/2"}],"replies":[{"embeddable":true,"href":"https:\/\/adners.de\/index.php?rest_route=%2Fwp%2Fv2%2Fcomments&post=17933"}],"version-history":[{"count":113,"href":"https:\/\/adners.de\/index.php?rest_route=\/wp\/v2\/pages\/17933\/revisions"}],"predecessor-version":[{"id":21193,"href":"https:\/\/adners.de\/index.php?rest_route=\/wp\/v2\/pages\/17933\/revisions\/21193"}],"wp:attachment":[{"href":"https:\/\/adners.de\/index.php?rest_route=%2Fwp%2Fv2%2Fmedia&parent=17933"}],"curies":[{"name":"wp","href":"https:\/\/api.w.org\/{rel}","templated":true}]}}