{"id":17935,"date":"2017-03-27T20:36:45","date_gmt":"2017-03-27T20:36:45","guid":{"rendered":"https:\/\/adners.de\/?page_id=17935"},"modified":"2026-04-17T18:04:41","modified_gmt":"2026-04-17T16:04:41","slug":"wellness","status":"publish","type":"page","link":"https:\/\/adners.de\/?page_id=17935","title":{"rendered":"Sauna Massage Wellness"},"content":{"rendered":"<section><div class=\"container\"><div class=\"row\"><div class=\"wpb_column hcode-column-container hcode-column-1 sm-no-margin xs-no-margin  col-xs-mobile-fullwidth\" data-front-class=\"hcode-column-1 sm-no-margin xs-no-margin col-xs-mobile-fullwidth front-column-class\"><div class=\"vc-column-innner-wrapper\"><h2 class=\"section-title hcode-heading-1 sm-margin-0auto xs-margin-0auto black-text\">Wellness<\/h2><h4 class=\"section-title hcode-heading-2 sm-no-margin xs-no-margin black-text\">VERW\u00d6HNEN\u2026ENTSPANNEN\u2026RELAXEN\u2026<\/h4><div class=\"blog-slider\"><div id=\"image-owl-slider\" class=\"owl-pagination-bottom owl-carousel owl-theme dot-pagination dark-pagination dark-navigation cursor-black\"><div class=\"item\"><a href=\"#\" target=\"_self\"><img width=\"1199\" height=\"799\" src=\"https:\/\/adners.de\/wp-content\/uploads\/2017\/02\/47305210_xxl-e1502142071331.jpg\" class=\"attachment-full size-full\" alt=\"\" loading=\"lazy\" \/><\/a><\/div><div class=\"item\"><a href=\"#\" target=\"_self\"><img width=\"600\" height=\"399\" src=\"https:\/\/adners.de\/wp-content\/uploads\/2026\/02\/Massage399.jpg\" class=\"attachment-full size-full\" alt=\"\" loading=\"lazy\" srcset=\"https:\/\/adners.de\/wp-content\/uploads\/2026\/02\/Massage399.jpg 600w, https:\/\/adners.de\/wp-content\/uploads\/2026\/02\/Massage399-300x200.jpg 300w, https:\/\/adners.de\/wp-content\/uploads\/2026\/02\/Massage399-81x54.jpg 81w\" sizes=\"(max-width: 600px) 100vw, 600px\" \/><\/a><\/div><div class=\"item\"><a href=\"#\" target=\"_self\"><img width=\"600\" height=\"399\" src=\"https:\/\/adners.de\/wp-content\/uploads\/2017\/02\/Massage2.jpg\" class=\"attachment-full size-full\" alt=\"\" loading=\"lazy\" srcset=\"https:\/\/adners.de\/wp-content\/uploads\/2017\/02\/Massage2.jpg 600w, https:\/\/adners.de\/wp-content\/uploads\/2017\/02\/Massage2-300x200.jpg 300w\" sizes=\"(max-width: 600px) 100vw, 600px\" \/><\/a><\/div><\/div><\/div>        \t<script type=\"text\/javascript\"> jQuery(document).ready(function () { jQuery(\"#image-owl-slider\").owlCarousel({\tnav: false,dots: false,autoplay:true, autoplayTimeout: 3000,autoplayHoverPause: false,autoplaySpeed: 700, loop: false, responsive:{0:{ items: 1 },700:{ items: 2},991:{ items: 3 },1200:{ items: 3 },},navText: [\"<i class='fas fa-angle-left'><\/i>\", \"<i class='fas fa-angle-right'><\/i>\"] }); }); <\/script>\n        \t<div class=\"margin-one-top sm-margin-one-bottom xs-margin-one-top\"><p><a href=\"https:\/\/adners.de\/files\/flyer_aktuell\/Wellnessflyer Adners Gasthof und Hotel im Erzgebirge Massagen und Sauna und Wellness.pdf\"><img class=\"\" src=\"https:\/\/adners.de\/files\/flyer_aktuell\/Wellnessflyer Adners Gasthof und Hotel im Erzgebirge.jpg\" alt=\"\" width=\"1000\" height=\"706\" \/><\/a><\/p>\n<p style=\"text-align: center;\"><span style=\"font-size: 16pt;\"><strong><br \/>\n<\/strong><\/span><strong data-start=\"116\" data-end=\"173\"><span style=\"font-size: 22pt;\">Wellnesspaket RELAX<\/span> \u2013<br \/>\n<span style=\"font-size: 22pt;\">Ihre Auszeit zum Verw\u00f6hnen<\/span><\/strong><\/p>\n<p class=\"\" style=\"text-align: center;\" data-start=\"176\" data-end=\"199\"><strong data-start=\"176\" data-end=\"199\">\u00a039\u202f\u20ac pro Erwachsenen<br \/>\nIndividuell zu jedem Angebot zu buchbar:-)<br \/>\n<\/strong><\/p>\n<p class=\"\" style=\"text-align: center;\" data-start=\"201\" data-end=\"358\">G\u00f6nnen Sie sich einen Tag voller Erholung, Genuss und exklusiver Momente mit unserem neuen<br \/>\n<strong data-start=\"292\" data-end=\"315\">Wellnesspaket RELAX<\/strong> \u2013 perfekt zum Abschalten und Kraft tanken.<\/p>\n<p class=\"\" style=\"text-align: center;\" data-start=\"360\" data-end=\"381\"><strong data-start=\"360\" data-end=\"381\">inclusive:<br \/>\n<\/strong>\u00a0 \u00a0 \u00a0 \u00a0 \u00a0 \u00a0 \u00a0 \u00a0 \u00a0 \u00a0 \u00a0 \u2714\ufe0f <strong data-start=\"386\" data-end=\"427\">Tageskarte f\u00fcr die Therme Bad Schlema<\/strong> \u2013 Entspannung pur im wohltuenden Thermalwasser<br data-start=\"474\" data-end=\"477\" \/>\u2714\ufe0f <strong data-start=\"480\" data-end=\"512\">2 Stunden Private Sauna-Zeit<\/strong> \u2013 genie\u00dfen Sie ganz exklusiv Ihre eigene Sauna-Oase<br data-start=\"564\" data-end=\"567\" \/>\u00a0 \u00a0 \u00a0 \u00a0 \u00a0 \u2714\ufe0f <strong data-start=\"666\" data-end=\"712\">Kuscheliger Bademantel, Badetuch &amp; Slipper<\/strong> \u2013 f\u00fcr Ihren perfekten Wohlf\u00fchlmoment<br data-start=\"749\" data-end=\"752\" data-is-only-node=\"\" \/><strong data-start=\"116\" data-end=\"173\"><br \/>\n<\/strong><\/p>\n<p style=\"text-align: center;\"><span style=\"font-size: 16pt;\"><strong><a href=\"https:\/\/adners.de\/files\/flyer_aktuell\/Wellnessflyer Adners Gasthof und Hotel im Erzgebirge Massagen und Sauna und Wellness Genussmomente.pdf\"><img class=\"aligncenter\" src=\"https:\/\/adners.de\/files\/flyer_aktuell\/Adners Gasthof und Hotel Wellness und Romantik Massagen und Genussmomente.jpg\" width=\"1000\" height=\"750\" \/><\/a>\u00a0<\/strong><\/span><\/p>\n<div>\n<p style=\"text-align: center;\"><span style=\"font-size: 16pt;\"><strong data-start=\"116\" data-end=\"173\">Wellnesspaket XXL \u2013<br \/>\nIhre Auszeit zum Verw\u00f6hnen<\/strong><\/span><\/p>\n<p class=\"\" style=\"text-align: center;\" data-start=\"176\" data-end=\"199\"><strong data-start=\"176\" data-end=\"199\">\u00a069\u202f\u20ac pro Erwachsenen<br \/>\nIndividuell zu jedem Angebot zu buchbar:-)<br \/>\n<\/strong><\/p>\n<p class=\"\" style=\"text-align: center;\" data-start=\"201\" data-end=\"358\">G\u00f6nnen Sie sich nicht nur einen Tag voller Erholung,<br \/>\nGenuss und exklusive Momente mit unserem neuen<br \/>\n<strong data-start=\"292\" data-end=\"315\">Wellnesspaket XXL<\/strong> \u2013 perfekt zum Abschalten und Kraft tanken.<\/p>\n<p class=\"\" style=\"text-align: center;\" data-start=\"360\" data-end=\"381\"><strong data-start=\"360\" data-end=\"381\">inclusive:<br \/>\n<\/strong>\u2714\ufe0f <strong data-start=\"386\" data-end=\"427\">Tageskarte f\u00fcr die Therme Bad Schlema<\/strong> \u2013 Entspannung pur im wohltuenden Thermalwasser<br data-start=\"474\" data-end=\"477\" \/>\u2714\ufe0f <strong data-start=\"480\" data-end=\"512\">2 Stunden Private Sauna-Zeit<\/strong> \u2013 genie\u00dfen Sie ganz exklusiv Ihre eigene Sauna-Oase<br \/>\n\u2714\ufe0f <strong data-start=\"666\" data-end=\"712\">Kuscheliger Bademantel, Badetuch &amp; Slipper<\/strong> \u2013 f\u00fcr Ihren perfekten Wohlf\u00fchlmoment<br \/>\n\u2714\ufe0f <strong>3-G\u00e4nge Candle-Light-Dinner<\/strong> im Felsenkeller inkl. 1 Fl. Begleitender Wein<br \/>\n\u2714\ufe0f <strong>Kaffee- und Teestation, &amp; Wasserkocher <\/strong>im Zimmer<\/p>\n<p style=\"text-align: center;\"><b><span style=\"font-size: 16pt;\">LASTMINUTE ANGEBOTE<\/span><br \/>\nim Mai und Juni!<\/b><\/p>\n<p style=\"text-align: center;\"><strong><b><span style=\"font-size: 16pt;\">Lastminute und Genie\u00dferspecials<\/span><br \/>\nmit 1 Gratis Urlaubstag f\u00fcr Sie!<br \/>\n7 N\u00e4chte zum Preis v<\/b><b>on 6 buchbar!<br \/>\n<\/b><b>6 N\u00e4chte zum Preis v<\/b><b>on 5 buchbar!<br \/>\n4 N\u00e4chte zum Preis von 3 buchbar!<\/b><\/strong><\/p>\n<p><a href=\"https:\/\/adners.de\/files\/flyer_aktuell\/Adners_Gasthof_und_Hotel_im_Erzgebirge_Wellnessangebote_Mai_und_Juni_Lastminute_Angebote_2026.pdf\"><img class=\"aligncenter\" src=\"https:\/\/adners.de\/files\/flyer_aktuell\/Adners_Gasthof_und_Hotel_im_Erzgebirge_Wellnessangebote_Mai_und_Juni_Lastminute_4_N\u00e4chte_zum_Preis_von_3_N\u00e4chten_Angebote_2026.jpg\" width=\"900\" height=\"722\" \/><\/a><\/p>\n<p><a href=\"https:\/\/adners.de\/files\/flyer_aktuell\/Adners_Gasthof_und_Hotel_im_Erzgebirge_Wellnessangebote_Mai_und_Juni_Lastminute_Angebote_2026.pdf\"><img class=\"aligncenter\" src=\"https:\/\/adners.de\/files\/flyer_aktuell\/Adners_Gasthof_und_Hotel_im_Erzgebirge_Wellnessangebote_Mai_und_Juni_Geniesserspecial_6_N\u00e4chte_zum_Preis_von_5_N\u00e4chten_Angebote_2026.jpg\" width=\"900\" height=\"646\" \/><\/a><\/p>\n<\/div>\n<p style=\"text-align: center;\"><strong><span style=\"color: #ff0000;\">Ihr Wunschtermin noch Frei?<\/span><br \/>\nAb sofort erhalten sie 10\u20ac Rabatt auf jede neue Onlinebuchung,<br \/>\nder Betrag wird Ihnen bereits w\u00e4hrend des Buchungsvorganges abgezogen:-).<br \/>\n<\/strong><\/p>\n<p style=\"text-align: center;\"><strong>Anzahl G\u00e4ste im Zimmer ausw\u00e4hlen und eventuell \u00e4ndern....<\/strong><br \/>\nKlicken Sie im Kalender auf Ihren gew\u00fcnschten Anreise- und Abreisetag.<br \/>\nRot markierte Tage sind nur Abreisetage, ver\u00e4ndern Sie Ihren Anreisetag um<\/p>\n<p><a href=\"https:\/\/adners.onlineres.de\/?cal\"><img class=\"aligncenter\" src=\"https:\/\/adners.de\/files\/flyer_aktuell\/Online_Vefuegbarkeit_Adners_Gasthof_und_Hotel_im_Erzgebirge_pr\u00fcfen_web.jpg\" alt=\"\" width=\"400\" height=\"245\" \/><\/a><\/p>\n<p>&nbsp;<\/p>\n<div style=\"text-align: center;\"><strong>Wellnessmassagen sind m\u00f6glich:-)<\/strong><\/div>\n<div style=\"text-align: center;\">Die Massagen werden von den ausgebildeten selbstst\u00e4ndigen Masseuse<\/div>\n<div style=\"text-align: center;\">auf eigene Rechnung durchgef\u00fchrt.<br \/>\nWir vermitteln gern schon vorher Termine daher fragen Sie uns einfach per Mail an.<br \/>\nDie Bezahlung der Massagen erfolgt dann vor Ort bei der Masseuse selbst :-).<\/div>\n<h2><\/h2>\n<h2 style=\"text-align: center;\"><strong>Unsere Sauna:-)<\/strong><\/h2>\n<p style=\"text-align: center;\">Entspannen Sie sich doch ganz einfach bei uns im Wellnesshotel im Erzgebirge<br \/>\nin unserer hauseigenen Sauna.<\/p>\n<p>&nbsp;<\/p>\n<p><img class=\"wp-image-19181 alignnone\" src=\"https:\/\/adners.de\/wp-content\/uploads\/2017\/02\/SaunaNeu2.jpg\" width=\"200\" height=\"150\" \/> \u00a0 \u00a0 <img class=\"wp-image-17466 alignnone\" src=\"https:\/\/adners.de\/wp-content\/uploads\/2018\/09\/Sauna1300x-e1541330400231.jpg\" width=\"224\" height=\"150\" \/> \u00a0 \u00a0 <img class=\"wp-image-19412 alignnone\" src=\"https:\/\/adners.de\/wp-content\/uploads\/2018\/11\/Sauna-Web-3.jpg\" alt=\"\" width=\"200\" height=\"150\" \/><\/p>\n<div style=\"text-align: center;\"><\/div>\n<div style=\"text-align: center;\"><\/div>\n<p>&nbsp;<\/p>\n<div><\/div>\n<p>&nbsp;<\/p>\n<p>&nbsp;<\/p>\n<h2 style=\"margin-bottom: 20px;\"><\/h2>\n<\/div><\/div><\/div><div class=\"wpb_column hcode-column-container  col-xs-mobile-fullwidth\" data-front-class=\"col-xs-mobile-fullwidth front-column-class\"><div class=\"vc-column-innner-wrapper\"><\/div><\/div><\/div><\/div><\/section>","protected":false},"excerpt":{"rendered":"<p>WellnessVERW\u00d6HNEN\u2026ENTSPANNEN\u2026RELAXEN\u2026 Wellnesspaket RELAX \u2013 Ihre Auszeit zum Verw\u00f6hnen \u00a039\u202f\u20ac pro Erwachsenen Individuell zu jedem Angebot zu buchbar:-) G\u00f6nnen Sie sich einen Tag voller Erholung, Genuss und exklusiver Momente mit unserem neuen Wellnesspaket RELAX \u2013 perfekt zum Abschalten und Kraft tanken. inclusive: \u00a0 \u00a0 \u00a0 \u00a0 \u00a0 \u00a0 \u00a0 \u00a0 \u00a0 \u00a0 \u00a0 \u2714\ufe0f Tageskarte f\u00fcr [&hellip;]<\/p>\n","protected":false},"author":2,"featured_media":0,"parent":0,"menu_order":0,"comment_status":"closed","ping_status":"closed","template":"","meta":[],"_links":{"self":[{"href":"https:\/\/adners.de\/index.php?rest_route=\/wp\/v2\/pages\/17935"}],"collection":[{"href":"https:\/\/adners.de\/index.php?rest_route=\/wp\/v2\/pages"}],"about":[{"href":"https:\/\/adners.de\/index.php?rest_route=\/wp\/v2\/types\/page"}],"author":[{"embeddable":true,"href":"https:\/\/adners.de\/index.php?rest_route=\/wp\/v2\/users\/2"}],"replies":[{"embeddable":true,"href":"https:\/\/adners.de\/index.php?rest_route=%2Fwp%2Fv2%2Fcomments&post=17935"}],"version-history":[{"count":120,"href":"https:\/\/adners.de\/index.php?rest_route=\/wp\/v2\/pages\/17935\/revisions"}],"predecessor-version":[{"id":21313,"href":"https:\/\/adners.de\/index.php?rest_route=\/wp\/v2\/pages\/17935\/revisions\/21313"}],"wp:attachment":[{"href":"https:\/\/adners.de\/index.php?rest_route=%2Fwp%2Fv2%2Fmedia&parent=17935"}],"curies":[{"name":"wp","href":"https:\/\/api.w.org\/{rel}","templated":true}]}}