{"id":17937,"date":"2017-03-27T20:38:12","date_gmt":"2017-03-27T20:38:12","guid":{"rendered":"https:\/\/adners.de\/?page_id=17937"},"modified":"2026-04-17T20:36:45","modified_gmt":"2026-04-17T18:36:45","slug":"erzgebirge","status":"publish","type":"page","link":"https:\/\/adners.de\/?page_id=17937","title":{"rendered":"Breitenbrunn"},"content":{"rendered":"<section><div class=\"container\"><div class=\"row\"><div class=\"wpb_column hcode-column-container hcode-column-1 sm-margin-0auto xs-margin-0auto vc_col-sm-12 col-xs-mobile-fullwidth\" data-front-class=\"hcode-column-1 sm-margin-0auto xs-margin-0auto col-xs-mobile-fullwidth\"><div class=\"vc-column-innner-wrapper\"><h2 class=\"section-title hcode-heading-1 sm-no-margin xs-no-margin black-text\">Erzgebirge erkunden<\/h2><h4 class=\"section-title hcode-heading-2 sm-no-margin xs-no-margin black-text\">Willkommen in Breitenbrunn im Erzgebirge!<\/h4><p><img class=\"size-full wp-image-18119 alignleft\" src=\"https:\/\/adners.de\/wp-content\/uploads\/2017\/03\/wappen.gif\" alt=\"\" width=\"152\" height=\"192\" \/>Das Bergdorf Breitenbrunn liegt im oberen Erzgebirge zwischen Fichtelberg (1.214 m) und dem Auersberg (1.018 m) an der Grenze zu Tschechien. Die h\u00f6chste Erhebung ist der Rabenberg mit 913 m. Breitenbrunn, von ausgedehnten Fichtenw\u00e4ldern umgeben, weist zwischen Bahnhof und Rabenberg einen H\u00f6henunterschied von 340 m auf.<br \/>\nZu unserem Ort geh\u00f6ren die Ortsteile Breitenhof, Carolathal, Halbemeile und Rabenberg. Seit Juli 1998 geh\u00f6ren die Ortsteile Antonsthal und Antonsh\u00f6he ebenfalls zu unserer Gemeinde.<br \/>\nAuf Wanderwegen kann man herrliche Fichtenw\u00e4lder durchwandern - Parkpl\u00e4tze an den Ausgangspunkten der verschiedene Wege sind ausreichend vorhanden. \u00dcber den Grenz\u00fcbergang \"Halbemeile\" erreichen Sie das tschechische Hochplateau (1000 m hoch).<\/p>\n<p>Wollen Sie das Erzgebirge in seiner winterlichen Sch\u00f6nheit kennenlernen und wollen Sie sich von den Strapazen und dem Stress des Alltages erholen? Dann sind Sie bei uns an der richtigen Adresse.<\/p>\n<p>Gespurte Loipen binden, ausgehend vom Loipenzentrum auf dem Rabenberg, an die Kammloipen auf s\u00e4chsischer und grenz\u00fcberschreitend auf b\u00f6hmischer Seite an. Alpine Abfahrtspiste mit Liftanlage, gespurte und ger\u00e4umte Wege f\u00fcr Wanderer und Schneeschuhfahrer sowie das Angebot an Skikursen f\u00fcr Sch\u00fcler und Anf\u00e4nger bieten unseren G\u00e4sten aller Altersklassen umfangreiche Bet\u00e4tigungsm\u00f6glichkeiten. Feiern Sie mit den Kulturgruppen und den Vereinen des Ortes und lernen Sie heimatliche Traditonen kennen.<\/p>\n<p><strong>Empfehlung des Hotels<\/strong><\/p>\n<p>Ein Besuch des Besucherbergwerkes \"Sankt Christoph\" und des Pochwerkes \"Silberw\u00e4sche Antonsthal\" sollten in Ihrem Urlaubsprogramm nicht fehlen.<\/p>\n<p>Allwettersportplatz, Hallenbad im Sport- und Bildungszentrum Rabenberg e.V., Abenteuerspielplatz, ausgewogene Gastronomie und erzgebirgische Gastfreundschaft - aber auch die herrliche Landschaft unserer Region werden Ihnen in angenehmer Erinnerung bleiben.<\/p>\n<p>Kommen Sie zu uns - wir werden Ihnen gute Gastgeber sein!<\/p>\n<p>&nbsp;<\/p>\n<p><em><strong>Unsere Tipps f\u00fcr Ihren Urlaub:<\/strong><\/em><\/p>\n<p><a href=\"https:\/\/adners.de\/files\/flyer_aktuell\/01_Adners_Gasthof_und_Hotel_Breitenbrunn_im_Erzgebirge_Ausflugsziele_Sommer_mit_Links.pdf\" target=\"_blank\" rel=\"noopener noreferrer\"><img src=\"https:\/\/adners.de\/files\/flyer_aktuell\/01_Adners_Gasthof_und_Hotel_Breitenbrunn_im_Erzgebirge_Ausflugsziele_Sommer_mit_Links.jpg\" alt=\"\" width=\"1071\" height=\"755\" \/><\/a><\/p>\n<p><a href=\"http:\/\/www.kur-schlema.de\/bad\/\" target=\"_blank\" rel=\"noopener noreferrer\">Im Juli und August mit dem Tageseintritt im Thermalbad Bad Schlema<br \/>\n<\/a><img class=\"alignnone wp-image-18042 size-full\" src=\"https:\/\/adners.de\/wp-content\/uploads\/2017\/04\/Schlema2.jpg\" alt=\"\" width=\"264\" height=\"191\" \/><\/p>\n<p><a href=\"http:\/\/www.freizeitbad-greifensteine.de\/\" target=\"_blank\" rel=\"noopener noreferrer\">oder f\u00fcr Familien den Eintritt Tag im Freizeitbad Geyer<\/a><br \/>\n<img class=\"alignnone wp-image-18004 size-medium\" src=\"https:\/\/adners.de\/wp-content\/uploads\/2017\/04\/bad-freizeitbad-greifensteine_01-300x169.jpg\" alt=\"\" width=\"300\" height=\"169\" \/><br \/>\n<em>(PDF \u00f6ffnet sich bei Klick auf das Bild)<\/em><\/p>\n<p><em><strong>\u00a0- der\u00a0Eintritt in die Freib\u00e4der in den Breitenbrunner Ortsteilen<br \/>\nRittersgr\u00fcn und Antonsthal ist f\u00fcr Sie gratis!<br \/>\nf\u00fcr mehr\u00a0Infos\u00a0 hier klicken==&gt;<a href=\"http:\/\/www.adners.de\/images\/stories\/Bilder_Sehenswrdigkieten\/Breitenbrunner_Freibder.pdf\" target=\"_blank\" rel=\"noopener noreferrer\">Breitenbrunner Freib\u00e4der<br \/>\n<\/a><\/strong><\/em><\/p>\n<p>&nbsp;<\/p>\n<p><em><strong>- jeden Mittwoch (Mai\u00a0 bis Oktober) f\u00e4hrt Sie unser Wander- und\u00a0Erlebnisbus<br \/>\n<\/strong><\/em><em>bis nach Oberwiesenthal und zur\u00fcck,\u00a0 Sie k\u00f6nnen damit auch eine Strecke\u00a0wandern o<\/em><em>der Sie steigen<br \/>\nin Rittersgr\u00fcn aus und gehen ins Freibad.....<\/em><\/p>\n<p><em><strong>- im Januar und Februar f\u00e4hrt Sie unserer Skibus bis nach Oberwiesenthal,<br \/>\n<\/strong><\/em><em>dort geht es dann von der Talstation wenn Sie wollen hinauf auf den Berg,<br \/>\noder Sie nutzen Ihn zum Einstieg in die Loipenwelt am Fichtelberg oder in Tellerh\u00e4ser!<\/em><\/p>\n<p><em><strong>- Folgen Sie uns mit dem Wanderapp Komoot oder schauen<br \/>\n<\/strong><\/em><em>\u00a0sie selbst auf==&gt; <strong><a href=\"https:\/\/www.komoot.com\/de-de\/user\/745413738665\" target=\"_blank\" rel=\"noopener noreferrer\">www.komoot.de<\/a><\/strong><\/em><\/p>\n<p><a href=\"https:\/\/www.komoot.com\/de-de\/user\/745413738665\"><img class=\"alignnone wp-image-18822\" src=\"https:\/\/adners.de\/wp-content\/uploads\/2018\/04\/Komoot-Logo-300x145.png\" alt=\"\" width=\"163\" height=\"79\" \/><\/a><\/p>\n<p>&nbsp;<\/p>\n<p><em><strong>- das Trailcenter Rabenberg umfasst Wege mit einer Gesamtl\u00e4nge von ca. 50 km.<br \/>\n<\/strong>Davon sind ca. 50% Singletrails, die im Wesentlichen naturbelassen sind.<br \/>\nDurch die Kombination von verschiedenen Teilstrecken in den unterschiedlichen<br \/>\nRunden entsteht eine Gesamtstreckenl\u00e4nge von 75 km.<br \/>\nZus\u00e4tzliche Technik-Elemente wie Anlieger, Wellen, Kicker,<br \/>\nNorth-Shores und nat\u00fcrliche Wurzelpassagen garantieren Abwechslung und Fahrspa\u00df,<br \/>\nvon der Familie bis zum Enduro-Biker.<br \/>\nf\u00fcr mehr Infos hier klicken==&gt;<strong><a href=\"https:\/\/www.facebook.com\/TrailcenterRabenberg\" target=\"_blank\" rel=\"noopener noreferrer\">Trailcenter Rabenberg<\/a><\/strong><\/em><\/p>\n<p><em><strong>-\u00a0der\u00a0neue Abenteuerpark860 auf dem Rabenberg in Beitenbrunn<br \/>\n<\/strong>f\u00fcr mehr Infos hier klicken==&gt;<strong><a href=\"https:\/\/www.facebook.com\/Abenteuerpark860Rabenberg\" target=\"_blank\" rel=\"noopener noreferrer\">Abenteuerpark360<\/a><\/strong><\/em><\/p>\n<div><strong>- STONEMAN MIRIQUIDI - 162 KM PURE MOUNTAIN BIKE EMOTION!<\/strong><\/div>\n<div>2 L\u00e4nder +++ 9 Gipfel +++ 4.100 H\u00f6henmeter<br \/>\nDer \"Stoneman Miriquidi\" wartet auf Euch mit traumhaften Ausblicken,<br \/>\nknackigen Auf- und Abfahrten, erzgebirgischer Gastfreundschaft,<br \/>\nk\u00fchlem, tschechischem Bier und Mountainbike-Emotionen pur!<br \/>\nf\u00fcr mehr Infos hier klicken==&gt;<em><strong><a href=\"https:\/\/www.facebook.com\/StonemanMiriquidi?fref=ts\" target=\"_blank\" rel=\"noopener noreferrer\">Stoneman Miriquidi<\/a><\/strong><\/em><\/div>\n<div><strong>Bei uns\u00a0k\u00f6nnen Sie vor Ort E-Bikes\u00a0ausleihen:<\/strong><\/div>\n<p><strong>Skigebiete und Wintersportberichte:<\/strong><\/p>\n<p>Viele Informationen zum Wintersport im Erzgebirge ==&gt;<a href=\"https:\/\/www.wintersport-im-erzgebirge.de\" target=\"_blank\" rel=\"noopener noreferrer\">Winterspot im Erzgebirge<\/a><\/p>\n<p>Breitenbrunn \u00a0 \u00a0\u00a0 ==&gt; <a href=\"https:\/\/www.breitenbrunn-erzgebirge.de\/de\/wintersportbericht\/loipen-wintersportbericht.html\" target=\"_blank\" rel=\"noopener noreferrer\">Wintersportbericht<\/a>\u00a0\u00a0\u00a0 ==&gt; <a href=\"https:\/\/www.wintersport-im-erzgebirge.de\/langlauf\/zentralerzgebirge\/breitenbrunn.html\" target=\"_blank\" rel=\"noopener noreferrer\">Loipenplan<\/a><\/p>\n<p>Tag aktuell gespurte Loipen ==&gt; <a href=\"http:\/\/gis.kr-karlovarsky.cz\/klm\/de\/\" target=\"_blank\" rel=\"noopener noreferrer\">in Breitenbrunn und Umgebung<\/a><\/p>\n<p>Oberwiesenthal\u00a0 ==&gt; <a href=\"https:\/\/www.fichtelberg-ski.de\/\" target=\"_blank\" rel=\"noopener noreferrer\">Aktuelles zum Fichtelberg<\/a> \u00a0 \u00a0 \u00a0 ==&gt; <a href=\"https:\/\/www.wintersport-im-erzgebirge.de\/langlauf\/zentralerzgebirge\/oberwiesenthal.html\" target=\"_blank\" rel=\"noopener noreferrer\">Loipenplan<\/a><\/p>\n<p>InterSkiregion Oberwiesenthal und Keilberg \u00a0\u00a0\u00a0\u00a0\u00a0\u00a0\u00a0\u00a0\u00a0 \u00a0 ==&gt; <a href=\"http:\/\/interskiregion.com\/de\/\" target=\"_blank\" rel=\"noopener noreferrer\">InterSkiregion<\/a><\/p>\n<p>Eibenstock\u00a0\u00a0\u00a0\u00a0\u00a0\u00a0\u00a0\u00a0 ==&gt; <a href=\"https:\/\/winter.wurzelrudis-erlebniswelt.de\/\" target=\"_blank\" rel=\"noopener noreferrer\">Aktuelles zum Winterport in Eibenstock<\/a><\/p>\n<p>Potucki\u00a0\u00a0\u00a0\u00a0\u00a0\u00a0\u00a0\u00a0\u00a0\u00a0\u00a0\u00a0\u00a0\u00a0\u00a0\u00a0 ==&gt; <a href=\"http:\/\/www.skipot.cz\/de\/\" target=\"_blank\" rel=\"noopener noreferrer\">Aktuelles zum Wintersport in Potucki<\/a><\/p>\n<p>Plesivec\u00a0\u00a0\u00a0\u00a0\u00a0\u00a0\u00a0\u00a0\u00a0\u00a0\u00a0 \u00a0\u00a0 ==&gt; <a href=\"https:\/\/skiarealplesivec.com\/de\" target=\"_blank\" rel=\"noopener noreferrer\">Aktuelles zum Wintersport am Plessberg<\/a><\/p>\n<p>&nbsp;<\/p>\n<p>&nbsp;<\/p>\n<p><em><strong>- Alle Termine von Weihnachtsm\u00e4rkten und Bergparaden im Erzgebirge<br \/>\n<\/strong><\/em><em>finden Sie hier\u00a0\u00a0\u00a0\u00a0 <a href=\"https:\/\/www.erzgebirge-tourismus.de\/weihnachtsmaerkte-und-bergparaden\/termine-der-bergparaden\/\" target=\"_blank\" rel=\"noopener noreferrer\">==&gt; Termine Bergparaden<\/a>\u00a0\u00a0\u00a0\u00a0\u00a0 <a href=\"https:\/\/www.erzgebirge-tourismus.de\/weihnachtsmaerkte-und-bergparaden\/weihnachtsmaerkte-im-erzgebirge\/\" target=\"_blank\" rel=\"noopener noreferrer\">==&gt; \u00d6ffnungszeiten Weihnachtsm\u00e4rkte<\/a><\/em><em><strong><br \/>\n<\/strong><\/em><\/p>\n<p>oder hier als ==&gt; DOWNLOAD PDF Weihnachtsm\u00e4rkte und Bergparaden<\/p>\n<\/div><\/div><\/div><\/div><\/section><section><div class=\"container\"><div class=\"row\"><div class=\"wpb_column hcode-column-container hcode-column-2 sm-no-margin xs-no-margin vc_col-sm-12 col-xs-mobile-fullwidth\" data-front-class=\"hcode-column-2 sm-no-margin xs-no-margin col-xs-mobile-fullwidth\"><div class=\"vc-column-innner-wrapper\"><h3 class=\"section-title hcode-heading-3 black-text\">Wandertipps und Empfehlungen des Hotels<\/h3><div class=\"hcode-text-1\"><p>Breitenbrunn ist ein hervorragendes Wandergebiet, welches durch seine einzigartige und unber\u00fchrte Natur besticht. Hier wollen wir Ihnen nun einige Wandervorschl\u00e4ge unterbreiten, die Sie sich im Vorfeld schon einmal anschauen k\u00f6nnen.<\/p>\n<p><strong>Unsere Wanderempfehlungen bei:<\/strong><\/p>\n<ul>\n<li><a href=\"http:\/\/www.komoot.de\/user\/56268845548\" target=\"_blank\" rel=\"noopener noreferrer\">Komoot dem Wanderapp<\/a><\/li>\n<\/ul>\n<p>&nbsp;<\/p>\n<h3>Panoramaweg (15 km)<\/h3>\n<p><strong>Start und Ziel:<\/strong><\/p>\n<p>An der Kirche (Abenteuerspielplatz) - Parkplatz auch f\u00fcr Busse<\/p>\n<p><strong>Route:<\/strong><\/p>\n<p>Halbemeiler Str. - Joachimsthaler Str. -H\u00f6hligweg - Galgenfl\u00fcgel - Rundteil - Tr\u00e4nktr\u00f6gelweg - Ski-Wanderh\u00fctte - Rabenberger Str. - Hauptstr. Breitenbrunn- Sonnenleithe - Neue Siedlung - Schachtstr. bis Gastst\u00e4tte \"Wei\u00dfwaldsch\u00e4nke\" - Zechenhaus - Erlaer Str. -Steinweg - Kirche bzw. Abenteuerspielplatz<\/p>\n<p><strong>Sehenswert:<\/strong><\/p>\n<p>- Halbemeiler Str.: Panoramablick<br \/>\n- H\u00f6hligweg: Alter Bergbau - Hungertanne - Blick nach Steinheidel und \"Sorge\"<br \/>\n- Tr\u00e4nktr\u00f6gelweg: Tr\u00e4nktr\u00f6gel - Panoramablick - Abfahrtsstrecke (Ski-Wanderh\u00fctte)<br \/>\n- Sonnenleithe: Altes Umgebindehaus<br \/>\n- Schachtstrasse. : \"St. Christoph\"-Besucherbergwerk<br \/>\n- Zechenhaus<br \/>\n- Steinweg: Panoramablick - St. Christophorus-Kirche - Jagdschlo\u00dfruine<\/p>\n<p><strong>Einkehrm\u00f6glichkeiten:<\/strong><\/p>\n<p>- Verpflegung aus dem Rucksack<br \/>\n- Adners Gasthof<br \/>\n- Ski-Wanderh\u00fctte am Abfahrtshang (nur bedingt)<br \/>\n- \"Volksheim\"<br \/>\n- \"Wei\u00dfwaldsch\u00e4nke\"<\/p>\n<p>Weg ab Rundteil - Galgenfl\u00fcgel - Sportschule (1,5 km) und wieder bis Rundteil zur\u00fcck (1,5 km)<\/p>\n<p>&nbsp;<\/p>\n<h3><strong>Besucherbergwerk St. Christoph in Breitenbrunn<\/strong><\/h3>\n<p><strong>F\u00fchrungen:<\/strong><\/p>\n<p>Montags bis Freitags 10.00 Uhr\/ 12.00 Uhr\/ 14.00 Uhr<br \/>\nf\u00fcr Samstags-, Sonntags- und Sonderf\u00fchrungen wird um<br \/>\ntelefonische Anmeldung gebeten<\/p>\n<p><strong>F\u00fchrungsdauer:<\/strong><\/p>\n<p>ca. 1,5 Stunden, ca. 600 m zu Fu\u00df bis zum Rundgang in den Kammern und im Altbergbau<\/p>\n<p><strong>Gruppenst\u00e4rke:<\/strong><\/p>\n<p>bis 10 Personen, gr\u00f6\u00dfere Gruppen werden geteilt und fahren in Abst\u00e4nden ein<br \/>\n(Bitte um tel. Anmeldung)<\/p>\n<p>Einfahrt f\u00fcr Kinder ab 6 Jahren nur in Begleitung Erwachsener<\/p>\n<p><strong>Besonderheiten:<\/strong><\/p>\n<p>Das Besucherbergwerk ist gut begehbar und auch f\u00fcr \u00e4ltere Personen geeignet. Auf Wunsch kann auf Begehung des Steigortes verzichtet werden. Festes Schuhwerk und warme Kleidung - im Stoll'n herrschen 10\u00b0 C. Schutzhelm, Schutzumhang und Beleuchtung werden vom Besucherbergwerk gestellt.<\/p>\n<p>mehr Informationen auf\u00a0<a href=\"http:\/\/www.besucherbergwerk-sankt-christoph.de\/\" target=\"_blank\" rel=\"noopener noreferrer\">http:\/\/www.besucherbergwerk-sankt-christoph.de\/<\/a><\/p>\n<\/div><\/div><\/div><\/div><\/div><\/section>","protected":false},"excerpt":{"rendered":"<p>Erzgebirge erkundenWillkommen in Breitenbrunn im Erzgebirge!Das Bergdorf Breitenbrunn liegt im oberen Erzgebirge zwischen Fichtelberg (1.214 m) und dem Auersberg (1.018 m) an der Grenze zu Tschechien. Die h\u00f6chste Erhebung ist der Rabenberg mit 913 m. Breitenbrunn, von ausgedehnten Fichtenw\u00e4ldern umgeben, weist zwischen Bahnhof und Rabenberg einen H\u00f6henunterschied von 340 m auf. Zu unserem Ort geh\u00f6ren [&hellip;]<\/p>\n","protected":false},"author":2,"featured_media":0,"parent":0,"menu_order":0,"comment_status":"closed","ping_status":"closed","template":"","meta":[],"_links":{"self":[{"href":"https:\/\/adners.de\/index.php?rest_route=\/wp\/v2\/pages\/17937"}],"collection":[{"href":"https:\/\/adners.de\/index.php?rest_route=\/wp\/v2\/pages"}],"about":[{"href":"https:\/\/adners.de\/index.php?rest_route=\/wp\/v2\/types\/page"}],"author":[{"embeddable":true,"href":"https:\/\/adners.de\/index.php?rest_route=\/wp\/v2\/users\/2"}],"replies":[{"embeddable":true,"href":"https:\/\/adners.de\/index.php?rest_route=%2Fwp%2Fv2%2Fcomments&post=17937"}],"version-history":[{"count":18,"href":"https:\/\/adners.de\/index.php?rest_route=\/wp\/v2\/pages\/17937\/revisions"}],"predecessor-version":[{"id":21315,"href":"https:\/\/adners.de\/index.php?rest_route=\/wp\/v2\/pages\/17937\/revisions\/21315"}],"wp:attachment":[{"href":"https:\/\/adners.de\/index.php?rest_route=%2Fwp%2Fv2%2Fmedia&parent=17937"}],"curies":[{"name":"wp","href":"https:\/\/api.w.org\/{rel}","templated":true}]}}