{"id":17977,"date":"2017-04-03T09:57:47","date_gmt":"2017-04-03T09:57:47","guid":{"rendered":"https:\/\/adners.de\/?page_id=17977"},"modified":"2023-08-03T19:46:13","modified_gmt":"2023-08-03T17:46:13","slug":"freizeit","status":"publish","type":"page","link":"https:\/\/adners.de\/?page_id=17977","title":{"rendered":"Freizeit"},"content":{"rendered":"<section><div class=\"container\"><div class=\"row\"><div class=\"wpb_column hcode-column-container hcode-column-1 sm-no-margin xs-no-margin  col-xs-mobile-fullwidth\" data-front-class=\"hcode-column-1 sm-no-margin xs-no-margin col-xs-mobile-fullwidth front-column-class\"><div class=\"vc-column-innner-wrapper\"><h2 class=\"section-title hcode-heading-1 sm-no-margin xs-no-margin black-text\">Freizeit - Aktivurlaub - Ausfl\u00fcge<\/h2><p>Klicken Sie auf das Bild. Dann \u00f6ffnet sich eine PDF Datei mit aktiven Links.<br \/>\nWenn Sie mit der Maus \u00fcber die PDF fahren klicken Sie auf die einzelnen Zeilen welche f\u00fce Sie von Interresse sind.<br \/>\nGegebenenfalls m\u00fcssen Sie je nach Browser die \"Strg\" Taste vor dem Klicken dr\u00fccken.<br \/>\nDann \u00f6ffnet sich die jeweilige Website des ausflugsziels und Sie k\u00f6nnen sich direkt informieren:-).<br \/>\n<strong>Ein besonders herzlicher Dank meinerseits geht an Birgit, Andrea und Micha die mir sehr behilflich waren!<\/strong><\/p>\n<p><a href=\"https:\/\/adners.de\/files\/flyer_aktuell\/01_Adners_Gasthof_und_Hotel_Breitenbrunn_im_Erzgebirge_Ausflugsziele_Sommer_mit_Links.pdf\" target=\"_blank\" rel=\"noopener noreferrer\"><img src=\"https:\/\/adners.de\/files\/flyer_aktuell\/01_Adners_Gasthof_und_Hotel_Breitenbrunn_im_Erzgebirge_Ausflugsziele_Sommer_mit_Links.jpg\" alt=\"\" width=\"1071\" height=\"755\" \/><\/a><\/p>\n<p>&nbsp;<\/p>\n<p>&nbsp;<\/p>\n<h4 class=\"section-title hcode-heading-2 sm-no-margin xs-no-margin black-text\">FITNESS- UND FREIZEIT IN UNSEREM HOTEL<\/h4><div class=\"blog-slider\"><div id=\"image-owl-slider\" class=\"owl-pagination-bottom owl-carousel owl-theme dot-pagination dark-pagination dark-navigation cursor-black\"><div class=\"item\"><a href=\"#\" target=\"_self\"><img width=\"400\" height=\"267\" src=\"https:\/\/adners.de\/wp-content\/uploads\/2017\/04\/Laufband1jpg400.jpg\" class=\"attachment-full size-full\" alt=\"\" loading=\"lazy\" srcset=\"https:\/\/adners.de\/wp-content\/uploads\/2017\/04\/Laufband1jpg400.jpg 400w, https:\/\/adners.de\/wp-content\/uploads\/2017\/04\/Laufband1jpg400-300x200.jpg 300w\" sizes=\"(max-width: 400px) 100vw, 400px\" \/><\/a><\/div><div class=\"item\"><a href=\"#\" target=\"_self\"><img width=\"1200\" height=\"769\" src=\"https:\/\/adners.de\/wp-content\/uploads\/2017\/04\/23759155_xxl.jpg\" class=\"attachment-full size-full\" alt=\"\" loading=\"lazy\" srcset=\"https:\/\/adners.de\/wp-content\/uploads\/2017\/04\/23759155_xxl.jpg 1200w, https:\/\/adners.de\/wp-content\/uploads\/2017\/04\/23759155_xxl-300x192.jpg 300w, https:\/\/adners.de\/wp-content\/uploads\/2017\/04\/23759155_xxl-768x492.jpg 768w, https:\/\/adners.de\/wp-content\/uploads\/2017\/04\/23759155_xxl-1024x656.jpg 1024w\" sizes=\"(max-width: 1200px) 100vw, 1200px\" \/><\/a><\/div><div class=\"item\"><a href=\"#\" target=\"_self\"><img width=\"400\" height=\"266\" src=\"https:\/\/adners.de\/wp-content\/uploads\/2017\/04\/Billard400.jpg\" class=\"attachment-full size-full\" alt=\"\" loading=\"lazy\" srcset=\"https:\/\/adners.de\/wp-content\/uploads\/2017\/04\/Billard400.jpg 400w, https:\/\/adners.de\/wp-content\/uploads\/2017\/04\/Billard400-300x200.jpg 300w\" sizes=\"(max-width: 400px) 100vw, 400px\" \/><\/a><\/div><\/div><\/div>        \t<script type=\"text\/javascript\"> jQuery(document).ready(function () { jQuery(\"#image-owl-slider\").owlCarousel({\tnav: false,dots: false,autoPlay: false,autoplayHoverPause: false,autoplaySpeed: 700, loop: false, responsive:{0:{ items: 1 },700:{ items: 2},991:{ items: 3 },1200:{ items: 3 },},navText: [\"<i class='fas fa-angle-left'><\/i>\", \"<i class='fas fa-angle-right'><\/i>\"] }); }); <\/script>\n        \t<div class=\"margin-five-top\"><p style=\"text-align: left;\"><strong>Wir bieten Ihnen<\/strong><br \/>\nNordic - Walking Schnupperkurs, E-Bike Verleih, gef\u00fchrte Wanderungen,<br \/>\nim Garten Tischtennis, Sandkasten, Rutsche, Schaukel, Baumhaus, Sonnenliegen,<br \/>\nim Freizeit und Fitnessraum mit Billardtisch, Airhockey, Kicker, Laufband und Ergometer.<\/p>\n<\/div><div class=\"hcode-space  hcode-space-1\"><\/div><h4 class=\"section-title  black-text\">UNSERE SAUNA<\/h4><div class=\"clearfix \"><div class=\"col-md-6 col-sm-12 col-xs-12 no-padding pull-right sm-pull-left\"><img width=\"320\" height=\"240\" src=\"https:\/\/adners.de\/wp-content\/uploads\/2017\/02\/SaunaNeu2.jpg\" class=\"attachment-full size-full\" alt=\"\" loading=\"lazy\" srcset=\"https:\/\/adners.de\/wp-content\/uploads\/2017\/02\/SaunaNeu2.jpg 320w, https:\/\/adners.de\/wp-content\/uploads\/2017\/02\/SaunaNeu2-300x225.jpg 300w\" sizes=\"(max-width: 320px) 100vw, 320px\" \/><\/div><div class=\"col-md-6 col-sm-12 col-xs-12 no-padding  pull-left sm-pull-right\"><div class=\"model-details-text\"><span class=\"text-uppercase font-weight-600 black-text letter-spacing-2\" >Entspannen Sie sich doch ganz einfach bei uns im Wellneshotel im Erzgebirge in unserer hauseigenen Sauna.<\/span><span class=\"text-uppercase text-small letter-spacing-2 margin-three display-block\" >Sprechen Sie uns an.<\/span><\/div><\/div><\/div><div class=\"hcode-space  hcode-space-2\"><\/div><h4 class=\"section-title  black-text\">Freizeit und Erlebnisb\u00e4der in der Umgebung<\/h4><div class=\"clearfix class1:btn class1:btn-green class1:btn-medium class1:btn-round\"><div class=\"col-md-6 col-sm-12 col-xs-12 no-padding pull-right sm-pull-left\"><img width=\"1024\" height=\"576\" src=\"https:\/\/adners.de\/wp-content\/uploads\/2017\/04\/bad-freizeitbad-greifensteine_01.jpg\" class=\"attachment-full size-full\" alt=\"\" loading=\"lazy\" srcset=\"https:\/\/adners.de\/wp-content\/uploads\/2017\/04\/bad-freizeitbad-greifensteine_01.jpg 1024w, https:\/\/adners.de\/wp-content\/uploads\/2017\/04\/bad-freizeitbad-greifensteine_01-300x169.jpg 300w, https:\/\/adners.de\/wp-content\/uploads\/2017\/04\/bad-freizeitbad-greifensteine_01-768x432.jpg 768w\" sizes=\"(max-width: 1024px) 100vw, 1024px\" \/><\/div><div class=\"col-md-6 col-sm-12 col-xs-12 no-padding  pull-left sm-pull-right\"><div class=\"model-details-text\"><span class=\"text-uppercase font-weight-600 black-text letter-spacing-2\" >Das Freizeitbad Greifensteine bei Geyer<\/span><span class=\"text-uppercase text-small letter-spacing-2 margin-three display-block\" >(Entfernung ca. 25km ca. 30min.)<\/span><span class=\"margin-ten display-block clearfix xs-margin-0auto\"><\/span><a class=\"highlight-button-dark btn btn-very-small no-margin\" href=\"http:\/\/www.freizeitbad-greifensteine.de\/\" target=\"_blank\">Link zum Freizeitbad<\/a><\/div><\/div><\/div><div class=\" separator-line\" style=\" background:#005c00;height:5px;\"><\/div><div class=\"clearfix \"><div class=\"col-md-6 col-sm-12 col-xs-12 no-padding pull-right sm-pull-left\"><img width=\"470\" height=\"313\" src=\"https:\/\/adners.de\/wp-content\/uploads\/2017\/04\/AM3.jpg\" class=\"attachment-full size-full\" alt=\"\" loading=\"lazy\" srcset=\"https:\/\/adners.de\/wp-content\/uploads\/2017\/04\/AM3.jpg 470w, https:\/\/adners.de\/wp-content\/uploads\/2017\/04\/AM3-300x200.jpg 300w\" sizes=\"(max-width: 470px) 100vw, 470px\" \/><\/div><div class=\"col-md-6 col-sm-12 col-xs-12 no-padding  pull-left sm-pull-right\"><div class=\"model-details-text\"><span class=\"text-uppercase font-weight-600 black-text letter-spacing-2\" >Das Aquamarien in Marienberg<\/span><span class=\"text-uppercase text-small letter-spacing-2 margin-three display-block\" >(Entfernung ca. 50km ca. 50min.)<\/span><span class=\"margin-ten display-block clearfix xs-margin-0auto\"><\/span><a class=\"highlight-button-dark btn btn-very-small no-margin\" href=\"http:\/\/www.aquamarien.de\/startseite\/\" target=\"_blank\">Link zum Aquamarien<\/a><\/div><\/div><\/div><div class=\" separator-line\" style=\" background:#005c00;height:5px;\"><\/div><div class=\"clearfix margin-bottom: 20px\"><div class=\"col-md-6 col-sm-12 col-xs-12 no-padding pull-right sm-pull-left\"><img width=\"540\" height=\"540\" src=\"https:\/\/adners.de\/wp-content\/uploads\/2017\/04\/bg6.jpg\" class=\"attachment-full size-full\" alt=\"\" loading=\"lazy\" srcset=\"https:\/\/adners.de\/wp-content\/uploads\/2017\/04\/bg6.jpg 540w, https:\/\/adners.de\/wp-content\/uploads\/2017\/04\/bg6-150x150.jpg 150w, https:\/\/adners.de\/wp-content\/uploads\/2017\/04\/bg6-300x300.jpg 300w, https:\/\/adners.de\/wp-content\/uploads\/2017\/04\/bg6-180x180.jpg 180w\" sizes=\"(max-width: 540px) 100vw, 540px\" \/><\/div><div class=\"col-md-6 col-sm-12 col-xs-12 no-padding  pull-left sm-pull-right\"><div class=\"model-details-text\"><span class=\"text-uppercase font-weight-600 black-text letter-spacing-2\" >Die Badeg\u00e4rten Eibenstock<\/span><span class=\"text-uppercase text-small letter-spacing-2 margin-three display-block\" >(Entfernung ca. 22km ca 20min.)<\/span><span class=\"margin-ten display-block clearfix xs-margin-0auto\"><\/span><a class=\"highlight-button-dark btn btn-very-small no-margin\" href=\"https:\/\/www.badegaerten.de\/\" target=\"_blank\">Link zu den Badeg\u00e4rten<\/a><\/div><\/div><\/div><div class=\"hcode-space  hcode-space-3\"><\/div><h4 class=\"section-title  black-text\">THERMALB\u00c4DER IN DER UMGEBUNG<\/h4><div class=\"clearfix \"><div class=\"col-md-6 col-sm-12 col-xs-12 no-padding pull-right sm-pull-left\"><img width=\"563\" height=\"375\" src=\"https:\/\/adners.de\/wp-content\/uploads\/2017\/04\/wb5.jpg\" class=\"attachment-full size-full\" alt=\"\" loading=\"lazy\" srcset=\"https:\/\/adners.de\/wp-content\/uploads\/2017\/04\/wb5.jpg 563w, https:\/\/adners.de\/wp-content\/uploads\/2017\/04\/wb5-300x200.jpg 300w\" sizes=\"(max-width: 563px) 100vw, 563px\" \/><\/div><div class=\"col-md-6 col-sm-12 col-xs-12 no-padding  pull-left sm-pull-right\"><div class=\"model-details-text\"><span class=\"text-uppercase font-weight-600 black-text letter-spacing-2\" >Die Silbertherme Warmbad \/ Wolkenstein<\/span><span class=\"text-uppercase text-small letter-spacing-2 margin-three display-block\" >(Entfernung ca. 38km ca. 40min.)<\/span><span class=\"margin-ten display-block clearfix xs-margin-0auto\"><\/span><a class=\"highlight-button-dark btn btn-very-small no-margin\" href=\"http:\/\/www.warmbad.de\/silber-therme.cfm\" target=\"_blank\">Link zum Warmbad<\/a><\/div><\/div><\/div><div class=\" separator-line\" style=\" background:#005c00;height:5px;\"><\/div><div class=\"clearfix \"><div class=\"col-md-6 col-sm-12 col-xs-12 no-padding pull-right sm-pull-left\"><img width=\"264\" height=\"191\" src=\"https:\/\/adners.de\/wp-content\/uploads\/2017\/04\/Schlema2.jpg\" class=\"attachment-full size-full\" alt=\"\" loading=\"lazy\" \/><\/div><div class=\"col-md-6 col-sm-12 col-xs-12 no-padding  pull-left sm-pull-right\"><div class=\"model-details-text\"><span class=\"text-uppercase font-weight-600 black-text letter-spacing-2\" >Das Kur- und Radonbad Actinon in Schlema<\/span><span class=\"text-uppercase text-small letter-spacing-2 margin-three display-block\" >(Entfernung ca. 20km ca. 25min.)<\/span><span class=\"margin-ten display-block clearfix xs-margin-0auto\"><\/span><a class=\"highlight-button-dark btn btn-very-small no-margin\" href=\"http:\/\/www.kur-schlema.de\/bad\/\" target=\"_blank\">Link zum Kurbad<\/a><\/div><\/div><\/div><div class=\" separator-line\" style=\" background:#005c00;height:5px;\"><\/div><div class=\"clearfix \"><div class=\"col-md-6 col-sm-12 col-xs-12 no-padding pull-right sm-pull-left\"><img width=\"300\" height=\"168\" src=\"https:\/\/adners.de\/wp-content\/uploads\/2017\/04\/kb6.jpg\" class=\"attachment-full size-full\" alt=\"\" loading=\"lazy\" \/><\/div><div class=\"col-md-6 col-sm-12 col-xs-12 no-padding  pull-left sm-pull-right\"><div class=\"model-details-text\"><span class=\"text-uppercase font-weight-600 black-text letter-spacing-2\" >Das Elisabethbad in Karlsbad<\/span><span class=\"text-uppercase text-small letter-spacing-2 margin-three display-block\" >(Entfernung 45km ca. 50.in.)<\/span><span class=\"margin-ten display-block clearfix xs-margin-0auto\"><\/span><a class=\"highlight-button-dark btn btn-very-small no-margin\" href=\"https:\/\/www.karlovyvary.cz\/de\/elisabethbad-0\" target=\"_blank\">Link des Elisbethbades<\/a><\/div><\/div><\/div><div class=\"hcode-space  hcode-space-4\"><\/div><h4 class=\"section-title  black-text\">FREIB\u00c4DER IN BREITENBRUNN UND UMGEBUNG<\/h4><div class=\"clearfix \"><div class=\"col-md-6 col-sm-12 col-xs-12 no-padding pull-right sm-pull-left\"><img width=\"300\" height=\"225\" src=\"https:\/\/adners.de\/wp-content\/uploads\/2017\/04\/Freibad.jpg\" class=\"attachment-full size-full\" alt=\"\" loading=\"lazy\" \/><\/div><div class=\"col-md-6 col-sm-12 col-xs-12 no-padding  pull-left sm-pull-right\"><div class=\"model-details-text\"><span class=\"text-uppercase font-weight-600 black-text letter-spacing-2\" >Freib\u00e4der in den Breitenbrunner Ortsteilen Rittersgr\u00fcn und Antonsthal<\/span><span class=\"text-uppercase text-small letter-spacing-2 margin-three display-block\" >Der Eintritt ist f\u00fcr Sie gratis!<\/span><span class=\"margin-ten display-block clearfix xs-margin-0auto\"><\/span><a class=\"highlight-button-dark btn btn-very-small no-margin\" href=\"http:\/\/www.adners.de\/images\/Breitenbrunner_Freibder.pdf\" target=\"_blank\">Informationen als PDF<\/a><\/div><\/div><\/div><\/div><\/div><\/div><\/div><\/section><section><div class=\"container\"><div class=\"row\"><div class=\"wpb_column hcode-column-container vc_col-sm-12 col-xs-mobile-fullwidth\" data-front-class=\"col-xs-mobile-fullwidth\"><div class=\"vc-column-innner-wrapper\"><div class=\"clearfix \"><div class=\"col-md-6 col-sm-12 col-xs-12 no-padding pull-right sm-pull-left\"><img width=\"300\" height=\"200\" src=\"https:\/\/adners.de\/wp-content\/uploads\/2018\/09\/langlauf1300x-1.jpg\" class=\"attachment-full size-full\" alt=\"\" loading=\"lazy\" \/><\/div><div class=\"col-md-6 col-sm-12 col-xs-12 no-padding  pull-left sm-pull-right\"><div class=\"model-details-text\"><span class=\"text-uppercase font-weight-600 black-text letter-spacing-2\" >Wintersport in Breitenbrunn und Umgebung<\/span><p><strong>Skigebiete und Wintersportberichte:<\/strong><\/p>\n<p>Viele Informationen zum Wintersport im Erzgebirge ==&gt;<a href=\"https:\/\/www.wintersport-im-erzgebirge.de\" target=\"_blank\" rel=\"noopener noreferrer\"><span style=\"background-color: #ffcc00;\">Winterspot im Erzgebirge<\/span><\/a><\/p>\n<p>Breitenbrunn \u00a0 \u00a0\u00a0 ==&gt; <span style=\"background-color: #ffcc00;\"><a style=\"background-color: #ffcc00;\" href=\"https:\/\/www.breitenbrunn-erzgebirge.de\/de\/wintersportbericht\/loipen-wintersportbericht.html\" target=\"_blank\" rel=\"noopener noreferrer\">Wintersportbericht<\/a><\/span>\u00a0\u00a0\u00a0 ==&gt; <span style=\"background-color: #ffcc00;\"><a style=\"background-color: #ffcc00;\" href=\"https:\/\/www.wintersport-im-erzgebirge.de\/langlauf\/zentralerzgebirge\/breitenbrunn.html\" target=\"_blank\" rel=\"noopener noreferrer\">Loipenplan<\/a><\/span><\/p>\n<p>Tag aktuell gespurte Loipen ==&gt; <a href=\"http:\/\/gis.kr-karlovarsky.cz\/klm\/de\/\" target=\"_blank\" rel=\"noopener noreferrer\"><span style=\"background-color: #ffcc00;\">in Breitenbrunn und Umgebung<\/span><\/a><\/p>\n<p>Oberwiesenthal\u00a0 ==&gt; <span style=\"background-color: #ffcc00;\"><a style=\"background-color: #ffcc00;\" href=\"https:\/\/www.fichtelberg-ski.de\/\" target=\"_blank\" rel=\"noopener noreferrer\">Aktuelles zum Fichtelberg<\/a> <\/span>\u00a0 \u00a0 \u00a0 ==&gt; <a href=\"https:\/\/www.wintersport-im-erzgebirge.de\/langlauf\/zentralerzgebirge\/oberwiesenthal.html\" target=\"_blank\" rel=\"noopener noreferrer\"><span style=\"background-color: #ffcc00;\">Loipenplan<\/span><\/a><\/p>\n<p>InterSkiregion Oberwiesenthal und Keilberg \u00a0\u00a0\u00a0\u00a0\u00a0\u00a0\u00a0\u00a0\u00a0 \u00a0 ==&gt; <a href=\"http:\/\/interskiregion.com\/de\/\" target=\"_blank\" rel=\"noopener noreferrer\"><span style=\"background-color: #ffcc00;\">InterSkiregion<\/span><\/a><\/p>\n<p>Eibenstock\u00a0\u00a0\u00a0\u00a0\u00a0\u00a0\u00a0\u00a0 ==&gt; <a href=\"https:\/\/winter.wurzelrudis-erlebniswelt.de\/\" target=\"_blank\" rel=\"noopener noreferrer\"><span style=\"background-color: #ffcc00;\">Aktuelles zum Winterport in Eibenstock<\/span><\/a><\/p>\n<p>Potucki\u00a0\u00a0\u00a0\u00a0\u00a0\u00a0\u00a0\u00a0\u00a0\u00a0\u00a0\u00a0\u00a0\u00a0\u00a0\u00a0 ==&gt; <span style=\"background-color: #ffcc00;\"><a style=\"background-color: #ffcc00;\" href=\"http:\/\/www.skipot.cz\/de\/\" target=\"_blank\" rel=\"noopener noreferrer\">Aktuelles zum Wintersport in Potucki<\/a><\/span><\/p>\n<p>Plesivec\u00a0\u00a0\u00a0\u00a0\u00a0\u00a0\u00a0\u00a0\u00a0\u00a0\u00a0 \u00a0\u00a0 ==&gt; <a href=\"https:\/\/skiarealplesivec.com\/de\" target=\"_blank\" rel=\"noopener noreferrer\"><span style=\"background-color: #ffcc00;\">Aktuelles zum Wintersport am Plessberg<\/span><\/a><\/p>\n<p>&nbsp;<\/p>\n<p><em><strong>- im Januar und Februar f\u00e4hrt Sie unserer Skibus bis nach Oberwiesenthal,<br \/>\n<\/strong><\/em><em>dort geht es dann von der Talstation wenn Sie wollen hinauf auf den Berg,<br \/>\noder Sie nutzen Ihn zum Einstieg in die Loipenwelt am Fichtelberg oder in Tellerh\u00e4user!<\/em><\/p>\n<\/div><\/div><\/div><\/div><\/div><\/div><\/div><\/section>","protected":false},"excerpt":{"rendered":"<p>Freizeit &#8211; Aktivurlaub &#8211; Ausfl\u00fcgeKlicken Sie auf das Bild. Dann \u00f6ffnet sich eine PDF Datei mit aktiven Links. Wenn Sie mit der Maus \u00fcber die PDF fahren klicken Sie auf die einzelnen Zeilen welche f\u00fce Sie von Interresse sind. Gegebenenfalls m\u00fcssen Sie je nach Browser die &#8220;Strg&#8221; Taste vor dem Klicken dr\u00fccken. Dann \u00f6ffnet sich [&hellip;]<\/p>\n","protected":false},"author":3,"featured_media":0,"parent":0,"menu_order":0,"comment_status":"closed","ping_status":"closed","template":"","meta":[],"_links":{"self":[{"href":"https:\/\/adners.de\/index.php?rest_route=\/wp\/v2\/pages\/17977"}],"collection":[{"href":"https:\/\/adners.de\/index.php?rest_route=\/wp\/v2\/pages"}],"about":[{"href":"https:\/\/adners.de\/index.php?rest_route=\/wp\/v2\/types\/page"}],"author":[{"embeddable":true,"href":"https:\/\/adners.de\/index.php?rest_route=\/wp\/v2\/users\/3"}],"replies":[{"embeddable":true,"href":"https:\/\/adners.de\/index.php?rest_route=%2Fwp%2Fv2%2Fcomments&post=17977"}],"version-history":[{"count":80,"href":"https:\/\/adners.de\/index.php?rest_route=\/wp\/v2\/pages\/17977\/revisions"}],"predecessor-version":[{"id":20266,"href":"https:\/\/adners.de\/index.php?rest_route=\/wp\/v2\/pages\/17977\/revisions\/20266"}],"wp:attachment":[{"href":"https:\/\/adners.de\/index.php?rest_route=%2Fwp%2Fv2%2Fmedia&parent=17977"}],"curies":[{"name":"wp","href":"https:\/\/api.w.org\/{rel}","templated":true}]}}