{"id":18200,"date":"2017-05-17T21:47:14","date_gmt":"2017-05-17T21:47:14","guid":{"rendered":"https:\/\/adners.de\/?page_id=18200"},"modified":"2026-04-17T20:43:01","modified_gmt":"2026-04-17T18:43:01","slug":"pulverschneewochen","status":"publish","type":"page","link":"https:\/\/adners.de\/?page_id=18200","title":{"rendered":"Winterurlaub"},"content":{"rendered":"<section><div class=\"container\"><div class=\"row\"><div class=\"wpb_column hcode-column-container  col-xs-mobile-fullwidth\" data-front-class=\"col-xs-mobile-fullwidth front-column-class\"><div class=\"vc-column-innner-wrapper\"><h2 class=\"section-title hcode-heading-1 sm-no-margin xs-no-margin black-text\">Winterurlaub<\/h2><div class=\"blog-slider\"><div id=\"image-owl-slider\" class=\"owl-pagination-bottom owl-carousel owl-theme dot-pagination dark-pagination dark-navigation cursor-black\"><\/div><\/div>        \t<script type=\"text\/javascript\"> jQuery(document).ready(function () { jQuery(\"#image-owl-slider\").owlCarousel({\tnav: false,dots: false,autoPlay: false,autoplayHoverPause: false,autoplaySpeed: 700, loop: false, responsive:{0:{ items: 1 },700:{ items: 2},991:{ items: 3 },1200:{ items: 3 },},navText: [\"<i class='fas fa-angle-left'><\/i>\", \"<i class='fas fa-angle-right'><\/i>\"] }); }); <\/script>\n        \t<p><a href=\"https:\/\/adners.de\/files\/flyer_aktuell\/12_Adners_Gasthof_und_Hotel_Breitenbrunn_im_Erzgebirge_Dezember_Januar_Februar_Angebote.pdf\" target=\"_blank\" rel=\"noopener noreferrer\"><img class=\"alignnone size-full wp-image-19322\" src=\"https:\/\/adners.de\/wp-content\/uploads\/2018\/09\/WInter-Breitenbrunn-800.jpg\" alt=\"\" width=\"800\" height=\"141\" \/><\/a><\/p>\n<p><span style=\"font-size: 20pt; color: #000080;\"><strong><span style=\"font-size: 24pt;\">Winterurlaub<\/span><\/strong><\/span><\/p>\n<p><span style=\"font-size: 20pt; color: #000080;\"><strong><span style=\"font-size: 24pt;\">im Januar und Februar<\/span><br \/>\n<\/strong><\/span><\/p>\n<p><span style=\"color: #000080;\">Immer\u00a0 mit einem gem\u00fctlichen Feuerzangenbowle Abend im Hotelrestaurant oder<\/span><br \/>\n<span style=\"color: #000080;\">an der Schneebar. Zur absoluten Entspannung empfehlen wir Ihnen eine Pferdeschlittenfahrt, durch den verschneiten Winterwald!<\/span><\/p>\n<p><span style=\"color: #000080;\"><em><img class=\"wp-image-19303 alignnone\" src=\"https:\/\/adners.de\/wp-content\/uploads\/2017\/06\/Terrasse-Winter-Abends-1024-300x168.jpg\" alt=\"\" width=\"246\" height=\"138\" \/><\/em><img class=\" wp-image-19319\" src=\"https:\/\/adners.de\/wp-content\/uploads\/2018\/09\/Schlitten-Familie-300x200.jpg\" alt=\"\" width=\"210\" height=\"140\" \/><img class=\" wp-image-19320\" src=\"https:\/\/adners.de\/wp-content\/uploads\/2018\/09\/Schlitten-frau-300x200.jpg\" alt=\"\" width=\"210\" height=\"140\" \/><\/span><\/p>\n<p align=\"left\"><span style=\"color: #008000;\"><strong>Die Angebote sind Online aber auch telefonisch buchbar.<br \/>\n<\/strong><\/span><span style=\"font-size: 24pt;\"><strong><span style=\"color: #000080;\">Angebot\u00fcbersicht Winter<\/span><br \/>\n<\/strong><\/span><\/p>\n<p><span style=\"background-color: #ffcc00;\"><a style=\"background-color: #ffcc00;\" href=\"https:\/\/adners.de\/files\/flyer_aktuell\/12_Adners_Gasthof_und_Hotel_Breitenbrunn_im_Erzgebirge_November_Dezember_Januar_Februar_Angebote.pdf\" target=\"_blank\" rel=\"noopener noreferrer\"><em>(PDF \u00f6ffnet sich hier oder bei Klick auf das Bild)<\/em><\/a><\/span><\/p>\n<p><a href=\"https:\/\/adners.de\/files\/flyer_aktuell\/Adners_Gasthof_und_Hotel_Breitenbrunn_im_Erzgebirge_Jahresangebot_Winterurlaub_Wellnesswoche_Fruelingswoche_Stollenbacken_Geniesserwoche_Pfingsten_Sommerurlaub_Goldener_Herbst_Adventsurlaub_Weihnachten.pdf\" target=\"_blank\" rel=\"noopener noreferrer\"><img class=\"\" src=\"https:\/\/adners.de\/files\/flyer_aktuell\/Adners_Gasthof_und_Hotel_Breitenbrunn_im_Erzgebirge_Jahresangebot_Winterurlaub_Wellnesswoche_Fruelingswoche_Stollenbacken_Geniesserwoche_Pfingsten_Sommerurlaub_Goldener_Herbst_Adventsurlaub_Weihnachten.jpg\" width=\"900\" height=\"345\" \/><\/a><\/p>\n<p>&nbsp;<\/p>\n<p><a href=\"https:\/\/adners.onlineres.de\/entry?ar=2025-02-08&amp;dp=2025-02-15\"><img class=\"\" src=\"https:\/\/adners.de\/files\/flyer_aktuell\/Online_Vefuegbarkeit_Adners_Gasthof_und_Hotel_im_Erzgebirge_pr\u00fcfen_web.jpg\" alt=\"\" width=\"453\" height=\"277\" \/><\/a><\/p>\n<p><strong>Wohnen und schlafen Sie<\/strong><br \/>\nin gem\u00fctlichen Zimmern, incl. Bad\/Du und WC, Flat-TV, Tel., W-LAN<\/p>\n<p><strong>lassen Sie sich von uns kulinarisch verw\u00f6hnen mit Halbpension bestehend aus<\/strong><\/p>\n<p>tgl.x Fr\u00fchst\u00fccksb\u00fcffet abwechselnde Wurst und K\u00e4seplatten, verschiedenen Marmeladen,<br \/>\nHonig,Schokoaufstrich, M\u00fcsli und Cerealien, Joghurt, frisches Obst,<br \/>\nt\u00e4glicher warmanteil und 1x w\u00f6chentlich Frontcooking f\u00fcr frische Eierspeisen,<br \/>\n1x Kaffee und Kuchen, 7x Abendessen davon 4x Auswahl aus unserer kompletten aktuellen Speisekarte,<br \/>\n2x warmes Themenb\u00fcffet und 1x Rustikales B\u00fcffet (Grillabend)<br \/>\nt\u00e4glichem Salat - B\u00fcffet<br \/>\nund bei Ankunft ein Obstkorb zur Begr\u00fc\u00dfung auf dem Zimmer und eine Flasche Mineralwasser<\/p>\n<p><strong> lassen Sie sich unterhalten<\/strong><br \/>\nbei einem Begr\u00fc\u00dfungstrunk erhalten Sie Tipps f\u00fcr die Gestaltung Ihres Urlaubes.<br \/>\nGenie\u00dfen Sie den Erzgebirgsabend mit Live Musik,<br \/>\neinen Tanzabend,<br \/>\neinen Bowlingnachmittag,<br \/>\neine gef\u00fchrten Wanderung mit Picknick,<br \/>\nund alle Aktionswochen bei einem Aufenthalt von 7 N\u00e4chten!<\/p>\n<div><strong>Gratis Nutzung der Sauna <\/strong>(15-18Uhr)<strong>+ des Fitnessraumes.<\/strong><\/div>\n<div>Wellnessmassagen (gegen Entgelt).<\/div>\n<div>\n<p><strong>F\u00fcr die Kleinen wie die Gro\u00dfen<br \/>\n<\/strong>Spielzimmer mit Billard, Kicker und Air-hockey.<br \/>\nJede Menge Spiele und Kinderspielecke im Haus.<br \/>\nKinderspielplatz mit Sandkasten,Baumhaus, Rutsche, Schaukel, Trampolin, Tischtennisplatte \u00a0im\u00a0 Garten<strong>.<\/strong><\/p>\n<p><strong>F\u00fcr die junge Familie<\/strong><br \/>\ndas f\u00fcr Babys und Kleinkinder notwendige Zubeh\u00f6r \ud83d\ude42 haben wir hier im Haus,<br \/>\nvon Babyphon, Babyw\u00e4rmer, Wasserkocher \u00fcber Kinderbettchen und Wickelauflage.:-).<\/p>\n<p><strong>Entspannen Sie sich in unserer<\/strong><br \/>\nkleinen Leseecke mit kleinem Buchvorrat, Tageszeitungen, Journalen,<br \/>\nInternetrechner im Hotelrestaurant und freiem W-Lan in allen Bereichen des Hauses<\/p>\n<\/div>\n<p><em><strong>Unsere Tipps f\u00fcr Ihren Urlaub:<\/strong><\/em><\/p>\n<p><a href=\"https:\/\/adners.de\/files\/flyer_aktuell\/01_Adners_Gasthof_und_Hotel_Breitenbrunn_im_Erzgebirge_Ausflugsziele_Sommer_mit_Links.pdf\" target=\"_blank\" rel=\"noopener noreferrer\"><img class=\"\" src=\"https:\/\/adners.de\/files\/flyer_aktuell\/01_Adners_Gasthof_und_Hotel_Breitenbrunn_im_Erzgebirge_Ausflugsziele_Sommer_mit_Links.jpg\" alt=\"\" width=\"418\" height=\"294\" \/><\/a><\/p>\n<p>&nbsp;<\/p>\n<p><span style=\"text-decoration: underline;\"><span style=\"font-size: 20pt;\"><em><strong>Unsere Winter-Tipps in Breitenbrunn und Umgebung:<\/strong><\/em><\/span><\/span><\/p>\n<p><strong><span style=\"font-size: 16pt;\">Skigebiete und Wintersportberichte:<\/span><\/strong><\/p>\n<p>Viele Informationen zum Wintersport im Erzgebirge ==&gt;<a href=\"https:\/\/www.wintersport-im-erzgebirge.de\" target=\"_blank\" rel=\"noopener noreferrer\"><span style=\"background-color: #ffcc00;\">Winterspot im Erzgebirge<\/span><\/a><\/p>\n<p>Breitenbrunn \u00a0 \u00a0\u00a0 ==&gt;<span style=\"background-color: #ffcc00;\"> <a style=\"background-color: #ffcc00;\" href=\"https:\/\/www.breitenbrunn-erzgebirge.de\/de\/wintersportbericht\/loipen-wintersportbericht.html\" target=\"_blank\" rel=\"noopener noreferrer\">Wintersportbericht<\/a><\/span>\u00a0\u00a0\u00a0 ==&gt; <a href=\"https:\/\/www.wintersport-im-erzgebirge.de\/langlauf\/zentralerzgebirge\/breitenbrunn.html\" target=\"_blank\" rel=\"noopener noreferrer\"><span style=\"background-color: #ffcc00;\">Loipenplan<\/span><\/a><\/p>\n<p>Tag aktuell gespurte Loipen ==&gt;<span style=\"background-color: #ffcc00;\"> <a style=\"background-color: #ffcc00;\" href=\"http:\/\/gis.kr-karlovarsky.cz\/klm\/de\/\" target=\"_blank\" rel=\"noopener noreferrer\">in Breitenbrunn und Umgebung<\/a><\/span><\/p>\n<p>Oberwiesenthal\u00a0 ==&gt; <a href=\"https:\/\/www.fichtelberg-ski.de\/\" target=\"_blank\" rel=\"noopener noreferrer\"><span style=\"background-color: #ffcc00;\">Aktuelles zum Fichtelberg<\/span><\/a> \u00a0 \u00a0 \u00a0 ==&gt; <a href=\"https:\/\/www.wintersport-im-erzgebirge.de\/langlauf\/zentralerzgebirge\/oberwiesenthal.html\" target=\"_blank\" rel=\"noopener noreferrer\"><span style=\"background-color: #ffcc00;\">Loipenplan<\/span><\/a><\/p>\n<p>InterSkiregion Oberwiesenthal und Keilberg \u00a0\u00a0\u00a0\u00a0\u00a0\u00a0\u00a0\u00a0\u00a0 \u00a0 ==&gt; <a href=\"http:\/\/interskiregion.com\/de\/\" target=\"_blank\" rel=\"noopener noreferrer\"><span style=\"background-color: #ffcc00;\">InterSkiregion<\/span><\/a><\/p>\n<p>Eibenstock\u00a0\u00a0\u00a0\u00a0\u00a0\u00a0\u00a0\u00a0 ==&gt; <a href=\"https:\/\/winter.wurzelrudis-erlebniswelt.de\/\" target=\"_blank\" rel=\"noopener noreferrer\"><span style=\"background-color: #ffcc00;\">Aktuelles zum Winterport in Eibenstock<\/span><\/a><\/p>\n<p>Potucki\u00a0\u00a0\u00a0\u00a0\u00a0\u00a0\u00a0\u00a0\u00a0\u00a0\u00a0\u00a0\u00a0\u00a0\u00a0\u00a0 ==&gt; <a href=\"http:\/\/www.skipot.cz\/de\/\" target=\"_blank\" rel=\"noopener noreferrer\"><span style=\"background-color: #ffcc00;\">Aktuelles zum Wintersport in Potucki<\/span><\/a><\/p>\n<p>Plesivec\u00a0\u00a0\u00a0\u00a0\u00a0\u00a0\u00a0\u00a0\u00a0\u00a0\u00a0 \u00a0\u00a0 ==&gt; <a href=\"https:\/\/skiarealplesivec.com\/de\" target=\"_blank\" rel=\"noopener noreferrer\"><span style=\"background-color: #ffcc00;\">Aktuelles zum Wintersport am Plessberg<\/span><\/a><\/p>\n<p>&nbsp;<\/p>\n<p><em><strong>- im Januar und Februar f\u00e4hrt Sie unserer Skibus bis nach Oberwiesenthal,<br \/>\n<\/strong><\/em><em>dort geht es dann von der Talstation wenn Sie wollen hinauf auf den Berg,<br \/>\noder Sie nutzen Ihn zum Einstieg in die Loipenwelt am Fichtelberg oder in Tellerh\u00e4ser!<\/em><\/p>\n<p><em><strong>- jeden Mittwoch (Mai\u00a0 bis Oktober) f\u00e4hrt Sie unser Wander- und\u00a0Erlebnisbus<br \/>\n<\/strong><\/em><em>bis nach Oberwiesenthal und zur\u00fcck,\u00a0 Sie k\u00f6nnen damit auch eine Strecke\u00a0wandern o<\/em><em>der Sie steigen<br \/>\nin Rittersgr\u00fcn aus und gehen ins Freibad.....<\/em><\/p>\n<p><em>\u00a0<\/em><\/p>\n<p><em><strong>- Folgen Sie uns mit dem Wanderapp Komoot oder schauen<br \/>\n<\/strong><\/em><em>\u00a0sie selbst auf==&gt; <strong><a href=\"https:\/\/www.komoot.com\/de-de\/user\/745413738665\" target=\"_blank\" rel=\"noopener noreferrer\">www.komoot.de<\/a><\/strong><\/em><\/p>\n<p><a href=\"https:\/\/www.komoot.com\/de-de\/user\/745413738665\"><img class=\"alignnone wp-image-18822\" src=\"https:\/\/adners.de\/wp-content\/uploads\/2018\/04\/Komoot-Logo-300x145.png\" alt=\"\" width=\"163\" height=\"79\" \/><\/a><\/p>\n<p>&nbsp;<\/p>\n<div>\n<p>Hier finden Sie mehr\u00a0Informationen<\/p>\n<p><span style=\"background-color: #ffcc00;\"><strong><a style=\"background-color: #ffcc00;\" href=\"http:\/\/www.freizeitbad-greifensteine.de\/\" target=\"_blank\" rel=\"noopener noreferrer\">zum Freizeitbad Geyer<\/a>\u00a0<\/strong>\u00a0\u00a0<\/span>\u00a0\u00a0\u00a0\u00a0\u00a0\u00a0\u00a0\u00a0\u00a0\u00a0\u00a0\u00a0\u00a0\u00a0\u00a0\u00a0\u00a0\u00a0\u00a0\u00a0\u00a0\u00a0\u00a0\u00a0\u00a0\u00a0\u00a0\u00a0\u00a0\u00a0\u00a0\u00a0\u00a0\u00a0\u00a0\u00a0\u00a0\u00a0\u00a0\u00a0\u00a0\u00a0\u00a0\u00a0\u00a0\u00a0\u00a0\u00a0\u00a0\u00a0\u00a0\u00a0\u00a0 <a href=\"http:\/\/www.kur-schlema.de\/bad\/\" target=\"_blank\" rel=\"noopener noreferrer\"><strong><span style=\"background-color: #ffcc00;\">oder zum Thermalbad Schlema<\/span><\/strong><\/a><br \/>\n<a href=\"http:\/\/www.freizeitbad-greifensteine.de\/\"><img class=\"alignnone wp-image-18004 \" src=\"https:\/\/adners.de\/wp-content\/uploads\/2017\/04\/bad-freizeitbad-greifensteine_01-300x169.jpg\" alt=\"\" width=\"304\" height=\"171\" \/><\/a>\u00a0\u00a0\u00a0\u00a0\u00a0\u00a0\u00a0\u00a0\u00a0\u00a0\u00a0\u00a0\u00a0\u00a0\u00a0\u00a0\u00a0\u00a0\u00a0\u00a0\u00a0\u00a0\u00a0\u00a0\u00a0 <a href=\"http:\/\/www.kur-schlema.de\/bad\/\"><img class=\"alignnone wp-image-18042 \" src=\"https:\/\/adners.de\/wp-content\/uploads\/2017\/04\/Schlema2.jpg\" alt=\"\" width=\"237\" height=\"171\" \/><\/a><br \/>\n<em>(PDF \u00f6ffnet sich bei Klick auf das Bild)<\/em><\/p>\n<\/div>\n<p><em><strong>\u00a0- der\u00a0Eintritt in die Freib\u00e4der in den Breitenbrunner Ortsteilen<br \/>\nRittersgr\u00fcn und Antonsthal ist f\u00fcr Sie gratis!<br \/>\nf\u00fcr mehr\u00a0Infos\u00a0 hier klicken==&gt;<a href=\"http:\/\/www.adners.de\/images\/stories\/Bilder_Sehenswrdigkieten\/Breitenbrunner_Freibder.pdf\" target=\"_blank\" rel=\"noopener noreferrer\"><span style=\"background-color: #ffcc00;\">Breitenbrunner Freib\u00e4der<\/span><br \/>\n<\/a><\/strong><\/em><\/p>\n<p>&nbsp;<\/p>\n<p><em><strong>- das Trailcenter Rabenberg umfasst Wege mit einer Gesamtl\u00e4nge von ca. 50 km.<br \/>\n<\/strong>Davon sind ca. 50% Singletrails, die im Wesentlichen naturbelassen sind.<br \/>\nDurch die Kombination von verschiedenen Teilstrecken in den unterschiedlichen<br \/>\nRunden entsteht eine Gesamtstreckenl\u00e4nge von 75 km.<br \/>\nZus\u00e4tzliche Technik-Elemente wie Anlieger, Wellen, Kicker,<br \/>\nNorth-Shores und nat\u00fcrliche Wurzelpassagen garantieren Abwechslung und Fahrspa\u00df,<br \/>\nvon der Familie bis zum Enduro-Biker.<br \/>\nf\u00fcr mehr Infos hier klicken==&gt;<strong><a href=\"https:\/\/www.facebook.com\/TrailcenterRabenberg\" target=\"_blank\" rel=\"noopener noreferrer\"><span style=\"background-color: #ffcc00;\">Trailcenter Rabenberg<\/span><\/a><\/strong><\/em><\/p>\n<p><em><strong>-\u00a0der\u00a0neue Abenteuerpark860 auf dem Rabenberg in Beitenbrunn<br \/>\n<\/strong>f\u00fcr mehr Infos hier klicken==&gt;<strong><a href=\"https:\/\/www.facebook.com\/Abenteuerpark860Rabenberg\" target=\"_blank\" rel=\"noopener noreferrer\"><span style=\"background-color: #ffcc00;\">Abenteuerpark360<\/span><\/a><\/strong><\/em><\/p>\n<div><strong>- STONEMAN MIRIQUIDI - 162 KM PURE MOUNTAIN BIKE EMOTION!<\/strong><\/div>\n<div>2 L\u00e4nder +++ 9 Gipfel +++ 4.100 H\u00f6henmeter<br \/>\nDer \"Stoneman Miriquidi\" wartet auf Euch mit traumhaften Ausblicken,<br \/>\nknackigen Auf- und Abfahrten, erzgebirgischer Gastfreundschaft,<br \/>\nk\u00fchlem, tschechischem Bier und Mountainbike-Emotionen pur!<br \/>\nf\u00fcr mehr Infos hier klicken==&gt;<em><strong><a href=\"https:\/\/www.facebook.com\/StonemanMiriquidi?fref=ts\" target=\"_blank\" rel=\"noopener noreferrer\"><span style=\"background-color: #ffcc00;\">Stoneman Miriquidi<\/span><\/a><\/strong><\/em><\/div>\n<p><em><strong>- Alle Termine von Weihnachtsm\u00e4rkten und Bergparaden im Erzgebirge<br \/>\n<\/strong><\/em><em>finden Sie hier\u00a0\u00a0\u00a0\u00a0<span style=\"background-color: #ffcc00;\"> <a style=\"background-color: #ffcc00;\" href=\"https:\/\/www.erzgebirge-tourismus.de\/weihnachtsmaerkte-und-bergparaden\/termine-der-bergparaden\/\" target=\"_blank\" rel=\"noopener noreferrer\">==&gt; Termine Bergparaden<\/a><\/span>\u00a0\u00a0\u00a0\u00a0\u00a0 <span style=\"background-color: #ffcc00;\"><a style=\"background-color: #ffcc00;\" href=\"https:\/\/www.erzgebirge-tourismus.de\/weihnachtsmaerkte-und-bergparaden\/weihnachtsmaerkte-im-erzgebirge\/\" target=\"_blank\" rel=\"noopener noreferrer\">==&gt; \u00d6ffnungszeiten Weihnachtsm\u00e4rkte<\/a><\/span><\/em><em><strong><br \/>\n<\/strong><\/em><\/p>\n<p>oder hier als ==&gt; DOWNLOAD PDF Weihnachtsm\u00e4rkte und Bergparaden<\/p>\n<\/div><\/div><\/div><\/div><\/section>","protected":false},"excerpt":{"rendered":"<p>Winterurlaub Winterurlaub im Januar und Februar Immer\u00a0 mit einem gem\u00fctlichen Feuerzangenbowle Abend im Hotelrestaurant oder an der Schneebar. Zur absoluten Entspannung empfehlen wir Ihnen eine Pferdeschlittenfahrt, durch den verschneiten Winterwald! Die Angebote sind Online aber auch telefonisch buchbar. Angebot\u00fcbersicht Winter (PDF \u00f6ffnet sich hier oder bei Klick auf das Bild) &nbsp; Wohnen und schlafen Sie [&hellip;]<\/p>\n","protected":false},"author":2,"featured_media":0,"parent":0,"menu_order":0,"comment_status":"closed","ping_status":"closed","template":"","meta":[],"_links":{"self":[{"href":"https:\/\/adners.de\/index.php?rest_route=\/wp\/v2\/pages\/18200"}],"collection":[{"href":"https:\/\/adners.de\/index.php?rest_route=\/wp\/v2\/pages"}],"about":[{"href":"https:\/\/adners.de\/index.php?rest_route=\/wp\/v2\/types\/page"}],"author":[{"embeddable":true,"href":"https:\/\/adners.de\/index.php?rest_route=\/wp\/v2\/users\/2"}],"replies":[{"embeddable":true,"href":"https:\/\/adners.de\/index.php?rest_route=%2Fwp%2Fv2%2Fcomments&post=18200"}],"version-history":[{"count":83,"href":"https:\/\/adners.de\/index.php?rest_route=\/wp\/v2\/pages\/18200\/revisions"}],"predecessor-version":[{"id":21322,"href":"https:\/\/adners.de\/index.php?rest_route=\/wp\/v2\/pages\/18200\/revisions\/21322"}],"wp:attachment":[{"href":"https:\/\/adners.de\/index.php?rest_route=%2Fwp%2Fv2%2Fmedia&parent=18200"}],"curies":[{"name":"wp","href":"https:\/\/api.w.org\/{rel}","templated":true}]}}