{"id":18204,"date":"2017-05-17T21:52:46","date_gmt":"2017-05-17T21:52:46","guid":{"rendered":"https:\/\/adners.de\/?page_id=18204"},"modified":"2026-04-17T20:37:48","modified_gmt":"2026-04-17T18:37:48","slug":"erlebniswochen","status":"publish","type":"page","link":"https:\/\/adners.de\/?page_id=18204","title":{"rendered":"Genie\u00dfer Wochen"},"content":{"rendered":"<section><div class=\"container\"><div class=\"row\"><div class=\"wpb_column hcode-column-container  col-xs-mobile-fullwidth\" data-front-class=\"col-xs-mobile-fullwidth front-column-class\"><div class=\"vc-column-innner-wrapper\"><h2 class=\"section-title hcode-heading-1 sm-no-margin xs-no-margin black-text\">Erlebniswochen<\/h2><div class=\"blog-slider\"><div id=\"image-owl-slider\" class=\"owl-pagination-bottom owl-carousel owl-theme dot-pagination dark-pagination dark-navigation cursor-black\"><\/div><\/div>        \t<script type=\"text\/javascript\"> jQuery(document).ready(function () { jQuery(\"#image-owl-slider\").owlCarousel({\tnav: false,dots: false,autoPlay: false,autoplayHoverPause: false,autoplaySpeed: 700, loop: false, responsive:{0:{ items: 1 },700:{ items: 2},991:{ items: 3 },1200:{ items: 3 },},navText: [\"<i class='fas fa-angle-left'><\/i>\", \"<i class='fas fa-angle-right'><\/i>\"] }); }); <\/script>\n        \t<h1>Geniesserwochen im Mai und Juni<\/h1>\n<h1><img class=\"wp-image-19237 size-thumbnail alignnone\" src=\"https:\/\/adners.de\/wp-content\/uploads\/2018\/09\/TERRASSE-150x150.jpg\" alt=\"\" width=\"150\" height=\"150\" \/>\u00a0 <img class=\"wp-image-18990 size-thumbnail alignnone\" src=\"https:\/\/adners.de\/wp-content\/uploads\/2018\/09\/HR-34OG-BAW1-150x150.jpg\" alt=\"\" width=\"150\" height=\"150\" \/> <strong><img class=\"wp-image-18269 size-thumbnail alignnone\" src=\"https:\/\/adners.de\/wp-content\/uploads\/2017\/02\/gastgeber-150x150.jpg\" alt=\"\" width=\"150\" height=\"150\" \/><\/strong><\/h1>\n<div><strong><span style=\"font-size: 12pt; font-family: georgia, palatino, serif;\">Lassen Sie sich von uns kulinarisch besonders verw\u00f6hnen<\/span><\/strong><\/div>\n<div><strong><span style=\"font-size: 12pt; font-family: georgia, palatino, serif;\">mit Halbpension \u201e\u00e0 la carte\u201c\u00a0 aus der kompletten aktuellen Speisekarte <\/span><\/strong><\/div>\n<div><strong><span style=\"font-size: 12pt; font-family: georgia, palatino, serif;\">mit unseren Spargelspezialit\u00e4ten aus der <u>Extra-Spargelkarte<\/u><\/span><\/strong><\/div>\n<div><strong><span style=\"font-size: 12pt; font-family: georgia, palatino, serif;\">mit t\u00e4glichem Salat-B\u00fcffet<u>,<\/u> <\/span><\/strong><\/div>\n<div><strong><span style=\"font-size: 12pt; font-family: georgia, palatino, serif;\">1 Abend\u00a0 im romantischen Felsenkeller,<\/span><\/strong><\/div>\n<div><strong><span style=\"font-size: 12pt; font-family: georgia, palatino, serif;\">1x a la Carte B\u00fcffet und Grillabend\/ Rustikales B\u00fcffet auf unserer Sommerterrasse.<\/span><\/strong><\/div>\n<div style=\"text-align: left;\">\n<p><strong><strong><span style=\"font-size: 12pt; font-family: georgia, palatino, serif;\">Mit dem Shuttle-Bus nach Oberwiesenthal und die G\u00e4stekarte Erzgebirge.<br \/>\nBuchen Sie sich w\u00e4hrend der Reservierung Ihr Zusatzpaket nach Ihren W\u00fcnschen zu.<\/span><\/strong><\/strong><\/p>\n<p>&nbsp;<\/p>\n<p><span style=\"font-size: 16pt; color: #008000;\"><b>LASTMINUTE ANGEBOTE bis Ende\u00a0 Juni<br \/>\n<\/b><strong><b>Genie\u00dferspecials auch inclusive Wellness<br \/>\nmit 1 Gratis Urlaubstag f\u00fcr Sie!<\/b><\/strong><\/span><\/p>\n<p><span style=\"font-size: 16pt; color: #008000;\"><strong>7 N\u00e4chte zum Preis v<\/strong><b><strong>o<\/strong>n 6 buchbar!<br \/>\n<\/b><b>6 N\u00e4chte zum Preis v<\/b><b>on 5 buchbar!<\/b><strong><b><br \/>\n4 N\u00e4chte zum Preis von 3 buchbar!<\/b><\/strong><\/span><\/p>\n<\/div>\n<p><a href=\"https:\/\/adners.de\/files\/flyer_aktuell\/Adners_Gasthof_und_Hotel_im_Erzgebirge_Wellnessangebote_Mai_und_Juni_Lastminute_Angebote_2026.pdf\"><img class=\"\" src=\"https:\/\/adners.de\/files\/flyer_aktuell\/Adners_Gasthof_und_Hotel_im_Erzgebirge_Wellnessangebote_Mai_und_Juni_Lastminute_4_N\u00e4chte_zum_Preis_von_3_N\u00e4chten_Angebote_2026.jpg\" width=\"899\" height=\"722\" \/><\/a><\/p>\n<div style=\"text-align: left;\">\n<p><a href=\"https:\/\/adners.de\/files\/flyer_aktuell\/Adners_Gasthof_und_Hotel_im_Erzgebirge_Wellnessangebote_Mai_und_Juni_Lastminute_Angebote_2026.pdf\"><img class=\"\" src=\"https:\/\/adners.de\/files\/flyer_aktuell\/Adners_Gasthof_und_Hotel_im_Erzgebirge_Wellnessangebote_Mai_und_Juni_Geniesserspecial_6_N\u00e4chte_zum_Preis_von_5_N\u00e4chten_Angebote_2026.jpg\" width=\"900\" height=\"659\" \/><\/a><\/p>\n<h1><strong>Genie\u00dfer Urlaub<br \/>\nim Mai und Juni<\/strong><\/h1>\n<p><span style=\"color: #993366;\"><strong><a href=\"https:\/\/adners.de\/files\/flyer_aktuell\/05_Adners_Gasthof_und_Hotel_Breitenbrunn_im_Erzgebirge_Mai_Juni_Juli_August_September_Oktober_Angebot_Pfingsten_zum_Geniessen_Sommerurlaub_Goldener_Herbst1.pdf\" target=\"_blank\" rel=\"noopener noreferrer\"><em><span style=\"background-color: #ff9900;\">(PDF \u00f6ffnet sich bei Klick auf das Bild)<\/span><\/em><\/a><\/strong><\/span><\/p>\n<\/div>\n<div style=\"text-align: left;\">\n<div>\n<div>\n<div>\n<p><a href=\"https:\/\/adners.de\/files\/flyer_aktuell\/Adners_Gasthof_und_Hotel_Breitenbrunn_im_Erzgebirge_Jahresangebot_Winterurlaub_Wellnesswoche_Fruelingswoche_Stollenbacken_Geniesserwoche_Pfingsten_Sommerurlaub_Goldener_Herbst_Adventsurlaub_Weihnachten.pdf\" target=\"_blank\" rel=\"noopener noreferrer\"><img class=\"alignnone\" title=\"05_Adners_Gasthof_und_Hotel_Breitenbrunn_im_Erzgebirge_Angebot_Geniesserwochen_Pfingsten_Mai_und_Juni\" src=\"https:\/\/adners.de\/files\/flyer_aktuell\/Adners_Gasthof_und_Hotel_Breitenbrunn_im_Erzgebirge_Jahresangebot_Winterurlaub_Wellnesswoche_Fruelingswoche_Stollenbacken_Geniesserwoche_Pfingsten_Sommerurlaub_Goldener_Herbst_Adventsurlaub_Weihnachten.jpg\" alt=\"05_Adners_Gasthof_und_Hotel_Breitenbrunn_im_Erzgebirge_Mai_Juni_Juli_August_September_Oktober_Angebot_Pfingsten_zum_Geniessen_Sommerurlaub_Goldener_Herbst1\" width=\"900\" height=\"345\" \/><\/a><\/p>\n<\/div>\n<\/div>\n<\/div>\n<\/div>\n<div>\n<div>\n<p align=\"left\"><strong>Die Angebote sind Online aber auch telefonisch buchbar.<\/strong><\/p>\n<\/div>\n<\/div>\n<div><\/div>\n<div><a href=\"https:\/\/adners.onlineres.de\/?cal\" target=\"_blank\" rel=\"noopener noreferrer\"><img src=\"https:\/\/adners.de\/files\/flyer_aktuell\/Online_Vefuegbarkeit_Adners_Gasthof_und_Hotel_im_Erzgebirge_pr\u00fcfen_web.jpg\" alt=\"\" width=\"400\" height=\"203\" \/><\/a><\/div>\n<div><\/div>\n<p>&nbsp;<\/p>\n<div>\n<p>&nbsp;<\/p>\n<\/div>\n<div>Wohnen und schlafen Sie in gem\u00fctlichen Doppelzimmern oder Appartements,<br \/>\nincl. Bad (Du+WC), Tel., Flat-<strong>TV<\/strong>.<br \/>\nNutzen Sie<strong> gratis W-LAN <\/strong>im gesamten Hotel.<br \/>\nBei Ankunft ein Obstkorb zur Begr\u00fc\u00dfung auf dem Zimmer und eine Flasche Mineralwasser.<\/div>\n<div>\n<p><strong><u>W\u00f6chentlich enthalten je nach L\u00e4nge Ihres Aufenthaltes<br \/>\na<\/u><\/strong><strong><u>ber auch in unseren Angeboten zum Schnuppern:<\/u><\/strong><\/p>\n<p><strong>Lassen Sie sich unterhalten<br \/>\n<\/strong>mit einem Live-Erzgebirgsabend, Tanzabend,<br \/>\ngef\u00fchrte Wanderung mit Picknick, Bowlingnachmittag etc\u2026<\/p>\n<p><strong>lassen Sie sich von uns kulinarisch verw\u00f6hnen mit Halbpension<br \/>\n<\/strong>bestehend aus\u00a0 <strong>gro\u00dfem Fr\u00fchst\u00fccksb\u00fcffet<\/strong> mit t\u00e4glichen\u00a0 Warmanteil, Kalten Platten,<br \/>\ns\u00fc\u00dfer Ecke,\u00a0 M\u00fcsli und Cerealien, Joghurt und\u00a0 frischem Obst.<br \/>\nNachmittags 1 x\u00a0 mit frischem\u00a0 hausgebackenen\u00a0 Kuchen und Torten,<br \/>\n<strong>Abendessen \u201e\u00e0 la carte\u201c\u00a0 aus unserer\u00a0 kompletten aktuellen Speisekarte<br \/>\n<\/strong><strong>mit der <u>Extra-Spargelkarte<\/u><\/strong><strong>und t\u00e4glichem Salat - B\u00fcffet<br \/>\n<\/strong>(w\u00f6chtl. 1x warmes a la Carte B\u00fcffet\u00a0 +\u00a0 1x Rustikales B\u00fcffet).<\/p>\n<\/div>\n<div><\/div>\n<div><strong>Gratis Nutzung der Sauna <\/strong>(15-18Uhr)<strong>+ des Fitnessraumes.<\/strong><\/div>\n<div>Wellnessmassagen (gegen Entgelt).<\/div>\n<div>\n<p><strong>F\u00fcr die Kleinen wie die Gro\u00dfen<br \/>\n<\/strong>Spielzimmer mit Billard, Kicker und Air-hockey.<br \/>\nJede Menge Spiele und Kinderspielecke im Haus.<br \/>\nKinderspielplatz mit Sandkasten,Baumhaus, Rutsche, Schaukel, Trampolin, Tischtennisplatte \u00a0im\u00a0 Garten<strong>.<\/strong><\/p>\n<p><strong>F\u00fcr die junge Familie<\/strong><br \/>\ndas f\u00fcr Babys und Kleinkinder notwendige Zubeh\u00f6r \ud83d\ude42 haben wir hier im Haus,<br \/>\nvon Babyphon, Babyw\u00e4rmer, Wasserkocher \u00fcber Kinderbettchen und Wickelauflage.:-).<\/p>\n<p><strong>Entspannen Sie sich in unserer<\/strong><br \/>\nkleinen Leseecke mit kleinem Buchvorrat, Tageszeitungen, Journalen,<br \/>\nInternetrechner im Hotelrestaurant und freiem W-Lan in allen Bereichen des Hauses<\/p>\n<p><em><strong>Unsere Tipps f\u00fcr Ihren Urlaub:<\/strong><\/em><\/p>\n<p><a href=\"https:\/\/adners.de\/files\/flyer_aktuell\/01_Adners_Gasthof_und_Hotel_Breitenbrunn_im_Erzgebirge_Ausflugsziele_Sommer_mit_Links.pdf\" target=\"_blank\" rel=\"noopener noreferrer\"><img class=\"\" src=\"https:\/\/adners.de\/files\/flyer_aktuell\/01_Adners_Gasthof_und_Hotel_Breitenbrunn_im_Erzgebirge_Ausflugsziele_Sommer_mit_Links.jpg\" alt=\"\" width=\"418\" height=\"294\" \/><\/a><\/p>\n<\/div>\n<p><em><strong>\u00a0- der Eintritt in die Freib\u00e4der in den Breitenbrunner Ortsteilen<br \/>\nRittersgr\u00fcn und Antonsthal ist f\u00fcr Sie gratis!<br \/>\nf\u00fcr mehr\u00a0Infos\u00a0 hier klicken==&gt;<a href=\"http:\/\/www.adners.de\/images\/stories\/Bilder_Sehenswrdigkieten\/Breitenbrunner_Freibder.pdf\" target=\"_blank\" rel=\"noopener noreferrer\">Breitenbrunner Freib\u00e4der<br \/>\n<\/a><\/strong><\/em><\/p>\n<p>Hier finden Sie mehr\u00a0Informationen<\/p>\n<p><strong><a href=\"http:\/\/www.freizeitbad-greifensteine.de\/\" target=\"_blank\" rel=\"noopener noreferrer\">zum Freizeitbad Geyer<\/a>\u00a0<\/strong>\u00a0\u00a0\u00a0\u00a0\u00a0\u00a0\u00a0\u00a0\u00a0\u00a0\u00a0\u00a0\u00a0\u00a0\u00a0\u00a0\u00a0\u00a0\u00a0\u00a0\u00a0\u00a0\u00a0\u00a0\u00a0\u00a0\u00a0\u00a0\u00a0\u00a0\u00a0\u00a0\u00a0\u00a0\u00a0\u00a0\u00a0\u00a0\u00a0\u00a0\u00a0\u00a0\u00a0\u00a0\u00a0\u00a0\u00a0\u00a0\u00a0\u00a0\u00a0\u00a0\u00a0\u00a0\u00a0 <a href=\"http:\/\/www.kur-schlema.de\/bad\/\" target=\"_blank\" rel=\"noopener noreferrer\"><strong>oder zum Thermalbad Schlema<\/strong><\/a><br \/>\n<a href=\"http:\/\/www.freizeitbad-greifensteine.de\/\"><img class=\"alignnone wp-image-18004 \" src=\"https:\/\/adners.de\/wp-content\/uploads\/2017\/04\/bad-freizeitbad-greifensteine_01-300x169.jpg\" alt=\"\" width=\"304\" height=\"171\" \/><\/a>\u00a0\u00a0\u00a0\u00a0\u00a0\u00a0\u00a0\u00a0\u00a0\u00a0\u00a0\u00a0\u00a0\u00a0\u00a0\u00a0\u00a0\u00a0\u00a0\u00a0\u00a0\u00a0\u00a0\u00a0\u00a0 <a href=\"http:\/\/www.kur-schlema.de\/bad\/\"><img class=\"alignnone wp-image-18042 \" src=\"https:\/\/adners.de\/wp-content\/uploads\/2017\/04\/Schlema2.jpg\" alt=\"\" width=\"237\" height=\"171\" \/><\/a><\/p>\n<p><em>(PDF \u00f6ffnet sich bei Klick auf das Bild)<\/em><\/p>\n<p>&nbsp;<\/p>\n<p><em><strong>- jeden Mittwoch (Mai\u00a0 bis Oktober) f\u00e4hrt Sie unser Wander- und\u00a0Erlebnisbus<br \/>\n<\/strong><\/em><em>bis nach Oberwiesenthal und zur\u00fcck,\u00a0 Sie k\u00f6nnen damit auch eine Strecke\u00a0wandern o<\/em><em>der Sie steigen<br \/>\nin Rittersgr\u00fcn aus und gehen ins Freibad.....<\/em><\/p>\n<p><em>\u00a0<\/em><\/p>\n<p><em><strong>- Folgen Sie uns mit dem Wanderapp Komoot oder schauen<br \/>\n<\/strong><\/em><em>\u00a0sie selbst auf==&gt; <strong><a href=\"https:\/\/www.komoot.com\/de-de\/user\/745413738665\" target=\"_blank\" rel=\"noopener noreferrer\">www.komoot.de<\/a><\/strong><\/em><\/p>\n<p><a href=\"https:\/\/www.komoot.com\/de-de\/user\/745413738665\"><img class=\"alignnone wp-image-18822\" src=\"https:\/\/adners.de\/wp-content\/uploads\/2018\/04\/Komoot-Logo-300x145.png\" alt=\"\" width=\"163\" height=\"79\" \/><\/a><\/p>\n<p>&nbsp;<\/p>\n<p><em><strong>- das Trailcenter Rabenberg umfasst Wege mit einer Gesamtl\u00e4nge von ca. 50 km.<br \/>\n<\/strong>Davon sind ca. 50% Singletrails, die im Wesentlichen naturbelassen sind.<br \/>\nDurch die Kombination von verschiedenen Teilstrecken in den unterschiedlichen<br \/>\nRunden entsteht eine Gesamtstreckenl\u00e4nge von 75 km.<br \/>\nZus\u00e4tzliche Technik-Elemente wie Anlieger, Wellen, Kicker,<br \/>\nNorth-Shores und nat\u00fcrliche Wurzelpassagen garantieren Abwechslung und Fahrspa\u00df,<br \/>\nvon der Familie bis zum Enduro-Biker.<br \/>\nf\u00fcr mehr Infos hier klicken==&gt;<strong><a href=\"https:\/\/www.facebook.com\/TrailcenterRabenberg\" target=\"_blank\" rel=\"noopener noreferrer\">Trailcenter Rabenberg<\/a><\/strong><\/em><\/p>\n<p><em><strong>-\u00a0der\u00a0neue Abenteuerpark860 auf dem Rabenberg in Beitenbrunn<br \/>\n<\/strong>f\u00fcr mehr Infos hier klicken==&gt;<strong><a href=\"https:\/\/www.facebook.com\/Abenteuerpark860Rabenberg\" target=\"_blank\" rel=\"noopener noreferrer\">Abenteuerpark360<\/a><\/strong><\/em><\/p>\n<div><strong>- STONEMAN MIRIQUIDI - 162 KM PURE MOUNTAIN BIKE EMOTION!<\/strong><\/div>\n<div>2 L\u00e4nder +++ 9 Gipfel +++ 4.100 H\u00f6henmeter<br \/>\nDer \"Stoneman Miriquidi\" wartet auf Euch mit traumhaften Ausblicken,<br \/>\nknackigen Auf- und Abfahrten, erzgebirgischer Gastfreundschaft,<br \/>\nk\u00fchlem, tschechischem Bier und Mountainbike-Emotionen pur!<br \/>\nf\u00fcr mehr Infos hier klicken==&gt;<em><strong><a href=\"https:\/\/www.facebook.com\/StonemanMiriquidi?fref=ts\" target=\"_blank\" rel=\"noopener noreferrer\">Stoneman Miriquidi<\/a><\/strong><\/em><\/div>\n<div>\n<p>&nbsp;<\/p>\n<p>&nbsp;<\/p>\n<\/div>\n<p><em><strong>- Alle Termine von Weihnachtsm\u00e4rkten und Bergparaden im Erzgebirge<br \/>\n<\/strong><\/em><em>finden Sie hier\u00a0\u00a0\u00a0\u00a0 <a href=\"https:\/\/www.erzgebirge-tourismus.de\/weihnachtsmaerkte-und-bergparaden\/termine-der-bergparaden\/\" target=\"_blank\" rel=\"noopener noreferrer\">==&gt; Termine Bergparaden<\/a>\u00a0\u00a0\u00a0\u00a0\u00a0 <a href=\"https:\/\/www.erzgebirge-tourismus.de\/weihnachtsmaerkte-und-bergparaden\/weihnachtsmaerkte-im-erzgebirge\/\" target=\"_blank\" rel=\"noopener noreferrer\">==&gt; \u00d6ffnungszeiten Weihnachtsm\u00e4rkte<\/a><\/em><em><strong><br \/>\n<\/strong><\/em><\/p>\n<p>oder hier als ==&gt; DOWNLOAD PDF Weihnachtsm\u00e4rkte und Bergparaden<\/p>\n<p>&nbsp;<\/p>\n<p><strong>Skigebiete und Wintersportberichte:<\/strong><\/p>\n<p>Viele Informationen zum Wintersport im Erzgebirge ==&gt;<a href=\"https:\/\/www.wintersport-im-erzgebirge.de\" target=\"_blank\" rel=\"noopener noreferrer\">Winterspot im Erzgebirge<\/a><\/p>\n<p>Breitenbrunn \u00a0 \u00a0\u00a0 ==&gt; <a href=\"https:\/\/www.breitenbrunn-erzgebirge.de\/de\/wintersportbericht\/loipen-wintersportbericht.html\" target=\"_blank\" rel=\"noopener noreferrer\">Wintersportbericht<\/a>\u00a0\u00a0\u00a0 ==&gt; <a href=\"https:\/\/www.wintersport-im-erzgebirge.de\/langlauf\/zentralerzgebirge\/breitenbrunn.html\" target=\"_blank\" rel=\"noopener noreferrer\">Loipenplan<\/a><\/p>\n<p>Tag aktuell gespurte Loipen ==&gt; <a href=\"http:\/\/gis.kr-karlovarsky.cz\/klm\/de\/\" target=\"_blank\" rel=\"noopener noreferrer\">in Breitenbrunn und Umgebung<\/a><\/p>\n<p>Oberwiesenthal\u00a0 ==&gt; <a href=\"https:\/\/www.fichtelberg-ski.de\/\" target=\"_blank\" rel=\"noopener noreferrer\">Aktuelles zum Fichtelberg<\/a> \u00a0 \u00a0 \u00a0 ==&gt; <a href=\"https:\/\/www.wintersport-im-erzgebirge.de\/langlauf\/zentralerzgebirge\/oberwiesenthal.html\" target=\"_blank\" rel=\"noopener noreferrer\">Loipenplan<\/a><\/p>\n<p>InterSkiregion Oberwiesenthal und Keilberg \u00a0\u00a0\u00a0\u00a0\u00a0\u00a0\u00a0\u00a0\u00a0 \u00a0 ==&gt; <a href=\"http:\/\/interskiregion.com\/de\/\" target=\"_blank\" rel=\"noopener noreferrer\">InterSkiregion<\/a><\/p>\n<p>Eibenstock\u00a0\u00a0\u00a0\u00a0\u00a0\u00a0\u00a0\u00a0 ==&gt; <a href=\"https:\/\/winter.wurzelrudis-erlebniswelt.de\/\" target=\"_blank\" rel=\"noopener noreferrer\">Aktuelles zum Winterport in Eibenstock<\/a><\/p>\n<p>Potucki\u00a0\u00a0\u00a0\u00a0\u00a0\u00a0\u00a0\u00a0\u00a0\u00a0\u00a0\u00a0\u00a0\u00a0\u00a0\u00a0 ==&gt; <a href=\"http:\/\/www.skipot.cz\/de\/\" target=\"_blank\" rel=\"noopener noreferrer\">Aktuelles zum Wintersport in Potucki<\/a><\/p>\n<p>Plesivec\u00a0\u00a0\u00a0\u00a0\u00a0\u00a0\u00a0\u00a0\u00a0\u00a0\u00a0 \u00a0\u00a0 ==&gt; <a href=\"https:\/\/skiarealplesivec.com\/de\" target=\"_blank\" rel=\"noopener noreferrer\">Aktuelles zum Wintersport am Plessberg<\/a><\/p>\n<p>&nbsp;<\/p>\n<p><em><strong>- im Januar und Februar f\u00e4hrt Sie unserer Skibus bis nach Oberwiesenthal,<br \/>\n<\/strong><\/em><em>dort geht es dann von der Talstation wenn Sie wollen hinauf auf den Berg,<br \/>\noder Sie nutzen Ihn zum Einstieg in die Loipenwelt am Fichtelberg oder in Tellerh\u00e4user!<\/em><\/p>\n<\/div><\/div><\/div><\/div><\/section>","protected":false},"excerpt":{"rendered":"<p>Erlebniswochen Geniesserwochen im Mai und Juni \u00a0 Lassen Sie sich von uns kulinarisch besonders verw\u00f6hnen mit Halbpension \u201e\u00e0 la carte\u201c\u00a0 aus der kompletten aktuellen Speisekarte mit unseren Spargelspezialit\u00e4ten aus der Extra-Spargelkarte mit t\u00e4glichem Salat-B\u00fcffet, 1 Abend\u00a0 im romantischen Felsenkeller, 1x a la Carte B\u00fcffet und Grillabend\/ Rustikales B\u00fcffet auf unserer Sommerterrasse. Mit dem Shuttle-Bus nach [&hellip;]<\/p>\n","protected":false},"author":2,"featured_media":0,"parent":0,"menu_order":0,"comment_status":"closed","ping_status":"closed","template":"","meta":[],"_links":{"self":[{"href":"https:\/\/adners.de\/index.php?rest_route=\/wp\/v2\/pages\/18204"}],"collection":[{"href":"https:\/\/adners.de\/index.php?rest_route=\/wp\/v2\/pages"}],"about":[{"href":"https:\/\/adners.de\/index.php?rest_route=\/wp\/v2\/types\/page"}],"author":[{"embeddable":true,"href":"https:\/\/adners.de\/index.php?rest_route=\/wp\/v2\/users\/2"}],"replies":[{"embeddable":true,"href":"https:\/\/adners.de\/index.php?rest_route=%2Fwp%2Fv2%2Fcomments&post=18204"}],"version-history":[{"count":95,"href":"https:\/\/adners.de\/index.php?rest_route=\/wp\/v2\/pages\/18204\/revisions"}],"predecessor-version":[{"id":21316,"href":"https:\/\/adners.de\/index.php?rest_route=\/wp\/v2\/pages\/18204\/revisions\/21316"}],"wp:attachment":[{"href":"https:\/\/adners.de\/index.php?rest_route=%2Fwp%2Fv2%2Fmedia&parent=18204"}],"curies":[{"name":"wp","href":"https:\/\/api.w.org\/{rel}","templated":true}]}}