{"id":18206,"date":"2017-05-17T21:57:47","date_gmt":"2017-05-17T21:57:47","guid":{"rendered":"https:\/\/adners.de\/?page_id=18206"},"modified":"2026-04-17T20:40:44","modified_gmt":"2026-04-17T18:40:44","slug":"sommerurlaub","status":"publish","type":"page","link":"https:\/\/adners.de\/?page_id=18206","title":{"rendered":"Sommer Urlaub"},"content":{"rendered":"<section><div class=\"container\"><div class=\"row\"><div class=\"wpb_column hcode-column-container  col-xs-mobile-fullwidth\" data-front-class=\"col-xs-mobile-fullwidth front-column-class\"><div class=\"vc-column-innner-wrapper\"><h2 class=\"section-title hcode-heading-1 sm-no-margin xs-no-margin black-text\">Sommerurlaub<\/h2><div class=\"blog-slider\"><div id=\"image-owl-slider\" class=\"owl-pagination-bottom owl-carousel owl-theme dot-pagination dark-pagination dark-navigation cursor-black\"><\/div><\/div>        \t<script type=\"text\/javascript\"> jQuery(document).ready(function () { jQuery(\"#image-owl-slider\").owlCarousel({\tnav: false,dots: false,autoPlay: false,autoplayHoverPause: false,autoplaySpeed: 700, loop: false, responsive:{0:{ items: 1 },700:{ items: 2},991:{ items: 3 },1200:{ items: 3 },},navText: [\"<i class='fas fa-angle-left'><\/i>\", \"<i class='fas fa-angle-right'><\/i>\"] }); }); <\/script>\n        \t<h1><img class=\"wp-image-19237 size-thumbnail alignnone\" src=\"https:\/\/adners.de\/wp-content\/uploads\/2018\/09\/TERRASSE-150x150.jpg\" alt=\"\" width=\"150\" height=\"150\" \/> <img class=\"wp-image-18990 size-thumbnail alignnone\" src=\"https:\/\/adners.de\/wp-content\/uploads\/2018\/09\/HR-34OG-BAW1-150x150.jpg\" alt=\"\" width=\"150\" height=\"150\" \/> <strong><img class=\"wp-image-18269 size-thumbnail alignnone\" src=\"https:\/\/adners.de\/wp-content\/uploads\/2017\/02\/gastgeber-150x150.jpg\" alt=\"\" width=\"150\" height=\"150\" \/><\/strong><\/h1>\n<div>\n<div><span style=\"font-size: 24pt;\"><strong>Sommerurlaub<br \/>\nim Juli und August<\/strong><\/span><\/div>\n<div><\/div>\n<div><strong>Genie\u00dfen Sie den Sommer <\/strong><strong><strong>incl. Eintritt in alle Freib\u00e4der in Breitenbrunn<br \/>\nund <\/strong><\/strong><strong><strong>eine Fahrt mit Shuttle-Bus nach Oberwiesenthal,<br \/>\ndie Kr\u00e4uterwanderung mit dem Kr\u00e4uterliesel und die G\u00e4stekarte Erzgebirge.<\/strong><\/strong><\/div>\n<div><\/div>\n<div><strong>Lassen Sie sich von uns kulinarisch besonders verw\u00f6hnen<\/strong><\/div>\n<div><strong>mit Halbpension \u201e\u00e0 la carte\u201c\u00a0 aus der kompletten aktuellen Speisekarte <\/strong><\/div>\n<div><strong>und aus der <u>Extra-Sommerkarte <\/u><\/strong><strong>mit t\u00e4glichem Salat-B\u00fcffet<u>, <\/u><\/strong><\/div>\n<div>\n<p><strong>einem Grillabend\/ Rustikales B\u00fcffet <\/strong><strong>auf unserer Sommerterrasse.<\/strong><\/p>\n<p><strong><span style=\"text-decoration: underline;\">Buchen Sie sich w\u00e4hrend der Reservierung Ihr Zusatzpaket nach Ihren W\u00fcnschen zu.<\/span><\/strong><\/p>\n<\/div>\n<div><\/div>\n<div><\/div>\n<\/div>\n<div><a href=\"https:\/\/adners.de\/files\/flyer_aktuell\/05_Adners_Gasthof_und_Hotel_Breitenbrunn_im_Erzgebirge_Mai_Juni_Juli_August_September_Oktober_Angebot_Pfingsten_zum_Geniessen_Sommerurlaub_Goldener_Herbst1.pdf\"><span style=\"background-color: #ffcc00;\"><strong><span style=\"font-size: 10pt; background-color: #ffcc00;\">(PDF \u00f6ffnet sich bei Klick auf das Bilder unten)<\/span><\/strong><\/span><\/a><\/div>\n<div>\n<div>\n<div><a href=\"https:\/\/adners.de\/files\/flyer_aktuell\/Adners_Gasthof_und_Hotel_Breitenbrunn_im_Erzgebirge_Jahresangebot_Winterurlaub_Wellnesswoche_Fruelingswoche_Stollenbacken_Geniesserwoche_Pfingsten_Sommerurlaub_Goldener_Herbst_Adventsurlaub_Weihnachten.pdf\" target=\"_blank\" rel=\"noopener noreferrer\"><img class=\"alignnone\" src=\"https:\/\/adners.de\/files\/flyer_aktuell\/Adners_Gasthof_und_Hotel_Breitenbrunn_im_Erzgebirge_Jahresangebot_Winterurlaub_Wellnesswoche_Fruelingswoche_Stollenbacken_Geniesserwoche_Pfingsten_Sommerurlaub_Goldener_Herbst_Adventsurlaub_Weihnachten.jpg\" width=\"900\" height=\"591\" \/><\/a><\/div>\n<div><\/div>\n<\/div>\n<\/div>\n<div><\/div>\n<div><\/div>\n<div><\/div>\n<div><\/div>\n<div><a href=\"https:\/\/www.online-res.com\/ressys\/php\/buchung.php?lang=de&amp;orv=12&amp;flagfromsystem=1&amp;hid=546&amp;apid=Adners#orstart\"><span style=\"background-color: #ff9900;\"><strong>==&gt; zum Online Buchungskalender<\/strong><\/span><\/a><\/div>\n<div><\/div>\n<div><a href=\"https:\/\/adners.onlineres.de\/entry?ph=10624fbe-e3b2-40ea-9d56-c05f36a72b48&amp;ar=2025-06-28&amp;dp=2025-07-05&amp;ad=2\" target=\"_blank\" rel=\"noopener noreferrer\"><img class=\"alignnone\" src=\"https:\/\/adners.de\/files\/flyer_aktuell\/Online_Vefuegbarkeit_Adners_Gasthof_und_Hotel_im_Erzgebirge_pr\u00fcfen_web.jpg\" alt=\"\" width=\"400\" height=\"203\" \/><\/a><\/div>\n<div><\/div>\n<blockquote><p><strong><span style=\"font-size: 26pt;\">Angebote ab 7 N\u00e4chten<\/span><\/strong><\/p><\/blockquote>\n<p><a href=\"https:\/\/adners.onlineres.de\/entry?ph=10624fbe-e3b2-40ea-9d56-c05f36a72b48&amp;ar=2025-06-28&amp;dp=2025-07-05&amp;ad=2\"><img src=\"https:\/\/adners.de\/files\/flyer_aktuell\/7f6Sommer.jpg\" alt=\"\" width=\"700\" height=\"272\" \/><\/a><\/p>\n<p>&nbsp;<\/p>\n<div>Wohnen und schlafen Sie in gem\u00fctlichen Doppelzimmern oder Appartements,<br \/>\nincl. Bad (Du+WC), Tel., <strong>Flat-TV<\/strong>.<br \/>\nNutzen Sie<strong> gratis W-LAN <\/strong>im gesamten Hotel.<br \/>\nBei Ankunft ein Obstkorb zur Begr\u00fc\u00dfung auf dem Zimmer und eine Flasche Mineralwasser.<\/div>\n<div>\n<p><strong><u>W\u00f6chentlich enthalten je nach L\u00e4nge Ihres Aufenthaltes<br \/>\na<\/u><\/strong><strong><u>ber auch in unseren Angeboten zum Schnuppern:<\/u><\/strong><\/p>\n<p><strong>Lassen Sie sich unterhalten<br \/>\n<\/strong>mit einem Live-Erzgebirgsabend, Tanzabend,<br \/>\ngef\u00fchrte Wanderung mit Picknick, Bowlingnachmittag etc\u2026<\/p>\n<p><strong>lassen Sie sich von uns kulinarisch verw\u00f6hnen mit Halbpension<br \/>\n<\/strong>bestehend aus\u00a0 <strong>gro\u00dfem Fr\u00fchst\u00fccksb\u00fcffet<\/strong> mit t\u00e4glichen\u00a0 Warmanteil, Kalten Platten,<br \/>\ns\u00fc\u00dfer Ecke,\u00a0 M\u00fcsli und Cerealien, Joghurt und\u00a0 frischem Obst.<br \/>\nNachmittags 1 x\u00a0 mit frischem\u00a0 hausgebackenen\u00a0 Kuchen und Torten,<br \/>\n<strong>Abendessen \u201e\u00e0 la carte\u201c\u00a0 aus unserer\u00a0 kompletten aktuellen Speisekarte<br \/>\n<\/strong><strong>mit der <u>Extra-Speisekarte <\/u><\/strong><strong>und t\u00e4glichem Salat - B\u00fcffet<br \/>\n<\/strong>(w\u00f6chtl. 1x warmes a la Carte B\u00fcffet\u00a0 +\u00a0 1x (Grillaben\/Rustikales B\u00fcffet).<\/p>\n<\/div>\n<div><\/div>\n<div><strong>Gratis Nutzung der Sauna <\/strong>(15-18Uhr)<strong>+ des Fitnessraumes.<\/strong><\/div>\n<div>Wellnessmassagen (gegen Entgelt).<\/div>\n<div>\n<p><strong>F\u00fcr die Kleinen wie die Gro\u00dfen<br \/>\n<\/strong>Spielzimmer mit Billard, Kicker und Air-hockey.<br \/>\nJede Menge Spiele und Kinderspielecke im Haus.<br \/>\nKinderspielplatz mit Sandkasten,Baumhaus, Rutsche, Schaukel, Trampolin, Tischtennisplatte \u00a0im\u00a0 Garten<strong>.<\/strong><\/p>\n<p><strong>F\u00fcr die junge Familie<\/strong><br \/>\ndas f\u00fcr Babys und Kleinkinder notwendige Zubeh\u00f6r \ud83d\ude42 haben wir hier im Haus,<br \/>\nvon Babyphon, Babyw\u00e4rmer, Wasserkocher \u00fcber Kinderbettchen und Wickelauflage.:-).<\/p>\n<p><strong>Entspannen Sie sich in unserer<\/strong><br \/>\nkleinen Leseecke mit kleinem Buchvorrat, Tageszeitungen, Journalen,<br \/>\nInternetrechner im Hotelrestaurant und freiem W-Lan in allen Bereichen des Hauses<\/p>\n<\/div>\n<p><span style=\"font-size: 20pt;\"><em><strong>Unsere Tipps f\u00fcr Ihren Urlaub:<\/strong><\/em><\/span><\/p>\n<p><a href=\"https:\/\/adners.de\/files\/flyer_aktuell\/01_Adners_Gasthof_und_Hotel_Breitenbrunn_im_Erzgebirge_Ausflugsziele_Sommer_mit_Links.pdf\" target=\"_blank\" rel=\"noopener noreferrer\"><img class=\"\" src=\"https:\/\/adners.de\/files\/flyer_aktuell\/01_Adners_Gasthof_und_Hotel_Breitenbrunn_im_Erzgebirge_Ausflugsziele_Sommer_mit_Links.jpg\" alt=\"\" width=\"418\" height=\"294\" \/><\/a><\/p>\n<p>&nbsp;<\/p>\n<p><a href=\"http:\/\/www.freizeitbad-greifensteine.de\/\" target=\"_blank\" rel=\"noopener noreferrer\">oder f\u00fcr Familien den Bad Eintritt Tag im Freizeitbad Geyer<\/a><br \/>\n<img class=\"alignnone wp-image-18004 size-medium\" src=\"https:\/\/adners.de\/wp-content\/uploads\/2017\/04\/bad-freizeitbad-greifensteine_01-300x169.jpg\" alt=\"\" width=\"300\" height=\"169\" \/><br \/>\n<em style=\"font-size: 7pt;\">(PDF \u00f6ffnet sich bei Klick auf das Bild)<\/em><\/p>\n<p><em><strong>\u00a0- der\u00a0Eintritt in die Freib\u00e4der in den Breitenbrunner Ortsteilen<br \/>\nRittersgr\u00fcn und Antonsthal ist f\u00fcr Sie gratis!<br \/>\nf\u00fcr mehr\u00a0Infos\u00a0 hier klicken==&gt;<a href=\"http:\/\/www.adners.de\/images\/stories\/Bilder_Sehenswrdigkieten\/Breitenbrunner_Freibder.pdf\" target=\"_blank\" rel=\"noopener noreferrer\">Breitenbrunner Freib\u00e4der<br \/>\n<\/a><\/strong><\/em><\/p>\n<p>&nbsp;<\/p>\n<p><em><strong>- jeden Mittwoch (Mai\u00a0 bis Oktober) f\u00e4hrt Sie unser Wander- und\u00a0Erlebnisbus<br \/>\n<\/strong><\/em><em>bis nach Oberwiesenthal und zur\u00fcck,\u00a0 Sie k\u00f6nnen damit auch eine Strecke\u00a0wandern o<\/em><em>der Sie steigen<br \/>\nin Rittersgr\u00fcn aus und gehen ins Freibad.....<\/em><\/p>\n<p><em><strong>- im Januar und Februar f\u00e4hrt Sie unserer Skibus bis nach Oberwiesenthal,<br \/>\n<\/strong><\/em><em>dort geht es dann von der Talstation wenn Sie wollen hinauf auf den Berg,<br \/>\noder Sie nutzen Ihn zum Einstieg in die Loipenwelt am Fichtelberg oder in Tellerh\u00e4ser!<\/em><\/p>\n<p><em><strong>- Folgen Sie uns mit dem Wanderapp Komoot oder schauen<br \/>\n<\/strong><\/em><em>\u00a0sie selbst auf==&gt; <strong><a href=\"https:\/\/www.komoot.com\/de-de\/user\/745413738665\" target=\"_blank\" rel=\"noopener noreferrer\">www.komoot.de<\/a><\/strong><\/em><\/p>\n<p><a href=\"https:\/\/www.komoot.com\/de-de\/user\/745413738665\"><img class=\"alignnone wp-image-18822\" src=\"https:\/\/adners.de\/wp-content\/uploads\/2018\/04\/Komoot-Logo-300x145.png\" alt=\"\" width=\"163\" height=\"79\" \/><\/a><\/p>\n<p><em><strong>- das Trailcenter Rabenberg umfasst Wege mit einer Gesamtl\u00e4nge von ca. 50 km.<br \/>\n<\/strong>Davon sind ca. 50% Singletrails, die im Wesentlichen naturbelassen sind.<br \/>\nDurch die Kombination von verschiedenen Teilstrecken in den unterschiedlichen<br \/>\nRunden entsteht eine Gesamtstreckenl\u00e4nge von 75 km.<br \/>\nZus\u00e4tzliche Technik-Elemente wie Anlieger, Wellen, Kicker,<br \/>\nNorth-Shores und nat\u00fcrliche Wurzelpassagen garantieren Abwechslung und Fahrspa\u00df,<br \/>\nvon der Familie bis zum Enduro-Biker.<br \/>\nf\u00fcr mehr Infos hier klicken==&gt;<strong><a href=\"https:\/\/www.facebook.com\/TrailcenterRabenberg\" target=\"_blank\" rel=\"noopener noreferrer\">Trailcenter Rabenberg<\/a><\/strong><\/em><\/p>\n<p><em><strong>-\u00a0der\u00a0neue Abenteuerpark860 auf dem Rabenberg in Beitenbrunn<br \/>\n<\/strong>f\u00fcr mehr Infos hier klicken==&gt;<strong><a href=\"https:\/\/www.facebook.com\/Abenteuerpark860Rabenberg\" target=\"_blank\" rel=\"noopener noreferrer\">Abenteuerpark360<\/a><\/strong><\/em><\/p>\n<div><strong>- STONEMAN MIRIQUIDI - 162 KM PURE MOUNTAIN BIKE EMOTION!<\/strong><\/div>\n<div>2 L\u00e4nder +++ 9 Gipfel +++ 4.100 H\u00f6henmeter<br \/>\nDer \"Stoneman Miriquidi\" wartet auf Euch mit traumhaften Ausblicken,<br \/>\nknackigen Auf- und Abfahrten, erzgebirgischer Gastfreundschaft,<br \/>\nk\u00fchlem, tschechischem Bier und Mountainbike-Emotionen pur!<br \/>\nf\u00fcr mehr Infos hier klicken==&gt;<em><strong><a href=\"https:\/\/www.facebook.com\/StonemanMiriquidi?fref=ts\" target=\"_blank\" rel=\"noopener noreferrer\">Stoneman Miriquidi<\/a><\/strong><\/em><\/div>\n<div>\n<p>&nbsp;<\/p>\n<\/div>\n<\/div><\/div><\/div><\/div><\/section>","protected":false},"excerpt":{"rendered":"<p>Sommerurlaub Sommerurlaub im Juli und August Genie\u00dfen Sie den Sommer incl. Eintritt in alle Freib\u00e4der in Breitenbrunn und eine Fahrt mit Shuttle-Bus nach Oberwiesenthal, die Kr\u00e4uterwanderung mit dem Kr\u00e4uterliesel und die G\u00e4stekarte Erzgebirge. Lassen Sie sich von uns kulinarisch besonders verw\u00f6hnen mit Halbpension \u201e\u00e0 la carte\u201c\u00a0 aus der kompletten aktuellen Speisekarte und aus der Extra-Sommerkarte [&hellip;]<\/p>\n","protected":false},"author":2,"featured_media":0,"parent":0,"menu_order":0,"comment_status":"closed","ping_status":"closed","template":"","meta":[],"_links":{"self":[{"href":"https:\/\/adners.de\/index.php?rest_route=\/wp\/v2\/pages\/18206"}],"collection":[{"href":"https:\/\/adners.de\/index.php?rest_route=\/wp\/v2\/pages"}],"about":[{"href":"https:\/\/adners.de\/index.php?rest_route=\/wp\/v2\/types\/page"}],"author":[{"embeddable":true,"href":"https:\/\/adners.de\/index.php?rest_route=\/wp\/v2\/users\/2"}],"replies":[{"embeddable":true,"href":"https:\/\/adners.de\/index.php?rest_route=%2Fwp%2Fv2%2Fcomments&post=18206"}],"version-history":[{"count":90,"href":"https:\/\/adners.de\/index.php?rest_route=\/wp\/v2\/pages\/18206\/revisions"}],"predecessor-version":[{"id":21319,"href":"https:\/\/adners.de\/index.php?rest_route=\/wp\/v2\/pages\/18206\/revisions\/21319"}],"wp:attachment":[{"href":"https:\/\/adners.de\/index.php?rest_route=%2Fwp%2Fv2%2Fmedia&parent=18206"}],"curies":[{"name":"wp","href":"https:\/\/api.w.org\/{rel}","templated":true}]}}