{"id":18210,"date":"2017-05-17T22:00:14","date_gmt":"2017-05-17T22:00:14","guid":{"rendered":"https:\/\/adners.de\/?page_id=18210"},"modified":"2026-04-17T20:39:20","modified_gmt":"2026-04-17T18:39:20","slug":"stollen-backen-im-november","status":"publish","type":"page","link":"https:\/\/adners.de\/?page_id=18210","title":{"rendered":"November"},"content":{"rendered":"<section><div class=\"container\"><div class=\"row\"><div class=\"wpb_column hcode-column-container  col-xs-mobile-fullwidth\" data-front-class=\"col-xs-mobile-fullwidth front-column-class\"><div class=\"vc-column-innner-wrapper\"><h2 class=\"section-title hcode-heading-1 sm-no-margin xs-no-margin black-text\">Stollen backen im November<\/h2><div class=\"blog-slider\"><div id=\"image-owl-slider\" class=\"owl-pagination-bottom owl-carousel owl-theme dot-pagination dark-pagination dark-navigation cursor-black\"><\/div><\/div>        \t<script type=\"text\/javascript\"> jQuery(document).ready(function () { jQuery(\"#image-owl-slider\").owlCarousel({\tnav: false,dots: false,autoPlay: false,autoplayHoverPause: false,autoplaySpeed: 700, loop: false, responsive:{0:{ items: 1 },700:{ items: 2},991:{ items: 3 },1200:{ items: 3 },},navText: [\"<i class='fas fa-angle-left'><\/i>\", \"<i class='fas fa-angle-right'><\/i>\"] }); }); <\/script>\n        \t<div>\n<p><img class=\"alignleft wp-image-18987 \" src=\"https:\/\/adners.de\/wp-content\/uploads\/2018\/09\/Stollen1_xxl_1200x-1-300x200.jpg\" alt=\"\" width=\"225\" height=\"150\" \/><\/p>\n<p><img class=\"alignleft wp-image-18986\" src=\"https:\/\/adners.de\/wp-content\/uploads\/2018\/09\/romantisch1_1200x-300x225.jpg\" alt=\"\" width=\"200\" height=\"150\" \/><\/p>\n<\/div>\n<p><img src=\"https:\/\/adners.de\/wp-content\/uploads\/2017\/02\/Massage3.jpg\" alt=\"\" width=\"200\" height=\"150\" \/><\/p>\n<p><span style=\"font-size: 14pt;\"><strong>Entspannen Sie sich im November<\/strong><\/span><br \/>\n<span style=\"font-size: 14pt;\"><strong>nicht nur beim Schaubacken und nehmen<\/strong><\/span><br \/>\n<span style=\"font-size: 14pt;\"><strong>1kg Erzgebirgsstollen mit nach Hause.<\/strong><\/span><\/p>\n<p>&nbsp;<\/p>\n<p><span style=\"font-size: 24pt;\"><strong>ab 5 N\u00e4chten zus\u00e4tzlich inclusive<br \/>\n1 kg Erzgebirgsstollen<br \/>\nund Schaubacken bei unserem Hausb\u00e4cker<\/strong><\/span><\/p>\n<p><a href=\"https:\/\/adners.de\/files\/flyer_aktuell\/12_Adners_Gasthof_und_Hotel_Breitenbrunn_im_Erzgebirge_November_Dezember_Januar_Februar_Angebote2024.pdf\" target=\"_blank\" rel=\"noopener noreferrer\"><span style=\"background-color: #ff9900;\">(PDF \u00f6ffnet sich hier oder bei Klick auf das Bild)<\/span><\/a><\/p>\n<p><a href=\"https:\/\/adners.de\/files\/flyer_aktuell\/Adners_Gasthof_und_Hotel_Breitenbrunn_im_Erzgebirge_Jahresangebot_Winterurlaub_Wellnesswoche_Fruelingswoche_Stollenbacken_Geniesserwoche_Pfingsten_Sommerurlaub_Goldener_Herbst_Adventsurlaub_Weihnachten.pdf\" target=\"_blank\" rel=\"noopener\"><img class=\"alignnone\" src=\"https:\/\/adners.de\/files\/flyer_aktuell\/Adners_Gasthof_und_Hotel_Breitenbrunn_im_Erzgebirge_Jahresangebot_Winterurlaub_Wellnesswoche_Fruelingswoche_Stollenbacken_Geniesserwoche_Pfingsten_Sommerurlaub_Goldener_Herbst_Adventsurlaub_Weihnachten.jpg\" width=\"1200\" height=\"471\" \/><\/a><\/p>\n<p><a href=\"https:\/\/www.online-res.com\/ressys\/php\/buchung.php?lang=de&amp;orv=12&amp;flagfromsystem=1&amp;hid=546&amp;apid=Adners#orstart\" target=\"_blank\" rel=\"noopener noreferrer\"><img class=\"alignnone\" src=\"https:\/\/adners.de\/files\/flyer_aktuell\/Online_Vefuegbarkeit_Adners_Gasthof_und_Hotel_im_Erzgebirge_pr\u00fcfen_web.jpg\" alt=\"\" width=\"400\" height=\"203\" \/><\/a><\/p>\n<div>\n<p>&nbsp;<\/p>\n<p><strong>Wohnen und schlafen Sie<\/strong><br \/>\nin gem\u00fctlichen Zimmern, incl. Bad\/Du und WC, Flat-TV, Tel., W-LAN<\/p>\n<p><strong>lassen Sie sich von uns kulinarisch verw\u00f6hnen mit Halbpension bestehend aus<\/strong><\/p>\n<p>tgl.x Fr\u00fchst\u00fccksb\u00fcffet abwechselnde Wurst und K\u00e4seplatten, verschiedenen Marmeladen,<br \/>\nHonig,Schokoaufstrich, M\u00fcsli und Cerealien, Joghurt, frisches Obst,<br \/>\nt\u00e4glicher warmanteil und 1x w\u00f6chentlich Frontcooking f\u00fcr frische Eierspeisen,<br \/>\n1x Kaffee und Kuchen, 7x Abendessen davon 4x Auswahl aus unserer kompletten aktuellen Speisekarte,<br \/>\n2x warmes Themenb\u00fcffet und 1x Rustikales B\u00fcffet (Grillabend)<br \/>\nt\u00e4glichem Salat - B\u00fcffet<br \/>\nund bei Ankunft ein Obstkorb zur Begr\u00fc\u00dfung auf dem Zimmer und eine Flasche Mineralwasser<\/p>\n<p><strong> lassen Sie sich unterhalten<\/strong><br \/>\nbei einem Begr\u00fc\u00dfungstrunk erhalten Sie Tipps f\u00fcr die Gestaltung Ihres Urlaubes.<br \/>\nGenie\u00dfen Sie den Erzgebirgsabend mit Live Musik,<br \/>\neinen Tanzabend,<br \/>\neinen Bowlingnachmittag,<br \/>\neine gef\u00fchrten Wanderung mit Picknick,<\/p>\n<p><strong>Entspannen Sie sich in unserer<\/strong><br \/>\nkleinen Leseecke mit kleinem Buchvorrat,<br \/>\nTageszeitungen, Journalen,<br \/>\nInternetrechner im Hotelrestaurant<br \/>\nfreiem W-Lan in allen Bereichen des Hauses<\/p>\n<p><strong>Fitness und Gesundheit<\/strong><br \/>\ngratis Nutzung der Sauna (14-22 Uhr) + des Fitnessraumes,<br \/>\nWellnessmassagen (gegen Entgelt)<\/p>\n<p><strong>F\u00fcr die Kleinen wie die Gro\u00dfen<\/strong><br \/>\njede Menge Brettspiele, Kartenspiele, Airhockey, Kicker und Billard,<br \/>\nund Kinderspielecke im Haus. Tischtennisplatte und Kinderspielplatz im Garten,<br \/>\ndort k\u00f6nnen die Kids im Sand spielen,<br \/>\nklettern, schaukeln oder rutschen und im kleinen Pool planschen. \u2026.<\/p>\n<p><strong>F\u00fcr die junge Familie<\/strong><br \/>\ndas f\u00fcr Babys und Kleinkinder notwendige Zubeh\u00f6r \ud83d\ude42 haben wir hier im Haus,<br \/>\nvon Babyphon, Babyw\u00e4rmer, Wasserkocher \u00fcber Kinderbettchen und Wickelauflage.:-).<\/p>\n<p><em><strong><span style=\"text-decoration: underline; font-size: 14pt;\">Unsere Tipps f\u00fcr Breitenbrunn und Umgebung:<\/span><br \/>\n<\/strong><\/em><em><strong><br \/>\n- jeden Mittwoch (Mai\u00a0 bis Oktober) f\u00e4hrt Sie unser Wander- und\u00a0Erlebnisbus<br \/>\n<\/strong><\/em><em>bis nach Oberwiesenthal und zur\u00fcck,\u00a0 Sie k\u00f6nnen damit auch eine Strecke\u00a0wandern o<\/em><em>der Sie steigen<br \/>\nin Rittersgr\u00fcn aus und gehen ins Freibad.....<\/em><\/p>\n<p><em><strong>- im Januar und Februar f\u00e4hrt Sie unserer Skibus bis nach Oberwiesenthal,<br \/>\n<\/strong><\/em><em>dort geht es dann von der Talstation wenn Sie wollen hinauf auf den Berg,<br \/>\noder Sie nutzen Ihn zum Einstieg in die Loipenwelt am Fichtelberg oder in Tellerh\u00e4ser!<\/em><\/p>\n<p><em><strong>- Folgen Sie uns mit dem Wanderapp Komoot oder schauen<br \/>\n<\/strong><\/em><em>\u00a0sie selbst auf==&gt; <strong><a href=\"https:\/\/www.komoot.com\/de-de\/user\/745413738665\" target=\"_blank\" rel=\"noopener noreferrer\">www.komoot.de<\/a><\/strong><\/em><\/p>\n<p><a href=\"https:\/\/www.komoot.com\/de-de\/user\/745413738665\"><img class=\"alignnone wp-image-18822\" src=\"https:\/\/adners.de\/wp-content\/uploads\/2018\/04\/Komoot-Logo-300x145.png\" alt=\"\" width=\"163\" height=\"79\" \/><\/a><\/p>\n<p>- der\u00a0Eintritt in die Freib\u00e4der in den Breitenbrunner Ortsteilen<br \/>\nRittersgr\u00fcn und Antonsthal ist f\u00fcr Sie gratis!<br \/>\nf\u00fcr mehr\u00a0Infos\u00a0 hier klicken==&gt;<strong><a href=\"http:\/\/www.adners.de\/images\/stories\/Bilder_Sehenswrdigkieten\/Breitenbrunner_Freibder.pdf\" target=\"_blank\" rel=\"noopener noreferrer\"><span style=\"background-color: #ffcc00;\">Breitenbrunner Freib\u00e4der<\/span><br \/>\n<\/a><br \/>\n<\/strong><em><strong>- das Trailcenter Rabenberg umfasst Wege mit einer Gesamtl\u00e4nge von ca. 50 km.<br \/>\n<\/strong>Davon sind ca. 50% Singletrails, die im Wesentlichen naturbelassen sind.<br \/>\nDurch die Kombination von verschiedenen Teilstrecken in den unterschiedlichen<br \/>\nRunden entsteht eine Gesamtstreckenl\u00e4nge von 75 km.<br \/>\nZus\u00e4tzliche Technik-Elemente wie Anlieger, Wellen, Kicker,<br \/>\nNorth-Shores und nat\u00fcrliche Wurzelpassagen garantieren Abwechslung und Fahrspa\u00df,<br \/>\nvon der Familie bis zum Enduro-Biker.<br \/>\nf\u00fcr mehr Infos hier klicken==&gt;<strong><a href=\"https:\/\/www.facebook.com\/TrailcenterRabenberg\" target=\"_blank\" rel=\"noopener noreferrer\"><span style=\"background-color: #ffcc00;\">Trailcenter Rabenberg<\/span><\/a><\/strong><\/em><\/p>\n<p><em><strong>-\u00a0der\u00a0neue Abenteuerpark860 auf dem Rabenberg in Beitenbrunn<br \/>\n<\/strong>f\u00fcr mehr Infos hier klicken==&gt;<strong><a href=\"https:\/\/www.facebook.com\/Abenteuerpark860Rabenberg\" target=\"_blank\" rel=\"noopener noreferrer\"><span style=\"background-color: #ffcc00;\">Abenteuerpark360<\/span><\/a><\/strong><\/em><\/p>\n<div><strong>- STONEMAN MIRIQUIDI - 162 KM PURE MOUNTAIN BIKE EMOTION!<\/strong><\/div>\n<div>2 L\u00e4nder +++ 9 Gipfel +++ 4.100 H\u00f6henmeter<br \/>\nDer \"Stoneman Miriquidi\" wartet auf Euch mit traumhaften Ausblicken,<br \/>\nknackigen Auf- und Abfahrten, erzgebirgischer Gastfreundschaft,<br \/>\nk\u00fchlem, tschechischem Bier und Mountainbike-Emotionen pur!<br \/>\nf\u00fcr mehr Infos hier klicken==&gt;<em><strong><a href=\"https:\/\/www.facebook.com\/StonemanMiriquidi?fref=ts\" target=\"_blank\" rel=\"noopener noreferrer\"><span style=\"background-color: #ffcc00;\">Stoneman Miriquidi<\/span><\/a><\/strong><\/em><\/div>\n<div><\/div>\n<div>\n<p>&nbsp;<\/p>\n<\/div>\n<\/div>\n<div><\/div>\n<\/div><\/div><\/div><\/div><\/section>","protected":false},"excerpt":{"rendered":"<p>Stollen backen im November Entspannen Sie sich im November nicht nur beim Schaubacken und nehmen 1kg Erzgebirgsstollen mit nach Hause. &nbsp; ab 5 N\u00e4chten zus\u00e4tzlich inclusive 1 kg Erzgebirgsstollen und Schaubacken bei unserem Hausb\u00e4cker (PDF \u00f6ffnet sich hier oder bei Klick auf das Bild) &nbsp; Wohnen und schlafen Sie in gem\u00fctlichen Zimmern, incl. Bad\/Du und [&hellip;]<\/p>\n","protected":false},"author":2,"featured_media":0,"parent":0,"menu_order":0,"comment_status":"closed","ping_status":"closed","template":"","meta":[],"_links":{"self":[{"href":"https:\/\/adners.de\/index.php?rest_route=\/wp\/v2\/pages\/18210"}],"collection":[{"href":"https:\/\/adners.de\/index.php?rest_route=\/wp\/v2\/pages"}],"about":[{"href":"https:\/\/adners.de\/index.php?rest_route=\/wp\/v2\/types\/page"}],"author":[{"embeddable":true,"href":"https:\/\/adners.de\/index.php?rest_route=\/wp\/v2\/users\/2"}],"replies":[{"embeddable":true,"href":"https:\/\/adners.de\/index.php?rest_route=%2Fwp%2Fv2%2Fcomments&post=18210"}],"version-history":[{"count":76,"href":"https:\/\/adners.de\/index.php?rest_route=\/wp\/v2\/pages\/18210\/revisions"}],"predecessor-version":[{"id":21318,"href":"https:\/\/adners.de\/index.php?rest_route=\/wp\/v2\/pages\/18210\/revisions\/21318"}],"wp:attachment":[{"href":"https:\/\/adners.de\/index.php?rest_route=%2Fwp%2Fv2%2Fmedia&parent=18210"}],"curies":[{"name":"wp","href":"https:\/\/api.w.org\/{rel}","templated":true}]}}