{"id":18212,"date":"2017-05-17T22:01:01","date_gmt":"2017-05-17T22:01:01","guid":{"rendered":"https:\/\/adners.de\/?page_id=18212"},"modified":"2026-04-17T20:35:39","modified_gmt":"2026-04-17T18:35:39","slug":"advent-im-dezember","status":"publish","type":"page","link":"https:\/\/adners.de\/?page_id=18212","title":{"rendered":"Adventswoche"},"content":{"rendered":"<section><div class=\"container\"><div class=\"row\"><div class=\"wpb_column hcode-column-container hcode-column-1 sm-no-margin xs-no-margin  col-xs-mobile-fullwidth\" data-front-class=\"hcode-column-1 sm-no-margin xs-no-margin col-xs-mobile-fullwidth front-column-class\"><div class=\"vc-column-innner-wrapper\"><h2 class=\"section-title hcode-heading-1 sm-no-margin xs-no-margin black-text\">Advent im Dezember<\/h2><div class=\"blog-slider\"><div id=\"image-owl-slider\" class=\"owl-pagination-bottom owl-carousel owl-theme dot-pagination dark-pagination dark-navigation cursor-black\"><\/div><\/div>        \t<script type=\"text\/javascript\"> jQuery(document).ready(function () { jQuery(\"#image-owl-slider\").owlCarousel({\tnav: false,dots: false,autoPlay: false,autoplayHoverPause: false,autoplaySpeed: 700, loop: false, responsive:{0:{ items: 1 },700:{ items: 2},991:{ items: 3 },1200:{ items: 3 },},navText: [\"<i class='fas fa-angle-left'><\/i>\", \"<i class='fas fa-angle-right'><\/i>\"] }); }); <\/script>\n        \t<p><span style=\"color: #008000;\"><strong><span style=\"font-size: 24pt;\">Adventswochen vom 1. bis 3. Advent<\/span><\/strong><\/span><\/p>\n<p><a href=\"https:\/\/adners.onlineres.de\/?os=1&amp;fe=1\"><img src=\"https:\/\/adners.de\/files\/flyer_aktuell\/Advent3.jpg\" alt=\"\" width=\"400\" height=\"300\" \/><img class=\"\" src=\"https:\/\/adners.de\/files\/flyer_aktuell\/Advent1.jpg\" alt=\"\" width=\"649\" height=\"300\" \/><\/a><\/p>\n<p><span style=\"color: #000000;\"><span style=\"color: #808080;\"><span style=\"color: #008000;\"><strong><span style=\"font-size: 16pt;\">Adventswoche 7 N\u00e4chte <\/span><\/strong><strong><span style=\"font-size: 16pt;\">vom 28.11. bis 05.12.2026<\/span><\/strong><\/span><\/span><br \/>\n<span style=\"color: #008000;\">(\u00fcber 1.Advent)<strong><br \/>\n<\/strong><strong>mit dem Besuch <\/strong><strong>des Weihnachtsmarktes in Annaberg<br \/>\n<\/strong><strong>und anschlie\u00dfender Lichterfahrt mit dem Bus.<\/strong><\/span><br \/>\n<\/span><\/p>\n<p><span style=\"color: #008000;\"><strong><span style=\"font-size: 16pt;\">Adventswoche 7 N\u00e4chte vom 05.12. bis 12.12.2026<\/span><\/strong><\/span><br \/>\n<span style=\"color: #008000;\">(\u00fcber 2.Advent)<strong><br \/>\n<\/strong><strong>mit dem Besuch des Schwarzenberger Weihnachtsmarktes<br \/>\nund anschlie\u00dfender Lichterfahrt mit dem Bus.<br \/>\n<\/strong><\/span><del><\/del><\/p>\n<p><span style=\"color: #000000;\"><span style=\"color: #008000;\"><strong><span style=\"font-size: 16pt;\"><span style=\"font-size: 12pt;\">Noch freie Zimmer f\u00fcr:<\/span><br \/>\nAdventswoche 7 N\u00e4chte vom 12.12. bis 19.12.2026<\/span><br \/>\n<\/strong>(\u00fcber 3.Advent)<\/span><strong><br \/>\n<span style=\"color: #008000;\">mit dem Besuch des Weihnachtsmarktes in Annaberg<\/span><br \/>\n<span style=\"color: #008000;\">und anschlie\u00dfender Lichterfahrt mit dem Bus.<\/span><br \/>\n<\/strong><\/span><\/p>\n<p><span style=\"font-size: 16pt; color: #008000;\"><strong>Lichterglanz im Advent<\/strong><\/span><\/p>\n<p><a href=\"https:\/\/adners.onlineres.de\/?os=1&amp;fe=1\"><img src=\"https:\/\/adners.de\/files\/flyer_aktuell\/Advent2.jpg\" alt=\"\" width=\"400\" height=\"300\" \/><img class=\"\" src=\"https:\/\/adners.de\/files\/flyer_aktuell\/Adners Gasthof Front Winter.jpg\" alt=\"\" width=\"521\" height=\"298\" \/><\/a><\/p>\n<p><span style=\"color: #008000;\">Erleben Sie die besondere Atmosph\u00e4re des Erzgebirges<\/span><br \/>\n<span style=\"color: #008000;\">w\u00e4hrend der Adventszeit bei einer Lichterfahrt mit uns<\/span><br \/>\n<span style=\"color: #008000;\">im Bus durch das Erzgebirge.<\/span><br \/>\n<span style=\"color: #008000;\">Aber auch selbst im PKW wenn Sie durch das abendliche<\/span><br \/>\n<span style=\"color: #008000;\">Erzgebirge fahren oder einen kleinen Abendspaziergang<\/span><br \/>\n<span style=\"color: #008000;\">durch Breitenbrunn machen:-).<\/span><\/p>\n<p><span style=\"color: #008000;\"><strong>Am ersten Abend<\/strong> werden wir Ihnen bei einem Glas Feuerzangenbowle<\/span><br \/>\n<span style=\"color: #008000;\">viel wissenswertes zur Umgebung, zur Geschichte des Hauses,<\/span><br \/>\n<span style=\"color: #008000;\">und zu den Weihnachtsm\u00e4rkten und Bergufz\u00fcgen erz\u00e4hlen.<\/span><\/p>\n<p><a href=\"https:\/\/adners.de\/files\/flyer_aktuell\/12_Adners_Gasthof_und_Hotel_Breitenbrunn_im_Erzgebirge_November_Dezember_Januar_Februar_Angebote2024.pdf\" target=\"_blank\" rel=\"noopener noreferrer\"><em><span style=\"background-color: #ffcc00;\">(PDF \u00f6ffnet sich hier oder bei Klick auf das Bild)<\/span><\/em><\/a><\/p>\n<p><a href=\"https:\/\/adners.de\/files\/flyer_aktuell\/Adners_Gasthof_und_Hotel_Breitenbrunn_im_Erzgebirge_Jahresangebot_Winterurlaub_Wellnesswoche_Fruelingswoche_Stollenbacken_Geniesserwoche_Pfingsten_Sommerurlaub_Goldener_Herbst_Adventsurlaub_Weihnachten.pdf\" target=\"_blank\" rel=\"noopener noreferrer\"><img class=\"alignnone\" src=\"https:\/\/adners.de\/files\/flyer_aktuell\/Adners_Gasthof_und_Hotel_Breitenbrunn_im_Erzgebirge_Jahresangebot_Winterurlaub_Wellnesswoche_Fruelingswoche_Stollenbacken_Geniesserwoche_Pfingsten_Sommerurlaub_Goldener_Herbst_Adventsurlaub_Weihnachten.jpg\" alt=\"\" width=\"750\" height=\"313\" \/><\/a><\/p>\n<p>&nbsp;<\/p>\n<div><\/div>\n<div><a href=\"https:\/\/adners.onlineres.de\/?cal\" target=\"_blank\" rel=\"noopener noreferrer\"><img src=\"https:\/\/adners.de\/files\/flyer_aktuell\/Online_Vefuegbarkeit_Adners_Gasthof_und_Hotel_im_Erzgebirge_pr\u00fcfen_web.jpg\" alt=\"\" width=\"400\" height=\"203\" \/><\/a><\/div>\n<div><\/div>\n<div><\/div>\n<div><\/div>\n<p>&nbsp;<\/p>\n<div>\n<p><span style=\"color: #008000;\"><strong>Wohnen und schlafen Sie<\/strong><\/span><br \/>\n<span style=\"color: #008000;\">in gem\u00fctlichen Zimmern, incl. Bad\/Du und WC, Flat-TV, Tel., W-LAN<\/span><\/p>\n<p><span style=\"color: #008000;\"><strong>lassen Sie sich von uns kulinarisch verw\u00f6hnen mit Halbpension bestehend aus<\/strong><\/span><\/p>\n<p><span style=\"color: #008000;\">tgl.x Fr\u00fchst\u00fccksb\u00fcffet abwechselnde Wurst und K\u00e4seplatten, verschiedenen Marmeladen,<\/span><br \/>\n<span style=\"color: #008000;\">Honig,Schokoaufstrich, M\u00fcsli und Cerealien, Joghurt, frisches Obst,<\/span><br \/>\n<span style=\"color: #008000;\">t\u00e4glicher warmanteil und 1x w\u00f6chentlich Frontcooking f\u00fcr frische Eierspeisen,<\/span><br \/>\n<span style=\"color: #008000;\">2x Kaffee und Kuchen, t\u00e4glich Abendessen davon mit Auswahl aus unserer kompletten aktuellen Speisekarte,<\/span><br \/>\n<span style=\"color: #008000;\">2x warmes Themenb\u00fcffet und 1x Rustikales B\u00fcffet (Grillabend)<\/span><br \/>\n<span style=\"color: #008000;\">t\u00e4glichem Salat - B\u00fcffet<\/span><br \/>\n<span style=\"color: #008000;\">und bei Ankunft ein Obstkorb zur Begr\u00fc\u00dfung auf dem Zimmer und eine Flasche Mineralwasser<\/span><\/p>\n<p><span style=\"color: #008000;\"><strong> lassen Sie sich unterhalten<\/strong><\/span><br \/>\n<span style=\"color: #008000;\">bei einem Begr\u00fc\u00dfungstrunk erhalten Sie Tipps f\u00fcr die Gestaltung Ihres Urlaubes.<\/span><br \/>\n<span style=\"color: #008000;\">Genie\u00dfen Sie den Erzgebirgsabend mit Live Musik,<\/span><br \/>\n<span style=\"color: #008000;\">einen Tanzabend,<\/span><br \/>\n<span style=\"color: #008000;\">einen Bowlingnachmittag,<\/span><br \/>\n<span style=\"color: #008000;\">eine gef\u00fchrten Wanderung mit Picknick,<\/span><br \/>\n<span style=\"color: #008000;\">und alle Aktionswochen bei einem Aufenthalt von 7 N\u00e4chten!<\/span><\/p>\n<div><\/div>\n<div><span style=\"color: #008000;\"><strong>Gratis Nutzung der Sauna <\/strong>(15-18Uhr)<strong>+ des Fitnessraumes.<\/strong><\/span><\/div>\n<div><span style=\"color: #008000;\">Wellnessmassagen (gegen Entgelt).<\/span><\/div>\n<div>\n<p><span style=\"color: #008000;\"><strong>F\u00fcr die Kleinen wie die Gro\u00dfen<br \/>\n<\/strong>Spielzimmer mit Billard, Kicker und Air-hockey.<\/span><br \/>\n<span style=\"color: #008000;\">Jede Menge Spiele und Kinderspielecke im Haus.<\/span><br \/>\n<span style=\"color: #008000;\">Kinderspielplatz mit Sandkasten,Baumhaus, Rutsche, Schaukel, Trampolin, Tischtennisplatte \u00a0im\u00a0 Garten<strong>.<\/strong><\/span><\/p>\n<p><span style=\"color: #008000;\"><strong>F\u00fcr die junge Familie<\/strong><\/span><br \/>\n<span style=\"color: #008000;\">das f\u00fcr Babys und Kleinkinder notwendige Zubeh\u00f6r \ud83d\ude42 haben wir hier im Haus,<\/span><br \/>\n<span style=\"color: #008000;\">von Babyphon, Babyw\u00e4rmer, Wasserkocher \u00fcber Kinderbettchen und Wickelauflage.:-).<\/span><\/p>\n<p><span style=\"color: #008000;\"><strong>Entspannen Sie sich in unserer<\/strong><\/span><br \/>\n<span style=\"color: #008000;\">kleinen Leseecke mit kleinem Buchvorrat, Tageszeitungen, Journalen,<\/span><br \/>\n<span style=\"color: #008000;\">Internetrechner im Hotelrestaurant und freiem W-Lan in allen Bereichen des Hauses<\/span><\/p>\n<\/div>\n<p><span style=\"color: #008000;\"><em><strong>Unsere Tipps f\u00fcr Ihren Urlaub:<\/strong><\/em><\/span><\/p>\n<p><a href=\"https:\/\/adners.de\/files\/flyer_aktuell\/01_Adners_Gasthof_und_Hotel_Breitenbrunn_im_Erzgebirge_Ausflugsziele_Sommer_mit_Links.pdf\" target=\"_blank\" rel=\"noopener noreferrer\"><img class=\"\" src=\"https:\/\/adners.de\/files\/flyer_aktuell\/01_Adners_Gasthof_und_Hotel_Breitenbrunn_im_Erzgebirge_Ausflugsziele_Sommer_mit_Links.jpg\" alt=\"\" width=\"418\" height=\"294\" \/><\/a><\/p>\n<\/div>\n<div>\n<p><em><strong><span style=\"text-decoration: underline;\">Unsere Tipps f\u00fcr Breitenbrunn und Umgebung:<\/span><\/strong><\/em><\/p>\n<p><em><strong>- Alle Termine von Weihnachtsm\u00e4rkten und Bergparaden im Erzgebirge<br \/>\n<\/strong><\/em><em>finden Sie hier\u00a0\u00a0\u00a0\u00a0 <span style=\"background-color: #ffcc00;\"><a style=\"background-color: #ffcc00;\" href=\"https:\/\/www.erzgebirge-tourismus.de\/weihnachtsmaerkte-und-bergparaden\/termine-der-bergparaden\/\" target=\"_blank\" rel=\"noopener noreferrer\">==&gt; Termine Bergparaden<\/a><\/span>\u00a0\u00a0\u00a0\u00a0\u00a0 <a href=\"https:\/\/www.erzgebirge-tourismus.de\/weihnachtsmaerkte-und-bergparaden\/weihnachtsmaerkte-im-erzgebirge\/\" target=\"_blank\" rel=\"noopener noreferrer\"><span style=\"background-color: #ffcc00;\">==&gt; \u00d6ffnungszeiten Weihnachtsm\u00e4rkte<\/span><\/a><\/em><em><strong><br \/>\n<\/strong><\/em><\/p>\n<p><em><strong>- jeden Mittwoch (Mai\u00a0 bis Oktober) f\u00e4hrt Sie unser Wander- und\u00a0Erlebnisbus<br \/>\n<\/strong><\/em><em>bis nach Oberwiesenthal und zur\u00fcck,\u00a0 Sie k\u00f6nnen damit auch eine Strecke\u00a0wandern o<\/em><em>der Sie steigen<br \/>\nin Rittersgr\u00fcn aus und gehen ins Freibad.....<\/em><\/p>\n<p><em><strong>- im Januar und Februar f\u00e4hrt Sie unserer Skibus bis nach Oberwiesenthal,<br \/>\n<\/strong><\/em><em>dort geht es dann von der Talstation wenn Sie wollen hinauf auf den Berg,<br \/>\noder Sie nutzen Ihn zum Einstieg in die Loipenwelt am Fichtelberg oder in Tellerh\u00e4ser!<\/em><\/p>\n<p><em><strong>- Folgen Sie uns mit dem Wanderapp Komoot oder schauen<br \/>\n<\/strong><\/em><em>\u00a0sie selbst auf==&gt; <strong><a href=\"https:\/\/www.komoot.com\/de-de\/user\/745413738665\" target=\"_blank\" rel=\"noopener noreferrer\"><span style=\"background-color: #ffcc00;\">www.komoot.de<\/span><\/a><\/strong><\/em><\/p>\n<p><a href=\"https:\/\/www.komoot.com\/de-de\/user\/745413738665\"><img class=\"alignnone wp-image-18822\" src=\"https:\/\/adners.de\/wp-content\/uploads\/2018\/04\/Komoot-Logo-300x145.png\" alt=\"\" width=\"163\" height=\"79\" \/><\/a><\/p>\n<p>- der\u00a0Eintritt in die Freib\u00e4der in den Breitenbrunner Ortsteilen<br \/>\nRittersgr\u00fcn und Antonsthal ist f\u00fcr Sie gratis!<br \/>\nf\u00fcr mehr\u00a0Infos\u00a0 hier klicken==&gt;<strong><a href=\"http:\/\/www.adners.de\/images\/stories\/Bilder_Sehenswrdigkieten\/Breitenbrunner_Freibder.pdf\" target=\"_blank\" rel=\"noopener noreferrer\"><span style=\"background-color: #ffcc00;\">Breitenbrunner Freib\u00e4der<\/span><br \/>\n<\/a><br \/>\n<\/strong><em><strong>- das Trailcenter Rabenberg umfasst Wege mit einer Gesamtl\u00e4nge von ca. 50 km.<br \/>\n<\/strong>Davon sind ca. 50% Singletrails, die im Wesentlichen naturbelassen sind.<br \/>\nDurch die Kombination von verschiedenen Teilstrecken in den unterschiedlichen<br \/>\nRunden entsteht eine Gesamtstreckenl\u00e4nge von 75 km.<br \/>\nZus\u00e4tzliche Technik-Elemente wie Anlieger, Wellen, Kicker,<br \/>\nNorth-Shores und nat\u00fcrliche Wurzelpassagen garantieren Abwechslung und Fahrspa\u00df,<br \/>\nvon der Familie bis zum Enduro-Biker.<br \/>\nf\u00fcr mehr Infos hier klicken==&gt;<strong><a href=\"https:\/\/www.facebook.com\/TrailcenterRabenberg\" target=\"_blank\" rel=\"noopener noreferrer\"><span style=\"background-color: #ffcc00;\">Trailcenter Rabenberg<\/span><\/a><\/strong><\/em><\/p>\n<p><em><strong>-\u00a0der\u00a0neue Abenteuerpark860 auf dem Rabenberg in Beitenbrunn<br \/>\n<\/strong>f\u00fcr mehr Infos hier klicken==&gt;<strong><a href=\"https:\/\/www.facebook.com\/Abenteuerpark860Rabenberg\" target=\"_blank\" rel=\"noopener noreferrer\"><span style=\"background-color: #ffcc00;\">Abenteuerpark360<\/span><\/a><\/strong><\/em><\/p>\n<div><strong>- STONEMAN MIRIQUIDI - 162 KM PURE MOUNTAIN BIKE EMOTION!<\/strong><\/div>\n<div>2 L\u00e4nder +++ 9 Gipfel +++ 4.100 H\u00f6henmeter<br \/>\nDer \"Stoneman Miriquidi\" wartet auf Euch mit traumhaften Ausblicken,<br \/>\nknackigen Auf- und Abfahrten, erzgebirgischer Gastfreundschaft,<br \/>\nk\u00fchlem, tschechischem Bier und Mountainbike-Emotionen pur!<br \/>\nf\u00fcr mehr Infos hier klicken==&gt;<em><strong><a href=\"https:\/\/www.facebook.com\/StonemanMiriquidi?fref=ts\" target=\"_blank\" rel=\"noopener noreferrer\"><span style=\"background-color: #ffcc00;\">Stoneman Miriquidi<\/span><\/a><\/strong><\/em><\/div>\n<div>\n<p>&nbsp;<\/p>\n<\/div>\n<\/div>\n<\/div><\/div><\/div><\/div><\/section>","protected":false},"excerpt":{"rendered":"<p>Advent im Dezember Adventswochen vom 1. bis 3. Advent Adventswoche 7 N\u00e4chte vom 28.11. bis 05.12.2026 (\u00fcber 1.Advent) mit dem Besuch des Weihnachtsmarktes in Annaberg und anschlie\u00dfender Lichterfahrt mit dem Bus. Adventswoche 7 N\u00e4chte vom 05.12. bis 12.12.2026 (\u00fcber 2.Advent) mit dem Besuch des Schwarzenberger Weihnachtsmarktes und anschlie\u00dfender Lichterfahrt mit dem Bus. Noch freie Zimmer [&hellip;]<\/p>\n","protected":false},"author":2,"featured_media":20802,"parent":0,"menu_order":0,"comment_status":"closed","ping_status":"closed","template":"","meta":[],"_links":{"self":[{"href":"https:\/\/adners.de\/index.php?rest_route=\/wp\/v2\/pages\/18212"}],"collection":[{"href":"https:\/\/adners.de\/index.php?rest_route=\/wp\/v2\/pages"}],"about":[{"href":"https:\/\/adners.de\/index.php?rest_route=\/wp\/v2\/types\/page"}],"author":[{"embeddable":true,"href":"https:\/\/adners.de\/index.php?rest_route=\/wp\/v2\/users\/2"}],"replies":[{"embeddable":true,"href":"https:\/\/adners.de\/index.php?rest_route=%2Fwp%2Fv2%2Fcomments&post=18212"}],"version-history":[{"count":96,"href":"https:\/\/adners.de\/index.php?rest_route=\/wp\/v2\/pages\/18212\/revisions"}],"predecessor-version":[{"id":21314,"href":"https:\/\/adners.de\/index.php?rest_route=\/wp\/v2\/pages\/18212\/revisions\/21314"}],"wp:featuredmedia":[{"embeddable":true,"href":"https:\/\/adners.de\/index.php?rest_route=\/wp\/v2\/media\/20802"}],"wp:attachment":[{"href":"https:\/\/adners.de\/index.php?rest_route=%2Fwp%2Fv2%2Fmedia&parent=18212"}],"curies":[{"name":"wp","href":"https:\/\/api.w.org\/{rel}","templated":true}]}}