{"id":18214,"date":"2017-05-17T22:01:48","date_gmt":"2017-05-17T22:01:48","guid":{"rendered":"https:\/\/adners.de\/?page_id=18214"},"modified":"2026-04-17T20:41:44","modified_gmt":"2026-04-17T18:41:44","slug":"weihnachten-und-silvester","status":"publish","type":"page","link":"https:\/\/adners.de\/?page_id=18214","title":{"rendered":"Weihnachten und Silvester"},"content":{"rendered":"<section><div class=\"container\"><div class=\"row\"><div class=\"wpb_column hcode-column-container  col-xs-mobile-fullwidth\" data-front-class=\"col-xs-mobile-fullwidth front-column-class\"><div class=\"vc-column-innner-wrapper\"><h2 class=\"section-title hcode-heading-1 sm-no-margin xs-no-margin black-text\">Weihnachten und Silvester<\/h2><div class=\"blog-slider\"><div id=\"image-owl-slider\" class=\"owl-pagination-bottom owl-carousel owl-theme dot-pagination dark-pagination dark-navigation cursor-black\"><\/div><\/div>        \t<script type=\"text\/javascript\"> jQuery(document).ready(function () { jQuery(\"#image-owl-slider\").owlCarousel({\tnav: false,dots: false,autoPlay: false,autoplayHoverPause: false,autoplaySpeed: 700, loop: false, responsive:{0:{ items: 1 },700:{ items: 2},991:{ items: 3 },1200:{ items: 3 },},navText: [\"<i class='fas fa-angle-left'><\/i>\", \"<i class='fas fa-angle-right'><\/i>\"] }); }); <\/script>\n        \t<p><span style=\"color: #008000;\"><strong><span style=\"font-size: 24pt;\">Weihnachten 2026<\/span><\/strong><\/span><\/p>\n<p><span style=\"color: #008000;\"><strong><span style=\"font-size: 14pt;\"><span style=\"text-decoration: underline;\">vom 20.12.2026 bis 26.12.2026<\/span><br \/>\n<\/span><\/strong><\/span><\/p>\n<p>&nbsp;<\/p>\n<p><span style=\"color: #008000; font-size: 26pt;\"><strong>Silvester 2026<\/strong><\/span><\/p>\n<p><span style=\"text-decoration: underline;\"><span style=\"color: #008000;\"><strong>vom 27.12.2026 bis 02.01.2027<\/strong><\/span><\/span><\/p>\n<p><span style=\"color: #008000;\"><strong><br \/>\nOnline Reservierung nicht m\u00f6glich,<br \/>\nbis dahin gerne Vorreservierung<br \/>\nauch telefonisch oder per Mail.<\/strong><\/span><\/p>\n<p><span style=\"color: #008000;\">Nutzen Sie unser Anfrage Formular:-)<\/span><\/p>\n<p><a href=\"https:\/\/adners.de\/?page_id=115#kontakt\"><img src=\"https:\/\/adners.de\/files\/flyer_aktuell\/Button Anfrageformular.jpg\" alt=\"\" width=\"200\" height=\"52\" \/><\/a><\/p>\n<p><span style=\"color: #008000;\"><strong>Erleben Sie Weihnachten wie es wirklich ist!<\/strong><\/span><\/p>\n<p><span style=\"color: #008000;\">Erleben Sie die besondere Atmosph\u00e4re des Erzgebirges<br \/>\nw\u00e4hrend der Weihnachtszeit bei einer Lichterfahrt mit uns<br \/>\nim Bus durch das Erzgebirge und dem Besuch des Annaberger Weihnachtsmarktes<\/span><\/p>\n<p><span style=\"color: #008000;\">Am Anreiseabend genie\u00dfen Sie unsere Feuerzangenbowle und wir<\/span><br \/>\n<span style=\"color: #008000;\">freuen uns auf ein festliches und Stimmungsvolles Weihnachtsfest mit Ihnen.<\/span><br \/>\n<span style=\"color: #008000;\">Wir suchen auf einer kleinen Wanderung Erzgebirge im verschneiten Winterwald gemeinsam den Weihnachtsbaum aus, und nehmen ihn dann mit ins Hotel (nicht tragen:-)).<\/span><br \/>\n<span style=\"color: #008000;\">Im Hotel wird der Baum dann am 24. geschm\u00fcckt und wir bereiten uns gemeinsam auf die sch\u00f6nsten Tage des Jahres vor.<br \/>\n<\/span><span style=\"color: #008000;\">Wir verraten Ihnen aber hier nicht alles lassen Sie sich auch ein bisschen \u00fcberraschen:-)<\/span><br \/>\n<span style=\"color: #008000;\">Nat\u00fcrlich kommt bei uns der Weihnachtsmann....<\/span><br \/>\n<span style=\"color: #008000;\">Sie sollten darauf vorbereitet sein.<\/span><\/p>\n<p><span style=\"color: #008000;\"><strong>Silvester zus\u00e4tzlich inclusive:<\/strong><\/span><br \/>\n<span style=\"color: #008000;\">Feuerzangenbowle,<br \/>\nSilvestermen\u00fc,<br \/>\nSilvesterveranstaltung mit<\/span><br \/>\n<span style=\"color: #008000;\">Feuerwerk und Neujahrswanderung,<\/span><\/p>\n<p><span style=\"color: #008000;\"><strong>Gerne Vor- Reservierung m\u00f6glich,<br \/>\nnur telefonisch oder per Mail.<\/strong><\/span><\/p>\n<p><span style=\"color: #008000;\"><strong>incl. der G\u00e4stekarte Breitenbrunn mit vielen Vorteilen f\u00fcr Sie<\/strong><\/span><br \/>\n<span style=\"color: #008000;\"><strong>und dem Skibus von und nach Oberwiesenthal.<\/strong><\/span><\/p>\n<p><span style=\"color: #008000;\"><a style=\"color: #008000;\" href=\"https:\/\/adners.de\/files\/flyer_aktuell\/12_Adners_Gasthof_und_Hotel_Breitenbrunn_im_Erzgebirge_November_Dezember_Januar_Februar_Angebote.pdf\" target=\"_blank\" rel=\"noopener noreferrer\"><span style=\"background-color: #ffcc00;\"><strong><em style=\"font-size: 7pt; background-color: #ffcc00;\">(PDF \u00f6ffnet sich bei Klick auf das Bild)<\/em><\/strong><\/span><\/a><\/span><\/p>\n<p><span style=\"color: #008000;\"><a style=\"color: #008000;\" href=\"https:\/\/adners.de\/files\/flyer_aktuell\/Adners_Gasthof_und_Hotel_Breitenbrunn_im_Erzgebirge_Jahresangebot_Winterurlaub_Wellnesswoche_Fruelingswoche_Stollenbacken_Geniesserwoche_Pfingsten_Sommerurlaub_Goldener_Herbst_Adventsurlaub_Weihnachten.pdf\" target=\"_blank\" rel=\"noopener noreferrer\"><img class=\"alignnone\" src=\"https:\/\/adners.de\/files\/flyer_aktuell\/Adners_Gasthof_und_Hotel_Breitenbrunn_im_Erzgebirge_Jahresangebot_Winterurlaub_Wellnesswoche_Fruelingswoche_Stollenbacken_Geniesserwoche_Pfingsten_Sommerurlaub_Goldener_Herbst_Adventsurlaub_Weihnachten.jpg\" width=\"900\" height=\"345\" \/><\/a><\/span><\/p>\n<p>&nbsp;<\/p>\n<p><span style=\"color: #008000;\"><strong>Wohnen und schlafen Sie<\/strong><\/span><br \/>\n<span style=\"color: #008000;\">in gem\u00fctlichen Zimmern, incl. Bad\/Du und WC, Flat-TV, Tel., W-LAN<\/span><\/p>\n<p><span style=\"color: #008000;\"><strong>lassen Sie sich von uns kulinarisch verw\u00f6hnen mit Halbpension bestehend aus<\/strong><\/span><\/p>\n<p><span style=\"color: #008000;\">tgl.x Fr\u00fchst\u00fccksb\u00fcffet abwechselnde Wurst und K\u00e4seplatten, verschiedenen Marmeladen,<\/span><br \/>\n<span style=\"color: #008000;\">Honig,Schokoaufstrich, M\u00fcsli und Cerealien, Joghurt, frisches Obst,<\/span><br \/>\n<span style=\"color: #008000;\">t\u00e4glicher warmanteil und 1x w\u00f6chentlich Frontcooking f\u00fcr frische Eierspeisen,<\/span><br \/>\n<span style=\"color: #008000;\">2x Kaffee und Kuchen, 7x Abendessen davon 4x Auswahl aus unserer kompletten aktuellen Speisekarte,<\/span><br \/>\n<span style=\"color: #008000;\">2x warmes Themenb\u00fcffet und 1x Rustikales B\u00fcffet (Grillabend)<\/span><br \/>\n<span style=\"color: #008000;\">t\u00e4glichem Salat - B\u00fcffet<\/span><br \/>\n<span style=\"color: #008000;\">und bei Ankunft ein Obstkorb zur Begr\u00fc\u00dfung auf dem Zimmer und eine Flasche Mineralwasser<\/span><\/p>\n<p><span style=\"color: #008000;\"><strong> lassen Sie sich unterhalten<\/strong><\/span><br \/>\n<span style=\"color: #008000;\">bei einem Begr\u00fc\u00dfungstrunk erhalten Sie Tipps f\u00fcr die Gestaltung Ihres Urlaubes.<\/span><br \/>\n<span style=\"color: #008000;\">Genie\u00dfen Sie den Erzgebirgsabend mit Live Musik,<\/span><br \/>\n<span style=\"color: #008000;\">einen Tanzabend,<\/span><br \/>\n<span style=\"color: #008000;\">einen Bowlingnachmittag,<\/span><br \/>\n<span style=\"color: #008000;\">eine gef\u00fchrten Wanderung mit Picknick,<\/span><br \/>\n<span style=\"color: #008000;\">und alle Aktionswochen bei einem Aufenthalt von 7 N\u00e4chten!<\/span><\/p>\n<p><span style=\"color: #008000;\"><strong>Entspannen Sie sich in unserer<\/strong><\/span><br \/>\n<span style=\"color: #008000;\">kleinen Leseecke mit kleinem Buchvorrat,<\/span><br \/>\n<span style=\"color: #008000;\">Tageszeitungen, Journalen,<\/span><br \/>\n<span style=\"color: #008000;\">Internetrechner im Hotelrestaurant<\/span><br \/>\n<span style=\"color: #008000;\">freiem W-Lan in allen Bereichen des Hauses<\/span><br \/>\n<span style=\"color: #008000;\"><strong>Fitness und Gesundheit<\/strong><\/span><br \/>\n<span style=\"color: #008000;\">gratis Nutzung der Sauna (15-18Uhr)+ des Fitnessraumes,<\/span><br \/>\n<span style=\"color: #008000;\">Wellnessmassagen (gegen Entgelt)<\/span><\/p>\n<p><span style=\"color: #008000;\"><strong>F\u00fcr die Kleinen wie die Gro\u00dfen<\/strong><\/span><br \/>\n<span style=\"color: #008000;\">jede Menge Brettspiele, Kartenspiele, Airhockey, Kicker und Billard,<\/span><br \/>\n<span style=\"color: #008000;\">und Kinderspielecke im Haus. Tischtennisplatte und Kinderspielplatz im Garten,<\/span><br \/>\n<span style=\"color: #008000;\">dort k\u00f6nnen die Kids im Sand spielen,<\/span><br \/>\n<span style=\"color: #008000;\">klettern, schaukeln oder rutschen und im kleinen Pool planschen. \u2026.<\/span><\/p>\n<p><span style=\"color: #008000;\"><strong>F\u00fcr die junge Familie<\/strong><\/span><br \/>\n<span style=\"color: #008000;\">das f\u00fcr Babys und Kleinkinder notwendige Zubeh\u00f6r \ud83d\ude42 haben wir hier im Haus,<\/span><br \/>\n<span style=\"color: #008000;\">von Babyphon, Babyw\u00e4rmer, Wasserkocher \u00fcber Kinderbettchen und Wickelauflage.:-).<\/span><\/p>\n<\/div><\/div><\/div><\/div><\/section>","protected":false},"excerpt":{"rendered":"<p>Weihnachten und Silvester Weihnachten 2026 vom 20.12.2026 bis 26.12.2026 &nbsp; Silvester 2026 vom 27.12.2026 bis 02.01.2027 Online Reservierung nicht m\u00f6glich, bis dahin gerne Vorreservierung auch telefonisch oder per Mail. Nutzen Sie unser Anfrage Formular:-) Erleben Sie Weihnachten wie es wirklich ist! Erleben Sie die besondere Atmosph\u00e4re des Erzgebirges w\u00e4hrend der Weihnachtszeit bei einer Lichterfahrt mit [&hellip;]<\/p>\n","protected":false},"author":2,"featured_media":0,"parent":0,"menu_order":0,"comment_status":"closed","ping_status":"closed","template":"","meta":[],"_links":{"self":[{"href":"https:\/\/adners.de\/index.php?rest_route=\/wp\/v2\/pages\/18214"}],"collection":[{"href":"https:\/\/adners.de\/index.php?rest_route=\/wp\/v2\/pages"}],"about":[{"href":"https:\/\/adners.de\/index.php?rest_route=\/wp\/v2\/types\/page"}],"author":[{"embeddable":true,"href":"https:\/\/adners.de\/index.php?rest_route=\/wp\/v2\/users\/2"}],"replies":[{"embeddable":true,"href":"https:\/\/adners.de\/index.php?rest_route=%2Fwp%2Fv2%2Fcomments&post=18214"}],"version-history":[{"count":48,"href":"https:\/\/adners.de\/index.php?rest_route=\/wp\/v2\/pages\/18214\/revisions"}],"predecessor-version":[{"id":21320,"href":"https:\/\/adners.de\/index.php?rest_route=\/wp\/v2\/pages\/18214\/revisions\/21320"}],"wp:attachment":[{"href":"https:\/\/adners.de\/index.php?rest_route=%2Fwp%2Fv2%2Fmedia&parent=18214"}],"curies":[{"name":"wp","href":"https:\/\/api.w.org\/{rel}","templated":true}]}}