{"id":18405,"date":"2017-06-23T21:50:01","date_gmt":"2017-06-23T21:50:01","guid":{"rendered":"https:\/\/adners.de\/?page_id=18405"},"modified":"2019-07-21T08:34:40","modified_gmt":"2019-07-21T06:34:40","slug":"ihre-gastgeber","status":"publish","type":"page","link":"https:\/\/adners.de\/?page_id=18405","title":{"rendered":"Ihre Gastgeber"},"content":{"rendered":"<section><div class=\"container\"><div class=\"row\"><div class=\"wpb_column hcode-column-container hcode-column-1 sm-no-margin xs-no-margin vc_col-sm-12 col-xs-mobile-fullwidth\" data-front-class=\"hcode-column-1 sm-no-margin xs-no-margin col-xs-mobile-fullwidth\"><div class=\"vc-column-innner-wrapper\"><h2 class=\"section-title hcode-heading-1 sm-no-margin xs-no-margin black-text\">Ihre Gastgeber<\/h2><div class=\"hcode-text-1 sm-no-margin xs-no-margin\"><p><strong>Ein herzliches \"Gl\u00fcck Auf\" in Adners Gasthof Ihr Wohlf\u00fchl Hotel im Erzgebirge,<\/strong><br \/>\n<strong>willkommen in Breitenbrunn im Erzgebirge!<\/strong><\/p>\n<p><strong>Es begr\u00fc\u00dft Sie auf das Herzlichste Familie Saupe<\/strong><\/p>\n<\/div><p><img class=\"alignleft wp-image-18348\" src=\"https:\/\/adners.de\/wp-content\/uploads\/2017\/02\/team_saupe-220x300.jpg\" alt=\"\" width=\"290\" height=\"395\" \/><\/p>\n<p>&nbsp;<\/p>\n<p>Wir freuen uns, Sie auf unserer Webseite begr\u00fc\u00dfen zu k\u00f6nnen. Wir wollen dem Gast das Erzgebirge nahebringen und den Urlaub zum Wohlf\u00fchlurlaub gestalten.<br \/>\nAus diesem Grund haben wir uns am Anfang ein kleines Programm ausgedacht - unser \"Wohlf\u00fchlprogramm\", welches von den G\u00e4sten sehr gut angenommen wird.<br \/>\nLassen Sie es sich mal wieder so richtig gutgehen und genie\u00dfen Sie Ihren Urlaub im Erzgebirge.<\/p>\n<p>Wir freuen uns auf Sie hier in Breitenbrunn.<br \/>\nIhre Wirtsleute<\/p>\n<\/div><\/div><\/div><\/div><\/section>","protected":false},"excerpt":{"rendered":"<p>Ihre GastgeberEin herzliches &#8220;Gl\u00fcck Auf&#8221; in Adners Gasthof Ihr Wohlf\u00fchl Hotel im Erzgebirge, willkommen in Breitenbrunn im Erzgebirge! Es begr\u00fc\u00dft Sie auf das Herzlichste Familie Saupe &nbsp; Wir freuen uns, Sie auf unserer Webseite begr\u00fc\u00dfen zu k\u00f6nnen. Wir wollen dem Gast das Erzgebirge nahebringen und den Urlaub zum Wohlf\u00fchlurlaub gestalten. Aus diesem Grund haben wir [&hellip;]<\/p>\n","protected":false},"author":3,"featured_media":0,"parent":0,"menu_order":0,"comment_status":"closed","ping_status":"closed","template":"","meta":[],"_links":{"self":[{"href":"https:\/\/adners.de\/index.php?rest_route=\/wp\/v2\/pages\/18405"}],"collection":[{"href":"https:\/\/adners.de\/index.php?rest_route=\/wp\/v2\/pages"}],"about":[{"href":"https:\/\/adners.de\/index.php?rest_route=\/wp\/v2\/types\/page"}],"author":[{"embeddable":true,"href":"https:\/\/adners.de\/index.php?rest_route=\/wp\/v2\/users\/3"}],"replies":[{"embeddable":true,"href":"https:\/\/adners.de\/index.php?rest_route=%2Fwp%2Fv2%2Fcomments&post=18405"}],"version-history":[{"count":15,"href":"https:\/\/adners.de\/index.php?rest_route=\/wp\/v2\/pages\/18405\/revisions"}],"predecessor-version":[{"id":19668,"href":"https:\/\/adners.de\/index.php?rest_route=\/wp\/v2\/pages\/18405\/revisions\/19668"}],"wp:attachment":[{"href":"https:\/\/adners.de\/index.php?rest_route=%2Fwp%2Fv2%2Fmedia&parent=18405"}],"curies":[{"name":"wp","href":"https:\/\/api.w.org\/{rel}","templated":true}]}}