{"id":18900,"date":"2018-07-28T19:38:29","date_gmt":"2018-07-28T19:38:29","guid":{"rendered":"https:\/\/adners.de\/?page_id=18900"},"modified":"2026-05-02T09:37:48","modified_gmt":"2026-05-02T07:37:48","slug":"schnupper-arrangements","status":"publish","type":"page","link":"https:\/\/adners.de\/?page_id=18900","title":{"rendered":"Schnupper Arrangements"},"content":{"rendered":"<section><div class=\"container\"><div class=\"row\"><div class=\"wpb_column hcode-column-container  col-xs-mobile-fullwidth\" data-front-class=\"col-xs-mobile-fullwidth front-column-class\"><div class=\"vc-column-innner-wrapper\"><h2 class=\"section-title hcode-heading-1 sm-no-margin xs-no-margin\" style=\" color:#3a892a; \">Schnupper Arrangements<\/h2><div class=\"blog-slider\"><div id=\"image-owl-slider\" class=\"owl-pagination-bottom owl-carousel owl-theme dot-pagination dark-pagination dark-navigation cursor-black\"><\/div><\/div>        \t<script type=\"text\/javascript\"> jQuery(document).ready(function () { jQuery(\"#image-owl-slider\").owlCarousel({\tnav: false,dots: false,autoPlay: false,autoplayHoverPause: false,autoplaySpeed: 700, loop: false, responsive:{0:{ items: 1 },700:{ items: 2},991:{ items: 3 },1200:{ items: 3 },},navText: [\"<i class='fas fa-angle-left'><\/i>\", \"<i class='fas fa-angle-right'><\/i>\"] }); }); <\/script>\n        \t<div><span style=\"font-size: 22pt; color: #008000;\"><strong>3 oder 4 Schnuppern\u00e4chte<\/strong><\/span><\/div>\n<div><strong><span style=\"color: #008000;\">inclusive Halbpension und Arrangement<\/span><\/strong><br \/>\n<strong><span style=\"color: #008000;\">und mit Wellnesspaket Relax oder XXL<\/span><\/strong><\/div>\n<div>\n<p><strong><span style=\"color: #008000; font-size: 22pt;\">im Mai und Juni!<\/span><\/strong><br \/>\n<span style=\"color: #008000;\">(gilt nicht \u00fcber Ostern)<\/span><\/p>\n<p><strong><span style=\"color: #008000; font-size: 18pt;\">Lastminute und Genie\u00dfer Specials<br \/>\n<b>auch inclusive Wellness<\/b><\/span><\/strong><br \/>\n<strong><span style=\"color: #008000; font-size: 18pt;\">und 1 Gratis Urlaubstag f\u00fcr Sie!<\/span><\/strong><br \/>\n<span style=\"font-size: 14pt;\"><strong><span style=\"color: #008000;\">7 N\u00e4chte zum Preis von 6 buchbar!<\/span><\/strong><\/span><br \/>\n<span style=\"font-size: 14pt;\"><strong><span style=\"color: #008000;\">6 N\u00e4chte zum Preis von 5 buchbar!<\/span><\/strong><\/span><br \/>\n<span style=\"font-size: 14pt;\"><strong><span style=\"color: #008000;\">4 N\u00e4chte zum Preis von 3 buchbar!<\/span><\/strong><\/span><\/p>\n<p><a href=\"https:\/\/adners.de\/files\/flyer_aktuell\/Adners_Gasthof_und_Hotel_im_Erzgebirge_Wellnessangebote_Mai_und_Juni_Lastminute_Angebote_2026.pdf\"><img class=\"\" src=\"https:\/\/adners.de\/files\/flyer_aktuell\/Adners_Gasthof_und_Hotel_im_Erzgebirge_Wellnessangebote_Mai_und_Juni_Lastminute_4_N\u00e4chte_zum_Preis_von_3_N\u00e4chten_Angebote_2026.jpg\" width=\"900\" height=\"722\" \/><\/a><\/p>\n<p><a href=\"https:\/\/adners.de\/files\/flyer_aktuell\/Adners_Gasthof_und_Hotel_im_Erzgebirge_Wellnessangebote_Mai_und_Juni_Lastminute_Angebote_2026.pdf\"><img class=\"\" src=\"https:\/\/adners.de\/files\/flyer_aktuell\/Adners_Gasthof_und_Hotel_im_Erzgebirge_Wellnessangebote_Mai_und_Juni_Geniesserspecial_6_N\u00e4chte_zum_Preis_von_5_N\u00e4chten_Angebote_2026.jpg\" width=\"900\" height=\"646\" \/><\/a><\/p>\n<\/div>\n<p><strong>Ihr Wunschtermin noch Frei?<br \/>\n<\/strong>Ab sofort erhalten sie 10\u20ac Rabatt auf jede neue Onlinebuchung,<br \/>\nder Betrag wird Ihnen bereits w\u00e4hrend des Buchungsvorganges abgezogen:-).<strong><br \/>\n<\/strong><\/p>\n<p><strong>So funktioniert Ihre Online-Buchung:<\/strong><br \/>\nEin Klick auf das Kalenderbild voreingestellt auf <strong>2 Erwachsene<br \/>\n(Personenzahl gegebenenfalls anpassen) <\/strong><br \/>\nDanach \u00f6ffnet sich der Kalender und zeigt Ihnen im Moment freie Zimmer<br \/>\n<strong>ab dem heutigen Datum, mit 2 Erwachsenen<\/strong>.<br \/>\n<strong> Sie m\u00f6chten Ihre Reisedaten eingeben?<\/strong><br \/>\n\u00dcber das Feld \"Anreise\" und \"Abreise\"passen Sie ganz einfach Ihr Reisedatum an \u2013<br \/>\nKlicken Sie im Kalender auf Ihren gew\u00fcnschten Anreise- und Abreisetag.<br \/>\n<a href=\"https:\/\/adners.onlineres.de\/?cal\" target=\"_blank\" rel=\"noopener noreferrer\"><img class=\"alignnone\" src=\"https:\/\/adners.de\/files\/flyer_aktuell\/Online_Vefuegbarkeit_Adners_Gasthof_und_Hotel_im_Erzgebirge_pr\u00fcfen_web.jpg\" alt=\"\" width=\"400\" height=\"203\" \/><\/a><\/p>\n<p>\u2139\ufe0f <strong>Gut zu wissen:<\/strong><br \/>\nRot markierte Tage mit \u201enur Abreise\u201c: An diesen Tagen ist keine Anreise m\u00f6glich.<br \/>\n<strong>Bitte w\u00e4hlen Sie einen fr\u00fcheren Anreisetag der nicht rot markiert ist.<\/strong><br \/>\nDer Mindestaufenthalt betr\u00e4gt 3 N\u00e4chte,<br \/>\nf\u00fcr weniger N\u00e4chte nutzen Sie bitte unser Anfrageformular.<\/p>\n<p><strong> Ihr Wunschdatum nicht buchbar?<\/strong><br \/>\nNicht alle verf\u00fcgbaren Termine sind im Kalender sichtbar.<br \/>\n<strong>Kontaktieren Sie uns gern an \u2013 wir helfen Ihnen pers\u00f6nlich weiter:<\/strong><br \/>\n<strong>037756 1655 oder kostenfrei f\u00fcr Sie\u00a0 08000 236377<\/strong><\/p>\n<p><strong>Oder nutzen Sie unser Anfrageformular: hier klicken==&gt;<\/strong>\u00a0<a href=\"https:\/\/adners.de\/?page_id=115\">ANFRAGE<\/a><br \/>\noder per\u00a0 E-Mail an info@adners.de wenden.<br \/>\nWir werden uns so schnell als m\u00f6glich zur\u00fcckmelden.<\/p>\n<p>Preis\u00fcbersicht<\/p>\n<div>\n<p><a href=\"https:\/\/adners.de\/files\/flyer_aktuell\/Adners_Gasthof_und_Hotel_Breitenbrunn_im_Erzgebirge_Jahresangebot_Winterurlaub_Wellnesswoche_Fruelingswoche_Stollenbacken_Geniesserwoche_Pfingsten_Sommerurlaub_Goldener_Herbst_Adventsurlaub_Weihnachten.jpg\"><img src=\"https:\/\/adners.de\/files\/flyer_aktuell\/Adners_Gasthof_und_Hotel_Breitenbrunn_im_Erzgebirge_Jahresangebot_Winterurlaub_Wellnesswoche_Fruelingswoche_Stollenbacken_Geniesserwoche_Pfingsten_Sommerurlaub_Goldener_Herbst_Adventsurlaub_Weihnachten.jpg\" alt=\"\" width=\"900\" height=\"345\" \/><\/a><\/p>\n<\/div>\n<div><\/div>\n<div>\n<div>\n<div><strong><br \/>\nWohnen und schlafen Sie<\/strong><\/div>\n<\/div>\n<\/div>\n<p>in gem\u00fctlichen Zimmern, incl. Bad\/Du und WC, Flat-TV, Tel., W-LAN<\/p>\n<p><strong>lassen Sie sich von uns kulinarisch verw\u00f6hnen mit<\/strong><br \/>\n<strong>Halbpension bestehend aus<\/strong><\/p>\n<div>tgl.x Fr\u00fchst\u00fccksb\u00fcffet abwechselnde Wurst und K\u00e4seplatten, verschiedenen Marmeladen,<br \/>\nHonig,Schokoaufstrich, M\u00fcsli und Cerealien, Joghurt, frisches Obst,<br \/>\nt\u00e4glicher warmanteil und 1x w\u00f6chentlich Frontcooking f\u00fcr frische Eierspeisen,<\/div>\n<div>1x Kaffee und Kuchen,<\/div>\n<div>tgl.x Abendessen davon<br \/>\nmit Auswahl aus unserer\u00a0 kompletten aktuellen Speisekarte,<br \/>\n1x warmes Themenb\u00fcffet und 1x Rustikales B\u00fcffet (Grillabend) pro Kalenderwoche<br \/>\nt\u00e4glichem Salat - B\u00fcffet<br \/>\nund bei Ankunft ein Obstkorb zur Begr\u00fc\u00dfung auf dem Zimmer<br \/>\nund eine Flasche Mineralwasser,<\/div>\n<p><strong>lassen Sie sich unterhalten\u00a0<\/strong><br \/>\nGenie\u00dfen Sie den Erzgebirgsabend oder den\u00a0Tanzabend,<br \/>\neinen Bowlingnachmittag oder\u00a0eine gef\u00fchrte Wanderung mit Picknick,<\/p>\n<p><strong>Entspannen Sie sich in unserer<\/strong><br \/>\nkleinen Leseecke mit kleinem Buchvorrat,<br \/>\nTageszeitungen, Journalen,<br \/>\nInternetrechner im Hotelrestaurant<br \/>\nfreiem W-Lan in allen Bereichen des Hauses<\/p>\n<p><strong>Fitness und Gesundheit\u00a0<\/strong><br \/>\ngratis Nutzung der Sauna + des Fitnessraumes,<br \/>\nWellnessmassagen (gegen Entgelt)<\/p>\n<p><strong>F\u00fcr die Kleinen wie die Gro\u00dfen\u00a0<\/strong><br \/>\njede Menge Brettspiele, Kartenspiele, Airhockey, Kicker und Billard,<br \/>\nund Kinderspielecke im Haus. Tischtennisplatte und Kinderspielplatz im Garten,<br \/>\ndort k\u00f6nnen die Kids im Sand spielen,<br \/>\nklettern, schaukeln oder rutschen und im kleinen Pool planschen. \u2026.<\/p>\n<p><strong>F\u00fcr die junge Familie\u00a0<\/strong><br \/>\ndas f\u00fcr Babys und Kleinkinder notwendige Zubeh\u00f6r \ud83d\ude42 haben wir hier im Haus,<br \/>\nvon Babyphon, Babyw\u00e4rmer, Wasserkocher \u00fcber Kinderbettchen und Wickelauflage.<\/p>\n<p>Unsere Kindererm\u00e4\u00dfigungen in den Arrangements:<br \/>\nKinder sind immer gratis bei 2 Vollzahlern im<br \/>\nDoppelzimmer und von 12-14 Jahren erhalten Sie 50% Rabatt<\/p>\n<div>\n<p><span style=\"font-size: 20pt;\"><strong>Jetzt Neu:<\/strong><\/span><br \/>\n<span style=\"font-size: 14pt;\"><strong>Buchen Sie eines unserer Zusatzpakete hinzu, Sie sparen bis zu 30\u20ac.<\/strong><\/span><\/p>\n<p>Klicken Sie auf das Bild. Es \u00f6ffnet sich eine PDF.<br \/>\nF\u00fcr mehr Infos fahren Sie mit der Maus \u00fcber die Bilder in der PDF und klicken Sie auf die Pakete welche sie interessieren.<br \/>\nGegebenenfalls m\u00fcssen Sie je nach Browser die \"Strg\" Taste vor dem Klicken dr\u00fccken.<br \/>\nDann \u00f6ffnet sich die jeweilige Website des Ausflugsziels und Sie k\u00f6nnen sich direkt informieren:-).<\/p>\n<p><a href=\"https:\/\/adners.de\/files\/flyer_aktuell\/Adners_Gasthof_und_Hotel_Urlaub_im_Erzgebirge_Eure_Gemeinsamzeit_mit_Abenteuer_Spa\u00df_und_Entspannung.pdf\"><img class=\"\" src=\"https:\/\/adners.de\/files\/flyer_aktuell\/Ihr Platz zum Wohlf\u00fchlen in Adners Gasthof und Hotel Urlaub im Erzgebirge Eure Gemeinsamzeit mit Abenteuer Spa\u00df und Entspannung.jpg\" width=\"1071\" height=\"803\" \/><\/a><\/p>\n<\/div>\n<div><strong><a href=\"https:\/\/adners.de\/files\/flyer_aktuell\/Wellnessflyer Adners Gasthof und Hotel im Erzgebirge Massagen und Sauna und Wellness Genussmomente.pdf\"><img class=\"alignnone\" src=\"https:\/\/adners.de\/files\/flyer_aktuell\/Adners Gasthof und Hotel Wellness und Romantik Massagen und Genussmomente.jpg\" width=\"1000\" height=\"750\" \/><\/a><\/strong><\/div>\n<p><span style=\"font-size: 20pt;\"><strong>Hier geht es direkt zu<\/strong><\/span><\/p>\n<p><span style=\"font-size: 14pt;\"><strong>Flyer Wurzelrudis Erlebniswelt\u00a0 \u00a0 \u00a0 \u00a0 \u00a0 \u00a0 \u00a0 \u00a0 \u00a0 \u00a0 \u00a0 Fichtelbergbahn\u00a0 \u00a0 \u00a0 \u00a0 \u00a0 \u00a0 \u00a0 \u00a0 \u00a0 \u00a0 \u00a0 \u00a0 \u00a0Freizeitbad Greifensteine<\/strong><\/span><\/p>\n<p><a href=\"https:\/\/adners.de\/files\/flyer_aktuell\/Wurzelrudi_Folder_Eibenstock.pdf\"><img class=\"\" src=\"https:\/\/adners.de\/files\/flyer_aktuell\/wurzelrudi-sommerplan.jpg\" width=\"320\" height=\"450\" \/><\/a><a href=\"https:\/\/www.fichtelbergbahn.de\/\"><img src=\"https:\/\/adners.de\/files\/flyer_aktuell\/Fichtelbergbahn.jpg\" alt=\"\" width=\"320\" height=\"450\" \/><\/a><a href=\"https:\/\/www.freizeitbad-greifensteine.de\/erlebnisbad\/\"><img src=\"https:\/\/adners.de\/files\/flyer_aktuell\/Geyer.jpg\" alt=\"\" width=\"320\" height=\"450\" \/><\/a><\/p>\n<p><span style=\"font-size: 14pt;\"><strong>Hier geht es direkt zu<br \/>\nWandervorschl\u00e4gen auf Komoot\u00a0 \u00a0 \u00a0 \u00a0 \u00a0 \u00a0 \u00a0 Modellbahnland Sch\u00f6nfeld\u00a0 \u00a0 \u00a0 \u00a0 \u00a0 \u00a0Wurzelrudis Erlebniswelt<\/strong><\/span><\/p>\n<p><a href=\"https:\/\/www.komoot.com\/de-de\/user\/745413738665\"><img src=\"https:\/\/adners.de\/files\/flyer_aktuell\/Wandervorschl\u00e4g_auf_Komoot.jpg\" alt=\"\" width=\"320\" height=\"450\" \/><\/a><a href=\"https:\/\/www.annaberger-backwaren.de\/uebersicht.cfm?st=modellbahnland\"><img src=\"https:\/\/adners.de\/files\/flyer_aktuell\/Modellbahnland Sch\u00f6nfeld.jpg\" width=\"320\" height=\"450\" \/><\/a><a href=\"https:\/\/sommer.skiarena-eibenstock.de\/\"><img src=\"https:\/\/adners.de\/files\/flyer_aktuell\/Wurzelrudi_ Eibenstock.jpg\" width=\"320\" height=\"450\" \/><\/a><\/p>\n<p>Im Appartement (dieses besteht aus zwei zusammenh\u00e4ngenden<br \/>\nZimmern) erhalten bei Belegung zum Beispiel mit 2 Kindern<br \/>\nbis 14 Jahren beide Kids 50% Rabatt<\/p>\n<\/div><\/div><\/div><\/div><\/section>","protected":false},"excerpt":{"rendered":"<p>Schnupper Arrangements 3 oder 4 Schnuppern\u00e4chte inclusive Halbpension und Arrangement und mit Wellnesspaket Relax oder XXL im Mai und Juni! (gilt nicht \u00fcber Ostern) Lastminute und Genie\u00dfer Specials auch inclusive Wellness und 1 Gratis Urlaubstag f\u00fcr Sie! 7 N\u00e4chte zum Preis von 6 buchbar! 6 N\u00e4chte zum Preis von 5 buchbar! 4 N\u00e4chte zum Preis [&hellip;]<\/p>\n","protected":false},"author":3,"featured_media":21275,"parent":0,"menu_order":0,"comment_status":"closed","ping_status":"closed","template":"","meta":[],"_links":{"self":[{"href":"https:\/\/adners.de\/index.php?rest_route=\/wp\/v2\/pages\/18900"}],"collection":[{"href":"https:\/\/adners.de\/index.php?rest_route=\/wp\/v2\/pages"}],"about":[{"href":"https:\/\/adners.de\/index.php?rest_route=\/wp\/v2\/types\/page"}],"author":[{"embeddable":true,"href":"https:\/\/adners.de\/index.php?rest_route=\/wp\/v2\/users\/3"}],"replies":[{"embeddable":true,"href":"https:\/\/adners.de\/index.php?rest_route=%2Fwp%2Fv2%2Fcomments&post=18900"}],"version-history":[{"count":30,"href":"https:\/\/adners.de\/index.php?rest_route=\/wp\/v2\/pages\/18900\/revisions"}],"predecessor-version":[{"id":21350,"href":"https:\/\/adners.de\/index.php?rest_route=\/wp\/v2\/pages\/18900\/revisions\/21350"}],"wp:featuredmedia":[{"embeddable":true,"href":"https:\/\/adners.de\/index.php?rest_route=\/wp\/v2\/media\/21275"}],"wp:attachment":[{"href":"https:\/\/adners.de\/index.php?rest_route=%2Fwp%2Fv2%2Fmedia&parent=18900"}],"curies":[{"name":"wp","href":"https:\/\/api.w.org\/{rel}","templated":true}]}}